{"id":8451,"date":"2026-04-15T18:55:52","date_gmt":"2026-04-15T18:55:52","guid":{"rendered":"https:\/\/educaredigital.online\/loja\/produto\/colecao-alfabetizar-girafa\/"},"modified":"2026-04-24T20:29:56","modified_gmt":"2026-04-24T20:29:56","slug":"colecao-alfabetizar-girafa","status":"publish","type":"product","link":"https:\/\/educaredigital.online\/loja\/produto\/colecao-alfabetizar-girafa\/","title":{"rendered":"Cole\u00e7\u00e3o Alfabetizar &#8211; GIRAFA"},"content":{"rendered":"<p class=\"ds-markdown-paragraph\">Cole\u00e7\u00e3o Alfabetizar &#8211; Girafa \u00e9 um quebra-cabe\u00e7a de madeira que une o aprendizado do alfabeto \u00e0 divers\u00e3o de montar a figura de uma girafa. Composto por um tabuleiro e 26 pe\u00e7as, cada uma representando uma letra do alfabeto em formato de encaixe \u00fanico, o desafio da crian\u00e7a \u00e9 organizar as pe\u00e7as na ordem correta para formar a imagem do animal . As pe\u00e7as s\u00e3o produzidas em madeira com pintura at\u00f3xica e possuem cores vibrantes, sendo especialmente desenvolvidas para serem manuseadas por m\u00e3os pequenas com seguran\u00e7a e autonomia .<\/p>\n<p class=\"ds-markdown-paragraph\">Excelente ferramenta pedag\u00f3gica para os primeiros passos na alfabetiza\u00e7\u00e3o . Ao encaixar as letras em sequ\u00eancia no tabuleiro, a crian\u00e7a trabalha o reconhecimento e a ordem do alfabeto, a coordena\u00e7\u00e3o motora fina, a percep\u00e7\u00e3o visual, a aten\u00e7\u00e3o e a concentra\u00e7\u00e3o . O tema da girafa e as cores atrativas tornam o processo de aprendizagem mais envolvente, podendo ser utilizado tanto em casa quanto em escolas como apoio did\u00e1tico para o desenvolvimento da leitura e da cogni\u00e7\u00e3o<\/p>\n<div class=\"details-table-wrapper\">\n<table class=\"product-details-table\">\n<tbody>\n<tr>\n<td>Marca<\/td>\n<td>BrinqMutti<\/td>\n<\/tr>\n<tr>\n<td>Material<\/td>\n<td>\u00a0MDF<\/td>\n<\/tr>\n<tr>\n<td>Faixa Et\u00e1ria<\/td>\n<td>A partir de 3 Anos<\/td>\n<\/tr>\n<\/tbody>\n<\/table>\n<\/div>\n","protected":false},"excerpt":{"rendered":"<p>Cole\u00e7\u00e3o Alfabetizar &#8211; Girafa \u00e9 um quebra-cabe\u00e7a de madeira que une o aprendizado do alfabeto \u00e0 divers\u00e3o de montar a figura de uma girafa. Composto por um tabuleiro e 26 pe\u00e7as, cada uma representando uma letra do alfabeto em formato<\/p>\n","protected":false},"featured_media":8450,"comment_status":"open","ping_status":"closed","template":"","meta":[],"product_brand":[229],"product_cat":[209],"product_tag":[],"class_list":{"0":"post-8451","1":"product","2":"type-product","3":"status-publish","6":"product_brand-brinqmutti","7":"product_cat-letramento-jogos-e-brinquedos","9":"first","10":"instock","11":"shipping-taxable","12":"purchasable","13":"product-type-simple"},"_links":{"self":[{"href":"https:\/\/educaredigital.online\/loja\/wp-json\/wp\/v2\/product\/8451","targetHints":{"allow":["GET"]}}],"collection":[{"href":"https:\/\/educaredigital.online\/loja\/wp-json\/wp\/v2\/product"}],"about":[{"href":"https:\/\/educaredigital.online\/loja\/wp-json\/wp\/v2\/types\/product"}],"replies":[{"embeddable":true,"href":"https:\/\/educaredigital.online\/loja\/wp-json\/wp\/v2\/comments?post=8451"}],"wp:featuredmedia":[{"embeddable":true,"href":"https:\/\/educaredigital.online\/loja\/wp-json\/wp\/v2\/media\/8450"}],"wp:attachment":[{"href":"https:\/\/educaredigital.online\/loja\/wp-json\/wp\/v2\/media?parent=8451"}],"wp:term":[{"taxonomy":"product_brand","embeddable":true,"href":"https:\/\/educaredigital.online\/loja\/wp-json\/wp\/v2\/product_brand?post=8451"},{"taxonomy":"product_cat","embeddable":true,"href":"https:\/\/educaredigital.online\/loja\/wp-json\/wp\/v2\/product_cat?post=8451"},{"taxonomy":"product_tag","embeddable":true,"href":"https:\/\/educaredigital.online\/loja\/wp-json\/wp\/v2\/product_tag?post=8451"}],"curies":[{"name":"wp","href":"https:\/\/api.w.org\/{rel}","templated":true}]}}