{"id":8449,"date":"2026-04-15T18:55:49","date_gmt":"2026-04-15T18:55:49","guid":{"rendered":"https:\/\/educaredigital.online\/loja\/produto\/colecao-alfabetizar-dinossauro\/"},"modified":"2026-04-24T20:30:19","modified_gmt":"2026-04-24T20:30:19","slug":"colecao-alfabetizar-dinossauro","status":"publish","type":"product","link":"https:\/\/educaredigital.online\/loja\/produto\/colecao-alfabetizar-dinossauro\/","title":{"rendered":"Cole\u00e7\u00e3o Alfabetizar &#8211; DINOSSAURO"},"content":{"rendered":"<p class=\"ds-markdown-paragraph\"><strong>Cole\u00e7\u00e3o Alfabetizar &#8211; Dinossauro<\/strong>\u00a0 \u00e9 um quebra-cabe\u00e7a de madeira que combina o aprendizado do alfabeto com a montagem da figura de um dinossauro. Composto por <strong>27 pe\u00e7as de madeira MDF<\/strong>, cada uma representando uma letra do alfabeto, o desafio da crian\u00e7a \u00e9 encaixar as pe\u00e7as na ordem correta para formar a imagem do animal\u00a0. As pe\u00e7as s\u00e3o coloridas e possuem tamanho adequado para o manuseio por m\u00e3os pequenas, garantindo seguran\u00e7a e autonomia durante a brincadeira.<\/p>\n<p class=\"ds-markdown-paragraph\">\u00a0 uma ferramenta pedag\u00f3gica eficaz para os primeiros passos na alfabetiza\u00e7\u00e3o . Ao organizar as letras em sequ\u00eancia no tabuleiro, a crian\u00e7a desenvolve o reconhecimento e a ordem do alfabeto, o racioc\u00ednio l\u00f3gico, a coordena\u00e7\u00e3o motora fina, a concentra\u00e7\u00e3o e a percep\u00e7\u00e3o visual .<\/p>\n<div class=\"details-table-wrapper\">\n<table class=\"product-details-table\">\n<tbody>\n<tr>\n<td>Marca<\/td>\n<td>BrinqMutti<\/td>\n<\/tr>\n<tr>\n<td>Material<\/td>\n<td>\u00a0MDF<\/td>\n<\/tr>\n<tr>\n<td>Faixa Et\u00e1ria<\/td>\n<td>A partir de 3 Anos<\/td>\n<\/tr>\n<\/tbody>\n<\/table>\n<\/div>\n","protected":false},"excerpt":{"rendered":"<p>Cole\u00e7\u00e3o Alfabetizar &#8211; Dinossauro\u00a0 \u00e9 um quebra-cabe\u00e7a de madeira que combina o aprendizado do alfabeto com a montagem da figura de um dinossauro. Composto por 27 pe\u00e7as de madeira MDF, cada uma representando uma letra do alfabeto, o desafio da<\/p>\n","protected":false},"featured_media":8448,"comment_status":"open","ping_status":"closed","template":"","meta":[],"product_brand":[229],"product_cat":[210],"product_tag":[],"class_list":{"0":"post-8449","1":"product","2":"type-product","3":"status-publish","6":"product_brand-brinqmutti","7":"product_cat-matematica-jogos-e-brinquedos","9":"first","10":"instock","11":"shipping-taxable","12":"purchasable","13":"product-type-simple"},"_links":{"self":[{"href":"https:\/\/educaredigital.online\/loja\/wp-json\/wp\/v2\/product\/8449","targetHints":{"allow":["GET"]}}],"collection":[{"href":"https:\/\/educaredigital.online\/loja\/wp-json\/wp\/v2\/product"}],"about":[{"href":"https:\/\/educaredigital.online\/loja\/wp-json\/wp\/v2\/types\/product"}],"replies":[{"embeddable":true,"href":"https:\/\/educaredigital.online\/loja\/wp-json\/wp\/v2\/comments?post=8449"}],"wp:featuredmedia":[{"embeddable":true,"href":"https:\/\/educaredigital.online\/loja\/wp-json\/wp\/v2\/media\/8448"}],"wp:attachment":[{"href":"https:\/\/educaredigital.online\/loja\/wp-json\/wp\/v2\/media?parent=8449"}],"wp:term":[{"taxonomy":"product_brand","embeddable":true,"href":"https:\/\/educaredigital.online\/loja\/wp-json\/wp\/v2\/product_brand?post=8449"},{"taxonomy":"product_cat","embeddable":true,"href":"https:\/\/educaredigital.online\/loja\/wp-json\/wp\/v2\/product_cat?post=8449"},{"taxonomy":"product_tag","embeddable":true,"href":"https:\/\/educaredigital.online\/loja\/wp-json\/wp\/v2\/product_tag?post=8449"}],"curies":[{"name":"wp","href":"https:\/\/api.w.org\/{rel}","templated":true}]}}