{"id":8447,"date":"2026-04-15T18:55:48","date_gmt":"2026-04-15T18:55:48","guid":{"rendered":"https:\/\/educaredigital.online\/loja\/produto\/aneis-multicolor\/"},"modified":"2026-04-24T20:30:31","modified_gmt":"2026-04-24T20:30:31","slug":"aneis-multicolor","status":"publish","type":"product","link":"https:\/\/educaredigital.online\/loja\/produto\/aneis-multicolor\/","title":{"rendered":"Aneis Multicolor"},"content":{"rendered":"<div class=\"ds-message _63c77b1\">\n<div class=\"ds-markdown\">\n<p class=\"ds-markdown-paragraph\"><strong>An\u00e9is Multicolor<\/strong> um jogo de empilhamento em madeira que desafia a crian\u00e7a a organizar e sobrepor an\u00e9is coloridos. A brincadeira pode ser realizada de forma livre ou seguindo fichas-modelo, onde o pequeno deve reproduzir sequ\u00eancias espec\u00edficas de cores, tamanhos e formas . Este processo estimula a crian\u00e7a a pensar sobre no\u00e7\u00f5es de ordem, planejamento e equil\u00edbrio para construir as torres corretamente.<\/p>\n<p class=\"ds-markdown-paragraph\">\u00a0\u00c9 uma ferramenta completa para o desenvolvimento de fun\u00e7\u00f5es cognitivas e motoras . Ao manusear as pe\u00e7as e seguir os desafios das fichas, a crian\u00e7a desenvolve a <strong>coordena\u00e7\u00e3o motora fina<\/strong>, a\u00a0<strong>percep\u00e7\u00e3o visual<\/strong>, o\u00a0<strong>racioc\u00ednio l\u00f3gico<\/strong> e a capacidade de concentra\u00e7\u00e3o.<\/p>\n<div class=\"details-table-wrapper\">\n<table class=\"product-details-table\">\n<tbody>\n<tr>\n<td>Marca<\/td>\n<td>BrinqMutti<\/td>\n<\/tr>\n<tr>\n<td>Material<\/td>\n<td>\u00a0MDF<\/td>\n<\/tr>\n<tr>\n<td>Faixa Et\u00e1ria<\/td>\n<td>A partir de 3 Anos<\/td>\n<\/tr>\n<\/tbody>\n<\/table>\n<\/div>\n<\/div>\n<\/div>\n","protected":false},"excerpt":{"rendered":"<p>An\u00e9is Multicolor um jogo de empilhamento em madeira que desafia a crian\u00e7a a organizar e sobrepor an\u00e9is coloridos. A brincadeira pode ser realizada de forma livre ou seguindo fichas-modelo, onde o pequeno deve reproduzir sequ\u00eancias espec\u00edficas de cores, tamanhos e<\/p>\n","protected":false},"featured_media":8446,"comment_status":"open","ping_status":"closed","template":"","meta":[],"product_brand":[229],"product_cat":[211],"product_tag":[],"class_list":{"0":"post-8447","1":"product","2":"type-product","3":"status-publish","6":"product_brand-brinqmutti","7":"product_cat-psicomotricidade-jogos-e-brinquedos","9":"first","10":"instock","11":"shipping-taxable","12":"purchasable","13":"product-type-simple"},"_links":{"self":[{"href":"https:\/\/educaredigital.online\/loja\/wp-json\/wp\/v2\/product\/8447","targetHints":{"allow":["GET"]}}],"collection":[{"href":"https:\/\/educaredigital.online\/loja\/wp-json\/wp\/v2\/product"}],"about":[{"href":"https:\/\/educaredigital.online\/loja\/wp-json\/wp\/v2\/types\/product"}],"replies":[{"embeddable":true,"href":"https:\/\/educaredigital.online\/loja\/wp-json\/wp\/v2\/comments?post=8447"}],"wp:featuredmedia":[{"embeddable":true,"href":"https:\/\/educaredigital.online\/loja\/wp-json\/wp\/v2\/media\/8446"}],"wp:attachment":[{"href":"https:\/\/educaredigital.online\/loja\/wp-json\/wp\/v2\/media?parent=8447"}],"wp:term":[{"taxonomy":"product_brand","embeddable":true,"href":"https:\/\/educaredigital.online\/loja\/wp-json\/wp\/v2\/product_brand?post=8447"},{"taxonomy":"product_cat","embeddable":true,"href":"https:\/\/educaredigital.online\/loja\/wp-json\/wp\/v2\/product_cat?post=8447"},{"taxonomy":"product_tag","embeddable":true,"href":"https:\/\/educaredigital.online\/loja\/wp-json\/wp\/v2\/product_tag?post=8447"}],"curies":[{"name":"wp","href":"https:\/\/api.w.org\/{rel}","templated":true}]}}