{"id":8443,"date":"2026-04-15T18:55:38","date_gmt":"2026-04-15T18:55:38","guid":{"rendered":"https:\/\/educaredigital.online\/loja\/produto\/passe-as-formas\/"},"modified":"2026-04-24T20:30:43","modified_gmt":"2026-04-24T20:30:43","slug":"passe-as-formas","status":"publish","type":"product","link":"https:\/\/educaredigital.online\/loja\/produto\/passe-as-formas\/","title":{"rendered":"Passe as Formas"},"content":{"rendered":"<div class=\"ds-message _63c77b1\">\n<div class=\"ds-markdown\">\n<p class=\"ds-markdown-paragraph\"><strong>Passe as Formas<\/strong> \u00e9 um cl\u00e1ssico de encaixe em madeira que transforma o aprendizado em uma atividade l\u00fadica e recompensadora. Geralmente representado pela figura de uma <strong>tartaruga<\/strong>, o brinquedo convida a crian\u00e7a a encaixar as pe\u00e7as de formas geom\u00e9tricas no casco do animal\u00a0. A grande diferen\u00e7a \u00e9 o circuito interno: ao acertar o encaixe, a pe\u00e7a &#8220;passeia&#8221; por um labirinto interno transparente at\u00e9 ser liberada na parte inferior, incentivando a repeti\u00e7\u00e3o do movimento\u00a0.<\/p>\n<p class=\"ds-markdown-paragraph\">Este brinquedo \u00e9 uma ferramenta completa para o desenvolvimento infantil. Ao manusear as pe\u00e7as e buscar o encaixe correto, a crian\u00e7a trabalha o <strong>racioc\u00ednio l\u00f3gico<\/strong>\u00a0(associando forma e v\u00e3o), a\u00a0<strong>coordena\u00e7\u00e3o motora fina<\/strong>\u00a0e a percep\u00e7\u00e3o de cores e formas\u00a0.<\/p>\n<div class=\"details-table-wrapper\">\n<table class=\"product-details-table\">\n<tbody>\n<tr>\n<td>Marca<\/td>\n<td>BrinqMutti<\/td>\n<\/tr>\n<tr>\n<td>Material<\/td>\n<td>\u00a0MDF<\/td>\n<\/tr>\n<tr>\n<td>Faixa Et\u00e1ria<\/td>\n<td>A partir de 1 Ano<\/td>\n<\/tr>\n<\/tbody>\n<\/table>\n<\/div>\n<\/div>\n<\/div>\n","protected":false},"excerpt":{"rendered":"<p>Passe as Formas \u00e9 um cl\u00e1ssico de encaixe em madeira que transforma o aprendizado em uma atividade l\u00fadica e recompensadora. Geralmente representado pela figura de uma tartaruga, o brinquedo convida a crian\u00e7a a encaixar as pe\u00e7as de formas geom\u00e9tricas no<\/p>\n","protected":false},"featured_media":8442,"comment_status":"open","ping_status":"closed","template":"","meta":[],"product_brand":[229],"product_cat":[211],"product_tag":[],"class_list":{"0":"post-8443","1":"product","2":"type-product","3":"status-publish","6":"product_brand-brinqmutti","7":"product_cat-psicomotricidade-jogos-e-brinquedos","9":"first","10":"instock","11":"shipping-taxable","12":"purchasable","13":"product-type-simple"},"_links":{"self":[{"href":"https:\/\/educaredigital.online\/loja\/wp-json\/wp\/v2\/product\/8443","targetHints":{"allow":["GET"]}}],"collection":[{"href":"https:\/\/educaredigital.online\/loja\/wp-json\/wp\/v2\/product"}],"about":[{"href":"https:\/\/educaredigital.online\/loja\/wp-json\/wp\/v2\/types\/product"}],"replies":[{"embeddable":true,"href":"https:\/\/educaredigital.online\/loja\/wp-json\/wp\/v2\/comments?post=8443"}],"wp:featuredmedia":[{"embeddable":true,"href":"https:\/\/educaredigital.online\/loja\/wp-json\/wp\/v2\/media\/8442"}],"wp:attachment":[{"href":"https:\/\/educaredigital.online\/loja\/wp-json\/wp\/v2\/media?parent=8443"}],"wp:term":[{"taxonomy":"product_brand","embeddable":true,"href":"https:\/\/educaredigital.online\/loja\/wp-json\/wp\/v2\/product_brand?post=8443"},{"taxonomy":"product_cat","embeddable":true,"href":"https:\/\/educaredigital.online\/loja\/wp-json\/wp\/v2\/product_cat?post=8443"},{"taxonomy":"product_tag","embeddable":true,"href":"https:\/\/educaredigital.online\/loja\/wp-json\/wp\/v2\/product_tag?post=8443"}],"curies":[{"name":"wp","href":"https:\/\/api.w.org\/{rel}","templated":true}]}}