{"id":8441,"date":"2026-04-15T18:55:37","date_gmt":"2026-04-15T18:55:37","guid":{"rendered":"https:\/\/educaredigital.online\/loja\/produto\/mutti-frota-imantada\/"},"modified":"2026-04-24T20:30:49","modified_gmt":"2026-04-24T20:30:49","slug":"mutti-frota-imantada","status":"publish","type":"product","link":"https:\/\/educaredigital.online\/loja\/produto\/mutti-frota-imantada\/","title":{"rendered":"Mutti Frota Imantada"},"content":{"rendered":"<p class=\"ds-markdown-paragraph\"><strong>MUTTI FROTA IMANTADA<\/strong>\u00a0\u00e9 um brinquedo educativo de madeira que combina a divers\u00e3o dos carrinhos com o desafio dos quebra-cabe\u00e7as. O jogo vem em uma pr\u00e1tica caixa de madeira\u00a0que, ao ser aberta, se transforma em um painel cen\u00e1rio magn\u00e9tico. Com 35 pe\u00e7as imantadas coloridas, a crian\u00e7a pode montar 12 modelos diferentes de caminh\u00f5es, exercitando o racioc\u00ednio l\u00f3gico e a percep\u00e7\u00e3o visual para encontrar o lugar correto de cada pe\u00e7a.<\/p>\n<p class=\"ds-markdown-paragraph\">Mais do que uma simples brincadeira, este jogo \u00e9 uma ferramenta para o desenvolvimento infantil. Ao manusear as pe\u00e7as, a crian\u00e7a trabalha a\u00a0<strong>coordena\u00e7\u00e3o motora fina<\/strong>, a associa\u00e7\u00e3o de formas e cores, e come\u00e7a a entender rela\u00e7\u00f5es espaciais e de causa e efeito. O faz de conta com os diferentes ve\u00edculos tamb\u00e9m estimula a imagina\u00e7\u00e3o, a criatividade e introduz no\u00e7\u00f5es de cidadania.<\/p>\n<div class=\"details-table-wrapper\">\n<table class=\"product-details-table\">\n<tbody>\n<tr>\n<td>Marca<\/td>\n<td>BrinqMutti<\/td>\n<\/tr>\n<tr>\n<td>Material<\/td>\n<td>\u00a0MDF<\/td>\n<\/tr>\n<tr>\n<td>Faixa Et\u00e1ria<\/td>\n<td>A partir de 3 Anos<\/td>\n<\/tr>\n<\/tbody>\n<\/table>\n<\/div>\n","protected":false},"excerpt":{"rendered":"<p>MUTTI FROTA IMANTADA\u00a0\u00e9 um brinquedo educativo de madeira que combina a divers\u00e3o dos carrinhos com o desafio dos quebra-cabe\u00e7as. O jogo vem em uma pr\u00e1tica caixa de madeira\u00a0que, ao ser aberta, se transforma em um painel cen\u00e1rio magn\u00e9tico. Com 35<\/p>\n","protected":false},"featured_media":8440,"comment_status":"open","ping_status":"closed","template":"","meta":[],"product_brand":[229],"product_cat":[211],"product_tag":[],"class_list":{"0":"post-8441","1":"product","2":"type-product","3":"status-publish","6":"product_brand-brinqmutti","7":"product_cat-psicomotricidade-jogos-e-brinquedos","9":"first","10":"instock","11":"shipping-taxable","12":"purchasable","13":"product-type-simple"},"_links":{"self":[{"href":"https:\/\/educaredigital.online\/loja\/wp-json\/wp\/v2\/product\/8441","targetHints":{"allow":["GET"]}}],"collection":[{"href":"https:\/\/educaredigital.online\/loja\/wp-json\/wp\/v2\/product"}],"about":[{"href":"https:\/\/educaredigital.online\/loja\/wp-json\/wp\/v2\/types\/product"}],"replies":[{"embeddable":true,"href":"https:\/\/educaredigital.online\/loja\/wp-json\/wp\/v2\/comments?post=8441"}],"wp:featuredmedia":[{"embeddable":true,"href":"https:\/\/educaredigital.online\/loja\/wp-json\/wp\/v2\/media\/8440"}],"wp:attachment":[{"href":"https:\/\/educaredigital.online\/loja\/wp-json\/wp\/v2\/media?parent=8441"}],"wp:term":[{"taxonomy":"product_brand","embeddable":true,"href":"https:\/\/educaredigital.online\/loja\/wp-json\/wp\/v2\/product_brand?post=8441"},{"taxonomy":"product_cat","embeddable":true,"href":"https:\/\/educaredigital.online\/loja\/wp-json\/wp\/v2\/product_cat?post=8441"},{"taxonomy":"product_tag","embeddable":true,"href":"https:\/\/educaredigital.online\/loja\/wp-json\/wp\/v2\/product_tag?post=8441"}],"curies":[{"name":"wp","href":"https:\/\/api.w.org\/{rel}","templated":true}]}}