{"id":8439,"date":"2026-04-15T18:55:36","date_gmt":"2026-04-15T18:55:36","guid":{"rendered":"https:\/\/educaredigital.online\/loja\/produto\/juntando-silabas\/"},"modified":"2026-04-24T20:30:56","modified_gmt":"2026-04-24T20:30:56","slug":"juntando-silabas","status":"publish","type":"product","link":"https:\/\/educaredigital.online\/loja\/produto\/juntando-silabas\/","title":{"rendered":"Juntando S\u00edlabas"},"content":{"rendered":"<p class=\"ds-markdown-paragraph\"><strong>Juntando S\u00edlabas, <\/strong>\u00e9 um jogo educativo de madeira que transforma o aprendizado da leitura e da escrita em uma atividade interativa e prazerosa. O jogo acompanha um tabuleiro principal contendo\u00a0<strong>64 s\u00edlabas<\/strong>, al\u00e9m de dois tabuleiros secund\u00e1rios onde a crian\u00e7a deve encaixar as pe\u00e7as para formar as palavras. Com um design simples e intuitivo, o desafio proposto \u00e9 montar\u00a0<strong>32 palavras de duas s\u00edlabas<\/strong>\u00a0utilizando todas as pe\u00e7as dispon\u00edveis, incentivando a crian\u00e7a a explorar a combina\u00e7\u00e3o dos sons das letras de forma l\u00fadica.<\/p>\n<p class=\"ds-markdown-paragraph\">Este brinquedo vai al\u00e9m da divers\u00e3o, trabalhando ativamente a <strong>consci\u00eancia fonol\u00f3gica<\/strong>, a separa\u00e7\u00e3o e a composi\u00e7\u00e3o das palavras, fundamentais para o dom\u00ednio da leitura. Ao manusear as pe\u00e7as, a crian\u00e7a desenvolve a\u00a0<strong>coordena\u00e7\u00e3o motora fina<\/strong>\u00a0e o\u00a0<strong>racioc\u00ednio l\u00f3gico<\/strong>, al\u00e9m de fixar a associa\u00e7\u00e3o entre a forma escrita e o som correspondente. \u00c9 uma ferramenta eficaz que alia o ensino da l\u00edngua portuguesa \u00e0 brincadeira, ideal para usar em casa ou na escola.<\/p>\n<div class=\"details-table-wrapper\">\n<table class=\"product-details-table\">\n<tbody>\n<tr>\n<td>Marca<\/td>\n<td>BrinqMutti<\/td>\n<\/tr>\n<tr>\n<td>Material<\/td>\n<td>\u00a0Madeira<\/td>\n<\/tr>\n<tr>\n<td>Faixa Et\u00e1ria<\/td>\n<td>A partir de 3 Anos<\/td>\n<\/tr>\n<\/tbody>\n<\/table>\n<\/div>\n","protected":false},"excerpt":{"rendered":"<p>Juntando S\u00edlabas, \u00e9 um jogo educativo de madeira que transforma o aprendizado da leitura e da escrita em uma atividade interativa e prazerosa. O jogo acompanha um tabuleiro principal contendo\u00a064 s\u00edlabas, al\u00e9m de dois tabuleiros secund\u00e1rios onde a crian\u00e7a deve<\/p>\n","protected":false},"featured_media":8438,"comment_status":"open","ping_status":"closed","template":"","meta":[],"product_brand":[229],"product_cat":[209],"product_tag":[],"class_list":{"0":"post-8439","1":"product","2":"type-product","3":"status-publish","6":"product_brand-brinqmutti","7":"product_cat-letramento-jogos-e-brinquedos","9":"first","10":"instock","11":"shipping-taxable","12":"purchasable","13":"product-type-simple"},"_links":{"self":[{"href":"https:\/\/educaredigital.online\/loja\/wp-json\/wp\/v2\/product\/8439","targetHints":{"allow":["GET"]}}],"collection":[{"href":"https:\/\/educaredigital.online\/loja\/wp-json\/wp\/v2\/product"}],"about":[{"href":"https:\/\/educaredigital.online\/loja\/wp-json\/wp\/v2\/types\/product"}],"replies":[{"embeddable":true,"href":"https:\/\/educaredigital.online\/loja\/wp-json\/wp\/v2\/comments?post=8439"}],"wp:featuredmedia":[{"embeddable":true,"href":"https:\/\/educaredigital.online\/loja\/wp-json\/wp\/v2\/media\/8438"}],"wp:attachment":[{"href":"https:\/\/educaredigital.online\/loja\/wp-json\/wp\/v2\/media?parent=8439"}],"wp:term":[{"taxonomy":"product_brand","embeddable":true,"href":"https:\/\/educaredigital.online\/loja\/wp-json\/wp\/v2\/product_brand?post=8439"},{"taxonomy":"product_cat","embeddable":true,"href":"https:\/\/educaredigital.online\/loja\/wp-json\/wp\/v2\/product_cat?post=8439"},{"taxonomy":"product_tag","embeddable":true,"href":"https:\/\/educaredigital.online\/loja\/wp-json\/wp\/v2\/product_tag?post=8439"}],"curies":[{"name":"wp","href":"https:\/\/api.w.org\/{rel}","templated":true}]}}