{"id":8437,"date":"2026-04-15T18:55:35","date_gmt":"2026-04-15T18:55:35","guid":{"rendered":"https:\/\/educaredigital.online\/loja\/produto\/imagens-em-plano-varal\/"},"modified":"2026-04-24T20:31:05","modified_gmt":"2026-04-24T20:31:05","slug":"imagens-em-plano-varal","status":"publish","type":"product","link":"https:\/\/educaredigital.online\/loja\/produto\/imagens-em-plano-varal\/","title":{"rendered":"Imagens em Plano &#8211; VARAL"},"content":{"rendered":"<div class=\"ds-message _63c77b1\">\n<div class=\"ds-markdown\">\n<p class=\"ds-markdown-paragraph\"><strong>Imagens em Plano &#8211; VARAL<\/strong>\u00a0\u00e9 um brinquedo educativo de madeira que transforma a brincadeira de pendurar roupas em um desafio de organiza\u00e7\u00e3o e criatividade. O jogo \u00e9 composto por um varal, diversas pe\u00e7as de vestu\u00e1rio e fichas com cen\u00e1rios. O objetivo da crian\u00e7a \u00e9 pendurar as pe\u00e7as no varal, podendo faz\u00ea-lo de forma livre e volunt\u00e1ria ou seguindo os exemplos propostos nas fichas. Essa din\u00e2mica a convida a explorar no\u00e7\u00f5es de sequ\u00eancia, posi\u00e7\u00e3o e espa\u00e7o de maneira l\u00fadica.<\/p>\n<p class=\"ds-markdown-paragraph\">Al\u00e9m de estimular a imagina\u00e7\u00e3o, o brinquedo \u00e9 uma ferramenta completa para o desenvolvimento de m\u00faltiplas habilidades. Ao manipular as pe\u00e7as e os prendedores, a crian\u00e7a trabalha a\u00a0<strong>coordena\u00e7\u00e3o motora fina<\/strong>, a\u00a0<strong>percep\u00e7\u00e3o visual<\/strong>, a\u00a0<strong>associa\u00e7\u00e3o de ideias<\/strong>\u00a0e o\u00a0<strong>pensamento l\u00f3gico<\/strong>. A atividade tamb\u00e9m promove a\u00a0<strong>no\u00e7\u00e3o espacial<\/strong> e a autonomia, sendo ideal para brincadeiras individuais ou em grupo.<\/p>\n<div class=\"details-table-wrapper\">\n<table class=\"product-details-table\">\n<tbody>\n<tr>\n<td>Marca<\/td>\n<td>BrinqMutti<\/td>\n<\/tr>\n<tr>\n<td>Material<\/td>\n<td>\u00a0MDF<\/td>\n<\/tr>\n<tr>\n<td>Faixa Et\u00e1ria<\/td>\n<td>A partir de 3 Anos<\/td>\n<\/tr>\n<\/tbody>\n<\/table>\n<\/div>\n<\/div>\n<\/div>\n","protected":false},"excerpt":{"rendered":"<p>Imagens em Plano &#8211; VARAL\u00a0\u00e9 um brinquedo educativo de madeira que transforma a brincadeira de pendurar roupas em um desafio de organiza\u00e7\u00e3o e criatividade. O jogo \u00e9 composto por um varal, diversas pe\u00e7as de vestu\u00e1rio e fichas com cen\u00e1rios. O<\/p>\n","protected":false},"featured_media":8436,"comment_status":"open","ping_status":"closed","template":"","meta":[],"product_brand":[229],"product_cat":[211],"product_tag":[],"class_list":{"0":"post-8437","1":"product","2":"type-product","3":"status-publish","6":"product_brand-brinqmutti","7":"product_cat-psicomotricidade-jogos-e-brinquedos","9":"first","10":"instock","11":"shipping-taxable","12":"purchasable","13":"product-type-simple"},"_links":{"self":[{"href":"https:\/\/educaredigital.online\/loja\/wp-json\/wp\/v2\/product\/8437","targetHints":{"allow":["GET"]}}],"collection":[{"href":"https:\/\/educaredigital.online\/loja\/wp-json\/wp\/v2\/product"}],"about":[{"href":"https:\/\/educaredigital.online\/loja\/wp-json\/wp\/v2\/types\/product"}],"replies":[{"embeddable":true,"href":"https:\/\/educaredigital.online\/loja\/wp-json\/wp\/v2\/comments?post=8437"}],"wp:featuredmedia":[{"embeddable":true,"href":"https:\/\/educaredigital.online\/loja\/wp-json\/wp\/v2\/media\/8436"}],"wp:attachment":[{"href":"https:\/\/educaredigital.online\/loja\/wp-json\/wp\/v2\/media?parent=8437"}],"wp:term":[{"taxonomy":"product_brand","embeddable":true,"href":"https:\/\/educaredigital.online\/loja\/wp-json\/wp\/v2\/product_brand?post=8437"},{"taxonomy":"product_cat","embeddable":true,"href":"https:\/\/educaredigital.online\/loja\/wp-json\/wp\/v2\/product_cat?post=8437"},{"taxonomy":"product_tag","embeddable":true,"href":"https:\/\/educaredigital.online\/loja\/wp-json\/wp\/v2\/product_tag?post=8437"}],"curies":[{"name":"wp","href":"https:\/\/api.w.org\/{rel}","templated":true}]}}