{"id":8435,"date":"2026-04-15T18:55:34","date_gmt":"2026-04-15T18:55:34","guid":{"rendered":"https:\/\/educaredigital.online\/loja\/produto\/identifique-os-animais\/"},"modified":"2026-04-24T20:31:11","modified_gmt":"2026-04-24T20:31:11","slug":"identifique-os-animais","status":"publish","type":"product","link":"https:\/\/educaredigital.online\/loja\/produto\/identifique-os-animais\/","title":{"rendered":"Identifique os Animais"},"content":{"rendered":"<p class=\"ds-markdown-paragraph\"><strong>Identifique os Animais,<\/strong>\u00a0\u00e9 um jogo educativo de madeira que desafia a crian\u00e7a a reconhecer e nomear diferentes esp\u00e9cies do reino animal. O brinquedo normalmente \u00e9 composto por um tabuleiro ou cartelas com ilustra\u00e7\u00f5es de animais, acompanhado de pe\u00e7as avulsas com nomes, caracter\u00edsticas ou sombras correspondentes. O objetivo \u00e9 associar cada figura ao seu respectivo nome ou caracter\u00edstica, estimulando a observa\u00e7\u00e3o atenta e a capacidade de classifica\u00e7\u00e3o.<\/p>\n<p class=\"ds-markdown-paragraph\">Mais do que um simples jogo de mem\u00f3ria, esta atividade trabalha ativamente a\u00a0<strong>linguagem<\/strong>, a\u00a0<strong>amplia\u00e7\u00e3o do vocabul\u00e1rio<\/strong>\u00a0e a\u00a0<strong>percep\u00e7\u00e3o visual<\/strong> da crian\u00e7a. Ao identificar e relacionar os animais, o pequeno desenvolve o racioc\u00ednio l\u00f3gico, a aten\u00e7\u00e3o aos detalhes e a curiosidade cient\u00edfica sobre a natureza.<\/p>\n<div class=\"details-table-wrapper\">\n<table class=\"product-details-table\">\n<tbody>\n<tr>\n<td>Marca<\/td>\n<td>BrinqMutti<\/td>\n<\/tr>\n<tr>\n<td>Material<\/td>\n<td>\u00a0MDF<\/td>\n<\/tr>\n<tr>\n<td>Faixa Et\u00e1ria<\/td>\n<td>A partir de 3 Anos<\/td>\n<\/tr>\n<\/tbody>\n<\/table>\n<\/div>\n","protected":false},"excerpt":{"rendered":"<p>Identifique os Animais,\u00a0\u00e9 um jogo educativo de madeira que desafia a crian\u00e7a a reconhecer e nomear diferentes esp\u00e9cies do reino animal. O brinquedo normalmente \u00e9 composto por um tabuleiro ou cartelas com ilustra\u00e7\u00f5es de animais, acompanhado de pe\u00e7as avulsas com<\/p>\n","protected":false},"featured_media":8434,"comment_status":"open","ping_status":"closed","template":"","meta":[],"product_brand":[229],"product_cat":[211],"product_tag":[],"class_list":{"0":"post-8435","1":"product","2":"type-product","3":"status-publish","6":"product_brand-brinqmutti","7":"product_cat-psicomotricidade-jogos-e-brinquedos","9":"first","10":"instock","11":"shipping-taxable","12":"purchasable","13":"product-type-simple"},"_links":{"self":[{"href":"https:\/\/educaredigital.online\/loja\/wp-json\/wp\/v2\/product\/8435","targetHints":{"allow":["GET"]}}],"collection":[{"href":"https:\/\/educaredigital.online\/loja\/wp-json\/wp\/v2\/product"}],"about":[{"href":"https:\/\/educaredigital.online\/loja\/wp-json\/wp\/v2\/types\/product"}],"replies":[{"embeddable":true,"href":"https:\/\/educaredigital.online\/loja\/wp-json\/wp\/v2\/comments?post=8435"}],"wp:featuredmedia":[{"embeddable":true,"href":"https:\/\/educaredigital.online\/loja\/wp-json\/wp\/v2\/media\/8434"}],"wp:attachment":[{"href":"https:\/\/educaredigital.online\/loja\/wp-json\/wp\/v2\/media?parent=8435"}],"wp:term":[{"taxonomy":"product_brand","embeddable":true,"href":"https:\/\/educaredigital.online\/loja\/wp-json\/wp\/v2\/product_brand?post=8435"},{"taxonomy":"product_cat","embeddable":true,"href":"https:\/\/educaredigital.online\/loja\/wp-json\/wp\/v2\/product_cat?post=8435"},{"taxonomy":"product_tag","embeddable":true,"href":"https:\/\/educaredigital.online\/loja\/wp-json\/wp\/v2\/product_tag?post=8435"}],"curies":[{"name":"wp","href":"https:\/\/api.w.org\/{rel}","templated":true}]}}