{"id":8433,"date":"2026-04-15T18:55:32","date_gmt":"2026-04-15T18:55:32","guid":{"rendered":"https:\/\/educaredigital.online\/loja\/produto\/estimulos-seriados\/"},"modified":"2026-04-24T20:31:19","modified_gmt":"2026-04-24T20:31:19","slug":"estimulos-seriados","status":"publish","type":"product","link":"https:\/\/educaredigital.online\/loja\/produto\/estimulos-seriados\/","title":{"rendered":"Estimulos Seriados"},"content":{"rendered":"<div class=\"ds-message _63c77b1\">\n<div class=\"ds-markdown\">\n<p class=\"ds-markdown-paragraph\"><strong>Est\u00edmulos Seriados,<\/strong>\u00a0\u00e9 um brinquedo educativo de madeira projetado para desenvolver o racioc\u00ednio l\u00f3gico e a percep\u00e7\u00e3o de sequ\u00eancias na crian\u00e7a. O jogo \u00e9 composto por pe\u00e7as coloridas que devem ser organizadas em uma ordem espec\u00edfica, seguindo padr\u00f5es de cores, formas ou tamanhos. O desafio proposto \u00e9 dar continuidade \u00e0s sequ\u00eancias iniciadas nas cartelas-modelo, completando a s\u00e9rie de forma correta e estimulando a observa\u00e7\u00e3o atenta aos detalhes.<\/p>\n<p class=\"ds-markdown-paragraph\">Al\u00e9m de trabalhar a\u00a0<strong>coordena\u00e7\u00e3o motora fina<\/strong>\u00a0e a\u00a0<strong>concentra\u00e7\u00e3o<\/strong>, este brinquedo introduz conceitos fundamentais de seria\u00e7\u00e3o e ordena\u00e7\u00e3o, essenciais para o desenvolvimento do pensamento matem\u00e1tico e da resolu\u00e7\u00e3o de problemas. A atividade tamb\u00e9m fortalece a\u00a0<strong>mem\u00f3ria visual<\/strong> e a capacidade de antecipar padr\u00f5es, preparando a crian\u00e7a para aprendizagens mais complexas.<\/p>\n<div class=\"details-table-wrapper\">\n<table class=\"product-details-table\">\n<tbody>\n<tr>\n<td>Marca<\/td>\n<td>BrinqMutti<\/td>\n<\/tr>\n<tr>\n<td>Material<\/td>\n<td>\u00a0MDF<\/td>\n<\/tr>\n<tr>\n<td>Faixa Et\u00e1ria<\/td>\n<td>A partir de 3 Anos<\/td>\n<\/tr>\n<\/tbody>\n<\/table>\n<\/div>\n<\/div>\n<\/div>\n","protected":false},"excerpt":{"rendered":"<p>Est\u00edmulos Seriados,\u00a0\u00e9 um brinquedo educativo de madeira projetado para desenvolver o racioc\u00ednio l\u00f3gico e a percep\u00e7\u00e3o de sequ\u00eancias na crian\u00e7a. O jogo \u00e9 composto por pe\u00e7as coloridas que devem ser organizadas em uma ordem espec\u00edfica, seguindo padr\u00f5es de cores, formas<\/p>\n","protected":false},"featured_media":8432,"comment_status":"open","ping_status":"closed","template":"","meta":[],"product_brand":[229],"product_cat":[211],"product_tag":[],"class_list":{"0":"post-8433","1":"product","2":"type-product","3":"status-publish","6":"product_brand-brinqmutti","7":"product_cat-psicomotricidade-jogos-e-brinquedos","9":"first","10":"instock","11":"shipping-taxable","12":"purchasable","13":"product-type-simple"},"_links":{"self":[{"href":"https:\/\/educaredigital.online\/loja\/wp-json\/wp\/v2\/product\/8433","targetHints":{"allow":["GET"]}}],"collection":[{"href":"https:\/\/educaredigital.online\/loja\/wp-json\/wp\/v2\/product"}],"about":[{"href":"https:\/\/educaredigital.online\/loja\/wp-json\/wp\/v2\/types\/product"}],"replies":[{"embeddable":true,"href":"https:\/\/educaredigital.online\/loja\/wp-json\/wp\/v2\/comments?post=8433"}],"wp:featuredmedia":[{"embeddable":true,"href":"https:\/\/educaredigital.online\/loja\/wp-json\/wp\/v2\/media\/8432"}],"wp:attachment":[{"href":"https:\/\/educaredigital.online\/loja\/wp-json\/wp\/v2\/media?parent=8433"}],"wp:term":[{"taxonomy":"product_brand","embeddable":true,"href":"https:\/\/educaredigital.online\/loja\/wp-json\/wp\/v2\/product_brand?post=8433"},{"taxonomy":"product_cat","embeddable":true,"href":"https:\/\/educaredigital.online\/loja\/wp-json\/wp\/v2\/product_cat?post=8433"},{"taxonomy":"product_tag","embeddable":true,"href":"https:\/\/educaredigital.online\/loja\/wp-json\/wp\/v2\/product_tag?post=8433"}],"curies":[{"name":"wp","href":"https:\/\/api.w.org\/{rel}","templated":true}]}}