{"id":8431,"date":"2026-04-15T18:55:31","date_gmt":"2026-04-15T18:55:31","guid":{"rendered":"https:\/\/educaredigital.online\/loja\/produto\/desafio-cerebral\/"},"modified":"2026-04-24T20:31:39","modified_gmt":"2026-04-24T20:31:39","slug":"desafio-cerebral","status":"publish","type":"product","link":"https:\/\/educaredigital.online\/loja\/produto\/desafio-cerebral\/","title":{"rendered":"Desafio Cerebral"},"content":{"rendered":"<p class=\"ds-markdown-paragraph\">\u00a0<strong>Desafio Cerebral,<\/strong>\u00a0\u00e9 um jogo educativo de madeira projetado para exercitar o racioc\u00ednio l\u00f3gico e a resolu\u00e7\u00e3o de problemas de forma divertida e progressiva. O brinquedo normalmente \u00e9 composto por um tabuleiro e pe\u00e7as coloridas que devem ser posicionadas seguindo sequ\u00eancias ou desafios propostos em cartelas de diferentes n\u00edveis de dificuldade. A crian\u00e7a precisa observar o padr\u00e3o, planejar seus movimentos e encaixar as pe\u00e7as nos lugares corretos, testando sua capacidade de concentra\u00e7\u00e3o e pensamento estrat\u00e9gico.<\/p>\n<p class=\"ds-markdown-paragraph\">Este jogo estimula m\u00faltiplas habilidades cognitivas essenciais para o desenvolvimento infantil. Trabalha ativamente a <strong>mem\u00f3ria<\/strong>, a\u00a0<strong>aten\u00e7\u00e3o<\/strong>, o\u00a0<strong>planejamento<\/strong>\u00a0e a\u00a0<strong>percep\u00e7\u00e3o visual-espacial<\/strong>, al\u00e9m de introduzir no\u00e7\u00f5es de causa e efeito. Ao enfrentar os desafios, a crian\u00e7a aprende a lidar com a frustra\u00e7\u00e3o, desenvolve a persist\u00eancia e a autoconfian\u00e7a a cada acerto.<\/p>\n<div class=\"details-table-wrapper\">\n<table class=\"product-details-table\">\n<tbody>\n<tr>\n<td>Marca<\/td>\n<td>BrinqMutti<\/td>\n<\/tr>\n<tr>\n<td>Material<\/td>\n<td>\u00a0MDF<\/td>\n<\/tr>\n<tr>\n<td>Faixa Et\u00e1ria<\/td>\n<td>A partir de 3 Anos<\/td>\n<\/tr>\n<\/tbody>\n<\/table>\n<\/div>\n","protected":false},"excerpt":{"rendered":"<p>\u00a0Desafio Cerebral,\u00a0\u00e9 um jogo educativo de madeira projetado para exercitar o racioc\u00ednio l\u00f3gico e a resolu\u00e7\u00e3o de problemas de forma divertida e progressiva. O brinquedo normalmente \u00e9 composto por um tabuleiro e pe\u00e7as coloridas que devem ser posicionadas seguindo sequ\u00eancias<\/p>\n","protected":false},"featured_media":8430,"comment_status":"open","ping_status":"closed","template":"","meta":[],"product_brand":[229],"product_cat":[211],"product_tag":[],"class_list":{"0":"post-8431","1":"product","2":"type-product","3":"status-publish","6":"product_brand-brinqmutti","7":"product_cat-psicomotricidade-jogos-e-brinquedos","9":"first","10":"instock","11":"shipping-taxable","12":"purchasable","13":"product-type-simple"},"_links":{"self":[{"href":"https:\/\/educaredigital.online\/loja\/wp-json\/wp\/v2\/product\/8431","targetHints":{"allow":["GET"]}}],"collection":[{"href":"https:\/\/educaredigital.online\/loja\/wp-json\/wp\/v2\/product"}],"about":[{"href":"https:\/\/educaredigital.online\/loja\/wp-json\/wp\/v2\/types\/product"}],"replies":[{"embeddable":true,"href":"https:\/\/educaredigital.online\/loja\/wp-json\/wp\/v2\/comments?post=8431"}],"wp:featuredmedia":[{"embeddable":true,"href":"https:\/\/educaredigital.online\/loja\/wp-json\/wp\/v2\/media\/8430"}],"wp:attachment":[{"href":"https:\/\/educaredigital.online\/loja\/wp-json\/wp\/v2\/media?parent=8431"}],"wp:term":[{"taxonomy":"product_brand","embeddable":true,"href":"https:\/\/educaredigital.online\/loja\/wp-json\/wp\/v2\/product_brand?post=8431"},{"taxonomy":"product_cat","embeddable":true,"href":"https:\/\/educaredigital.online\/loja\/wp-json\/wp\/v2\/product_cat?post=8431"},{"taxonomy":"product_tag","embeddable":true,"href":"https:\/\/educaredigital.online\/loja\/wp-json\/wp\/v2\/product_tag?post=8431"}],"curies":[{"name":"wp","href":"https:\/\/api.w.org\/{rel}","templated":true}]}}