{"id":8429,"date":"2026-04-15T18:55:30","date_gmt":"2026-04-15T18:55:30","guid":{"rendered":"https:\/\/educaredigital.online\/loja\/produto\/conecta-cores\/"},"modified":"2026-04-24T20:31:46","modified_gmt":"2026-04-24T20:31:46","slug":"conecta-cores","status":"publish","type":"product","link":"https:\/\/educaredigital.online\/loja\/produto\/conecta-cores\/","title":{"rendered":"Conecta Cores"},"content":{"rendered":"<div class=\"ds-message _63c77b1\">\n<div class=\"ds-markdown\">\n<p class=\"ds-markdown-paragraph\"><strong>Conecta Cores,<\/strong>\u00a0\u00e9 um brinquedo educativo de madeira que trabalha o reconhecimento crom\u00e1tico e o racioc\u00ednio l\u00f3gico de forma interativa e divertida. O jogo \u00e9 composto por um tabuleiro, pe\u00e7as coloridas e cartelas com desafios que indicam caminhos ou conex\u00f5es a serem feitas entre as cores. O objetivo da crian\u00e7a \u00e9 unir as tonalidades corretas seguindo as sequ\u00eancias propostas, criando &#8220;pontes&#8221; ou &#8220;linhas&#8221; que conectam cada cor ao seu par ou posi\u00e7\u00e3o determinada.<\/p>\n<p class=\"ds-markdown-paragraph\">Al\u00e9m de estimular a\u00a0<strong>percep\u00e7\u00e3o visual<\/strong>\u00a0e a\u00a0<strong>aten\u00e7\u00e3o aos detalhes<\/strong>, o Conecta Cores desenvolve habilidades fundamentais como o\u00a0<strong>pensamento l\u00f3gico<\/strong>, a\u00a0<strong>coordena\u00e7\u00e3o motora fina<\/strong>\u00a0e a\u00a0<strong>capacidade de seguir instru\u00e7\u00f5es<\/strong>. A din\u00e2mica de conectar elementos tamb\u00e9m introduz no\u00e7\u00f5es de organiza\u00e7\u00e3o espacial e planejamento, j\u00e1 que a crian\u00e7a precisa visualizar o caminho antes de agir.<\/p>\n<div class=\"details-table-wrapper\">\n<table class=\"product-details-table\">\n<tbody>\n<tr>\n<td>Marca<\/td>\n<td>BrinqMutti<\/td>\n<\/tr>\n<tr>\n<td>Material<\/td>\n<td>\u00a0MDF<\/td>\n<\/tr>\n<tr>\n<td>Faixa Et\u00e1ria<\/td>\n<td>A partir de 3 Anos<\/td>\n<\/tr>\n<\/tbody>\n<\/table>\n<\/div>\n<\/div>\n<\/div>\n","protected":false},"excerpt":{"rendered":"<p>Conecta Cores,\u00a0\u00e9 um brinquedo educativo de madeira que trabalha o reconhecimento crom\u00e1tico e o racioc\u00ednio l\u00f3gico de forma interativa e divertida. O jogo \u00e9 composto por um tabuleiro, pe\u00e7as coloridas e cartelas com desafios que indicam caminhos ou conex\u00f5es a<\/p>\n","protected":false},"featured_media":8428,"comment_status":"open","ping_status":"closed","template":"","meta":[],"product_brand":[229],"product_cat":[211],"product_tag":[],"class_list":{"0":"post-8429","1":"product","2":"type-product","3":"status-publish","6":"product_brand-brinqmutti","7":"product_cat-psicomotricidade-jogos-e-brinquedos","9":"first","10":"instock","11":"shipping-taxable","12":"purchasable","13":"product-type-simple"},"_links":{"self":[{"href":"https:\/\/educaredigital.online\/loja\/wp-json\/wp\/v2\/product\/8429","targetHints":{"allow":["GET"]}}],"collection":[{"href":"https:\/\/educaredigital.online\/loja\/wp-json\/wp\/v2\/product"}],"about":[{"href":"https:\/\/educaredigital.online\/loja\/wp-json\/wp\/v2\/types\/product"}],"replies":[{"embeddable":true,"href":"https:\/\/educaredigital.online\/loja\/wp-json\/wp\/v2\/comments?post=8429"}],"wp:featuredmedia":[{"embeddable":true,"href":"https:\/\/educaredigital.online\/loja\/wp-json\/wp\/v2\/media\/8428"}],"wp:attachment":[{"href":"https:\/\/educaredigital.online\/loja\/wp-json\/wp\/v2\/media?parent=8429"}],"wp:term":[{"taxonomy":"product_brand","embeddable":true,"href":"https:\/\/educaredigital.online\/loja\/wp-json\/wp\/v2\/product_brand?post=8429"},{"taxonomy":"product_cat","embeddable":true,"href":"https:\/\/educaredigital.online\/loja\/wp-json\/wp\/v2\/product_cat?post=8429"},{"taxonomy":"product_tag","embeddable":true,"href":"https:\/\/educaredigital.online\/loja\/wp-json\/wp\/v2\/product_tag?post=8429"}],"curies":[{"name":"wp","href":"https:\/\/api.w.org\/{rel}","templated":true}]}}