{"id":8427,"date":"2026-04-15T18:55:27","date_gmt":"2026-04-15T18:55:27","guid":{"rendered":"https:\/\/educaredigital.online\/loja\/produto\/compondo-expressoes\/"},"modified":"2026-04-24T20:31:56","modified_gmt":"2026-04-24T20:31:56","slug":"compondo-expressoes","status":"publish","type":"product","link":"https:\/\/educaredigital.online\/loja\/produto\/compondo-expressoes\/","title":{"rendered":"Compondo Express\u00f5es"},"content":{"rendered":"<div class=\"ds-message _63c77b1\">\n<div class=\"ds-markdown\">\n<p class=\"ds-markdown-paragraph\"><strong>Compondo Express\u00f5es,<\/strong>\u00a0\u00e9 um brinquedo educativo de madeira que convida a crian\u00e7a a explorar o mundo das emo\u00e7\u00f5es e da comunica\u00e7\u00e3o n\u00e3o-verbal. O jogo \u00e9 composto por pe\u00e7as destac\u00e1veis que representam diferentes partes do rosto \u2014 como olhos, sobrancelhas, bocas e narizes \u2014 que podem ser combinadas livremente sobre um rosto-base. O objetivo \u00e9 criar diversas express\u00f5es faciais, como alegria, tristeza, surpresa ou raiva, permitindo que a crian\u00e7a experimente e observe como a mudan\u00e7a de cada elemento altera a emo\u00e7\u00e3o transmitida.<\/p>\n<p class=\"ds-markdown-paragraph\">Mais do que um simples jogo de montar, esta atividade trabalha o\u00a0<strong>reconhecimento emocional<\/strong>, a\u00a0<strong>empatia<\/strong>\u00a0e a\u00a0<strong>intelig\u00eancia socioemocional<\/strong>, habilidades essenciais para a conviv\u00eancia e o autoconhecimento. Ao compor e nomear cada express\u00e3o, a crian\u00e7a desenvolve a\u00a0<strong>linguagem<\/strong>, a\u00a0<strong>percep\u00e7\u00e3o visual<\/strong>\u00a0e a\u00a0<strong>criatividade<\/strong>, al\u00e9m de aprender a identificar seus pr\u00f3prios sentimentos e os dos outros.<\/p>\n<div class=\"details-table-wrapper\">\n<table class=\"product-details-table\">\n<tbody>\n<tr>\n<td>Marca<\/td>\n<td>BrinqMutti<\/td>\n<\/tr>\n<tr>\n<td>Material<\/td>\n<td>\u00a0MDF<\/td>\n<\/tr>\n<tr>\n<td>Faixa Et\u00e1ria<\/td>\n<td>A partir de 3 Anos<\/td>\n<\/tr>\n<\/tbody>\n<\/table>\n<\/div>\n<\/div>\n<\/div>\n","protected":false},"excerpt":{"rendered":"<p>Compondo Express\u00f5es,\u00a0\u00e9 um brinquedo educativo de madeira que convida a crian\u00e7a a explorar o mundo das emo\u00e7\u00f5es e da comunica\u00e7\u00e3o n\u00e3o-verbal. O jogo \u00e9 composto por pe\u00e7as destac\u00e1veis que representam diferentes partes do rosto \u2014 como olhos, sobrancelhas, bocas e<\/p>\n","protected":false},"featured_media":8426,"comment_status":"open","ping_status":"closed","template":"","meta":[],"product_brand":[229],"product_cat":[211],"product_tag":[],"class_list":{"0":"post-8427","1":"product","2":"type-product","3":"status-publish","6":"product_brand-brinqmutti","7":"product_cat-psicomotricidade-jogos-e-brinquedos","9":"first","10":"instock","11":"shipping-taxable","12":"purchasable","13":"product-type-simple"},"_links":{"self":[{"href":"https:\/\/educaredigital.online\/loja\/wp-json\/wp\/v2\/product\/8427","targetHints":{"allow":["GET"]}}],"collection":[{"href":"https:\/\/educaredigital.online\/loja\/wp-json\/wp\/v2\/product"}],"about":[{"href":"https:\/\/educaredigital.online\/loja\/wp-json\/wp\/v2\/types\/product"}],"replies":[{"embeddable":true,"href":"https:\/\/educaredigital.online\/loja\/wp-json\/wp\/v2\/comments?post=8427"}],"wp:featuredmedia":[{"embeddable":true,"href":"https:\/\/educaredigital.online\/loja\/wp-json\/wp\/v2\/media\/8426"}],"wp:attachment":[{"href":"https:\/\/educaredigital.online\/loja\/wp-json\/wp\/v2\/media?parent=8427"}],"wp:term":[{"taxonomy":"product_brand","embeddable":true,"href":"https:\/\/educaredigital.online\/loja\/wp-json\/wp\/v2\/product_brand?post=8427"},{"taxonomy":"product_cat","embeddable":true,"href":"https:\/\/educaredigital.online\/loja\/wp-json\/wp\/v2\/product_cat?post=8427"},{"taxonomy":"product_tag","embeddable":true,"href":"https:\/\/educaredigital.online\/loja\/wp-json\/wp\/v2\/product_tag?post=8427"}],"curies":[{"name":"wp","href":"https:\/\/api.w.org\/{rel}","templated":true}]}}