{"id":8425,"date":"2026-04-15T18:55:25","date_gmt":"2026-04-15T18:55:25","guid":{"rendered":"https:\/\/educaredigital.online\/loja\/produto\/ciclo-da-vida\/"},"modified":"2026-04-24T20:32:08","modified_gmt":"2026-04-24T20:32:08","slug":"ciclo-da-vida","status":"publish","type":"product","link":"https:\/\/educaredigital.online\/loja\/produto\/ciclo-da-vida\/","title":{"rendered":"Ciclo da Vida"},"content":{"rendered":"<p class=\"ds-markdown-paragraph\"><strong>Ciclo da Vida<\/strong>, \u00e9 um brinquedo educativo de madeira que apresenta de forma visual e interativa as diferentes fases do desenvolvimento de seres vivos, como plantas, borboletas, sapos ou galinhas. O jogo \u00e9 composto por pe\u00e7as encaix\u00e1veis ou cartelas que representam cada etapa do ciclo \u2014 do nascimento ao est\u00e1gio adulto \u2014 e a crian\u00e7a deve organiz\u00e1-las na sequ\u00eancia correta. Essa din\u00e2mica l\u00fadica convida o pequeno a compreender processos naturais de maneira simples e concreta.<\/p>\n<p class=\"ds-markdown-paragraph\">Al\u00e9m de estimular a\u00a0<strong>curiosidade cient\u00edfica<\/strong>\u00a0e o\u00a0<strong>respeito pela natureza<\/strong>, este brinquedo desenvolve habilidades fundamentais como o\u00a0<strong>racioc\u00ednio l\u00f3gico<\/strong>, a\u00a0<strong>no\u00e7\u00e3o de sequ\u00eancia temporal<\/strong>\u00a0e a\u00a0<strong>percep\u00e7\u00e3o de causa e efeito<\/strong>. Ao manusear as pe\u00e7as e ordenar as fases, a crian\u00e7a tamb\u00e9m trabalha a\u00a0<strong>linguagem<\/strong>\u00a0e a\u00a0<strong>amplia\u00e7\u00e3o do vocabul\u00e1rio<\/strong> sobre ci\u00eancias.<\/p>\n<div class=\"details-table-wrapper\">\n<table class=\"product-details-table\">\n<tbody>\n<tr>\n<td>Marca<\/td>\n<td>BrinqMutti<\/td>\n<\/tr>\n<tr>\n<td>Material<\/td>\n<td>\u00a0MDF<\/td>\n<\/tr>\n<tr>\n<td>Faixa Et\u00e1ria<\/td>\n<td>A partir de 3 Anos<\/td>\n<\/tr>\n<\/tbody>\n<\/table>\n<\/div>\n","protected":false},"excerpt":{"rendered":"<p>Ciclo da Vida, \u00e9 um brinquedo educativo de madeira que apresenta de forma visual e interativa as diferentes fases do desenvolvimento de seres vivos, como plantas, borboletas, sapos ou galinhas. O jogo \u00e9 composto por pe\u00e7as encaix\u00e1veis ou cartelas que<\/p>\n","protected":false},"featured_media":8424,"comment_status":"open","ping_status":"closed","template":"","meta":[],"product_brand":[229],"product_cat":[211],"product_tag":[],"class_list":{"0":"post-8425","1":"product","2":"type-product","3":"status-publish","6":"product_brand-brinqmutti","7":"product_cat-psicomotricidade-jogos-e-brinquedos","9":"first","10":"instock","11":"shipping-taxable","12":"purchasable","13":"product-type-simple"},"_links":{"self":[{"href":"https:\/\/educaredigital.online\/loja\/wp-json\/wp\/v2\/product\/8425","targetHints":{"allow":["GET"]}}],"collection":[{"href":"https:\/\/educaredigital.online\/loja\/wp-json\/wp\/v2\/product"}],"about":[{"href":"https:\/\/educaredigital.online\/loja\/wp-json\/wp\/v2\/types\/product"}],"replies":[{"embeddable":true,"href":"https:\/\/educaredigital.online\/loja\/wp-json\/wp\/v2\/comments?post=8425"}],"wp:featuredmedia":[{"embeddable":true,"href":"https:\/\/educaredigital.online\/loja\/wp-json\/wp\/v2\/media\/8424"}],"wp:attachment":[{"href":"https:\/\/educaredigital.online\/loja\/wp-json\/wp\/v2\/media?parent=8425"}],"wp:term":[{"taxonomy":"product_brand","embeddable":true,"href":"https:\/\/educaredigital.online\/loja\/wp-json\/wp\/v2\/product_brand?post=8425"},{"taxonomy":"product_cat","embeddable":true,"href":"https:\/\/educaredigital.online\/loja\/wp-json\/wp\/v2\/product_cat?post=8425"},{"taxonomy":"product_tag","embeddable":true,"href":"https:\/\/educaredigital.online\/loja\/wp-json\/wp\/v2\/product_tag?post=8425"}],"curies":[{"name":"wp","href":"https:\/\/api.w.org\/{rel}","templated":true}]}}