{"id":8419,"date":"2026-04-15T18:55:09","date_gmt":"2026-04-15T18:55:09","guid":{"rendered":"https:\/\/educaredigital.online\/loja\/produto\/arca-animais\/"},"modified":"2026-04-24T20:32:30","modified_gmt":"2026-04-24T20:32:30","slug":"arca-animais","status":"publish","type":"product","link":"https:\/\/educaredigital.online\/loja\/produto\/arca-animais\/","title":{"rendered":"Arca dos Animais"},"content":{"rendered":"<p class=\"ds-markdown-paragraph\">\u00a0<strong>Arca dos Animais,<\/strong>\u00a0\u00e9 um brinquedo educativo de madeira que combina a cl\u00e1ssica hist\u00f3ria da Arca de No\u00e9 com o aprendizado sobre o reino animal. O conjunto geralmente \u00e9 composto por uma arca de madeira (que serve como tabuleiro e armazenamento) e diversas pe\u00e7as representando pares de animais. O objetivo da crian\u00e7a \u00e9 embarcar os animais na arca, organizando-os por pares, reconhecendo suas caracter\u00edsticas e, em algumas vers\u00f5es, associando cada animal ao seu respectivo nome ou som.<\/p>\n<p class=\"ds-markdown-paragraph\">Mais do que um simples jogo de encaixe, esta atividade desenvolve habilidades fundamentais como a\u00a0<strong>mem\u00f3ria<\/strong>, a\u00a0<strong>classifica\u00e7\u00e3o<\/strong>, a\u00a0<strong>coordena\u00e7\u00e3o motora fina<\/strong>\u00a0e a\u00a0<strong>amplia\u00e7\u00e3o do vocabul\u00e1rio<\/strong>. Ao brincar de formar os pares e embarcar os bichinhos, a crian\u00e7a tamb\u00e9m exercita a\u00a0<strong>percep\u00e7\u00e3o visual<\/strong>, a\u00a0<strong>aten\u00e7\u00e3o<\/strong>\u00a0e a\u00a0<strong>no\u00e7\u00e3o de quantidade<\/strong> (dois de cada).<\/p>\n<div class=\"details-table-wrapper\">\n<table class=\"product-details-table\">\n<tbody>\n<tr>\n<td>Marca<\/td>\n<td>BrinqMutti<\/td>\n<\/tr>\n<tr>\n<td>Material<\/td>\n<td>\u00a0MDF<\/td>\n<\/tr>\n<tr>\n<td>Faixa Et\u00e1ria<\/td>\n<td>A partir de 3 Anos<\/td>\n<\/tr>\n<\/tbody>\n<\/table>\n<\/div>\n","protected":false},"excerpt":{"rendered":"<p>\u00a0Arca dos Animais,\u00a0\u00e9 um brinquedo educativo de madeira que combina a cl\u00e1ssica hist\u00f3ria da Arca de No\u00e9 com o aprendizado sobre o reino animal. O conjunto geralmente \u00e9 composto por uma arca de madeira (que serve como tabuleiro e armazenamento)<\/p>\n","protected":false},"featured_media":8418,"comment_status":"open","ping_status":"closed","template":"","meta":[],"product_brand":[229],"product_cat":[211],"product_tag":[],"class_list":{"0":"post-8419","1":"product","2":"type-product","3":"status-publish","6":"product_brand-brinqmutti","7":"product_cat-psicomotricidade-jogos-e-brinquedos","9":"first","10":"instock","11":"shipping-taxable","12":"purchasable","13":"product-type-simple"},"_links":{"self":[{"href":"https:\/\/educaredigital.online\/loja\/wp-json\/wp\/v2\/product\/8419","targetHints":{"allow":["GET"]}}],"collection":[{"href":"https:\/\/educaredigital.online\/loja\/wp-json\/wp\/v2\/product"}],"about":[{"href":"https:\/\/educaredigital.online\/loja\/wp-json\/wp\/v2\/types\/product"}],"replies":[{"embeddable":true,"href":"https:\/\/educaredigital.online\/loja\/wp-json\/wp\/v2\/comments?post=8419"}],"wp:featuredmedia":[{"embeddable":true,"href":"https:\/\/educaredigital.online\/loja\/wp-json\/wp\/v2\/media\/8418"}],"wp:attachment":[{"href":"https:\/\/educaredigital.online\/loja\/wp-json\/wp\/v2\/media?parent=8419"}],"wp:term":[{"taxonomy":"product_brand","embeddable":true,"href":"https:\/\/educaredigital.online\/loja\/wp-json\/wp\/v2\/product_brand?post=8419"},{"taxonomy":"product_cat","embeddable":true,"href":"https:\/\/educaredigital.online\/loja\/wp-json\/wp\/v2\/product_cat?post=8419"},{"taxonomy":"product_tag","embeddable":true,"href":"https:\/\/educaredigital.online\/loja\/wp-json\/wp\/v2\/product_tag?post=8419"}],"curies":[{"name":"wp","href":"https:\/\/api.w.org\/{rel}","templated":true}]}}