{"id":8417,"date":"2026-04-15T18:55:06","date_gmt":"2026-04-15T18:55:06","guid":{"rendered":"https:\/\/educaredigital.online\/loja\/produto\/aramado-coelho\/"},"modified":"2026-04-24T20:32:36","modified_gmt":"2026-04-24T20:32:36","slug":"aramado-coelho","status":"publish","type":"product","link":"https:\/\/educaredigital.online\/loja\/produto\/aramado-coelho\/","title":{"rendered":"Aramado Coelho"},"content":{"rendered":"<div class=\"ds-message _63c77b1\">\n<div class=\"ds-markdown\">\n<p class=\"ds-markdown-paragraph\"><strong>Aramado Coelho,<\/strong>\u00a0\u00e9 um brinquedo educativo de madeira inspirado no cl\u00e1ssico brinquedo de arame com contas, por\u00e9m com um design tem\u00e1tico e l\u00fadico. O produto geralmente \u00e9 composto por uma base de madeira com hastes de arame curvas e entrela\u00e7adas, sobre as quais est\u00e3o posicionadas contas ou pe\u00e7as coloridas em formato de elementos que remetem ao universo do coelho, como cenouras, flores ou o pr\u00f3prio animal. O objetivo da crian\u00e7a \u00e9 movimentar as pe\u00e7as pelos arames, deslizando-as de uma ponta a outra, seguindo os caminhos sinuosos propostos.<\/p>\n<p class=\"ds-markdown-paragraph\">Este brinquedo \u00e9 extremamente ben\u00e9fico para o desenvolvimento infantil, trabalhando diretamente a\u00a0<strong>coordena\u00e7\u00e3o motora fina<\/strong>, a\u00a0<strong>no\u00e7\u00e3o espacial<\/strong>\u00a0e a\u00a0<strong>percep\u00e7\u00e3o visual<\/strong>. Ao planejar e executar o movimento das pe\u00e7as pelos arames, a crian\u00e7a exercita a\u00a0<strong>concentra\u00e7\u00e3o<\/strong>, a\u00a0<strong>paci\u00eancia<\/strong>\u00a0e a\u00a0<strong>lateralidade<\/strong>, al\u00e9m de estimular o racioc\u00ednio para encontrar o melhor trajeto.<\/p>\n<div class=\"details-table-wrapper\">\n<table class=\"product-details-table\">\n<tbody>\n<tr>\n<td>Marca<\/td>\n<td>BrinqMutti<\/td>\n<\/tr>\n<tr>\n<td>Material<\/td>\n<td>\u00a0MDF<\/td>\n<\/tr>\n<tr>\n<td>Faixa Et\u00e1ria<\/td>\n<td>A partir de 1 Ano<\/td>\n<\/tr>\n<\/tbody>\n<\/table>\n<\/div>\n<\/div>\n<\/div>\n","protected":false},"excerpt":{"rendered":"<p>Aramado Coelho,\u00a0\u00e9 um brinquedo educativo de madeira inspirado no cl\u00e1ssico brinquedo de arame com contas, por\u00e9m com um design tem\u00e1tico e l\u00fadico. O produto geralmente \u00e9 composto por uma base de madeira com hastes de arame curvas e entrela\u00e7adas, sobre<\/p>\n","protected":false},"featured_media":8416,"comment_status":"open","ping_status":"closed","template":"","meta":[],"product_brand":[229],"product_cat":[211],"product_tag":[],"class_list":{"0":"post-8417","1":"product","2":"type-product","3":"status-publish","6":"product_brand-brinqmutti","7":"product_cat-psicomotricidade-jogos-e-brinquedos","9":"first","10":"instock","11":"shipping-taxable","12":"purchasable","13":"product-type-simple"},"_links":{"self":[{"href":"https:\/\/educaredigital.online\/loja\/wp-json\/wp\/v2\/product\/8417","targetHints":{"allow":["GET"]}}],"collection":[{"href":"https:\/\/educaredigital.online\/loja\/wp-json\/wp\/v2\/product"}],"about":[{"href":"https:\/\/educaredigital.online\/loja\/wp-json\/wp\/v2\/types\/product"}],"replies":[{"embeddable":true,"href":"https:\/\/educaredigital.online\/loja\/wp-json\/wp\/v2\/comments?post=8417"}],"wp:featuredmedia":[{"embeddable":true,"href":"https:\/\/educaredigital.online\/loja\/wp-json\/wp\/v2\/media\/8416"}],"wp:attachment":[{"href":"https:\/\/educaredigital.online\/loja\/wp-json\/wp\/v2\/media?parent=8417"}],"wp:term":[{"taxonomy":"product_brand","embeddable":true,"href":"https:\/\/educaredigital.online\/loja\/wp-json\/wp\/v2\/product_brand?post=8417"},{"taxonomy":"product_cat","embeddable":true,"href":"https:\/\/educaredigital.online\/loja\/wp-json\/wp\/v2\/product_cat?post=8417"},{"taxonomy":"product_tag","embeddable":true,"href":"https:\/\/educaredigital.online\/loja\/wp-json\/wp\/v2\/product_tag?post=8417"}],"curies":[{"name":"wp","href":"https:\/\/api.w.org\/{rel}","templated":true}]}}