{"id":8269,"date":"2026-04-14T20:44:26","date_gmt":"2026-04-14T20:44:26","guid":{"rendered":"https:\/\/educaredigital.online\/loja\/?post_type=product&#038;p=8269"},"modified":"2026-04-20T18:00:30","modified_gmt":"2026-04-20T18:00:30","slug":"banner-cientifico-ciclo-do-carbono","status":"publish","type":"product","link":"https:\/\/educaredigital.online\/loja\/produto\/banner-cientifico-ciclo-do-carbono\/","title":{"rendered":"Banner Cient\u00edfico &#8211; Ciclo do Carbono"},"content":{"rendered":"<p data-start=\"0\" data-end=\"251\">O <strong data-start=\"2\" data-end=\"32\">banner do ciclo do carbono<\/strong> apresenta de forma visual e did\u00e1tica como o carbono circula na natureza, passando pela atmosfera, seres vivos, solo e oceanos. Ele destaca processos como fotoss\u00edntese, respira\u00e7\u00e3o, decomposi\u00e7\u00e3o e queima de combust\u00edveis.<\/p>\n<p data-start=\"253\" data-end=\"496\" data-is-last-node=\"\" data-is-only-node=\"\">Muito utilizado no ensino de Ci\u00eancias, esse material ajuda os alunos a compreenderem a import\u00e2ncia do carbono para a vida e o equil\u00edbrio ambiental no planeta <span class=\"hover:entity-accent entity-underline inline cursor-pointer align-baseline\"><span class=\"whitespace-normal\">Terra<\/span><\/span>, tornando o aprendizado mais claro e acess\u00edvel.<\/p>\n","protected":false},"excerpt":{"rendered":"<p>Adicione ao seu pedido e personalize ainda mais: solicite tamb\u00e9m nossos <span class=\"notion-enable-hover\" data-token-index=\"1\">mapas hist\u00f3ricos<\/span> e escolha o modelo ideal para o seu objetivo!<!-- notionvc: 6522e492-bc2d-4dd0-b783-e306060560d9 --><\/p>\n","protected":false},"featured_media":8270,"comment_status":"open","ping_status":"closed","template":"","meta":[],"product_brand":[],"product_cat":[218],"product_tag":[],"class_list":{"0":"post-8269","1":"product","2":"type-product","3":"status-publish","6":"product_cat-banners-e-mapas","8":"first","9":"instock","10":"shipping-taxable","11":"purchasable","12":"product-type-simple"},"_links":{"self":[{"href":"https:\/\/educaredigital.online\/loja\/wp-json\/wp\/v2\/product\/8269","targetHints":{"allow":["GET"]}}],"collection":[{"href":"https:\/\/educaredigital.online\/loja\/wp-json\/wp\/v2\/product"}],"about":[{"href":"https:\/\/educaredigital.online\/loja\/wp-json\/wp\/v2\/types\/product"}],"replies":[{"embeddable":true,"href":"https:\/\/educaredigital.online\/loja\/wp-json\/wp\/v2\/comments?post=8269"}],"wp:featuredmedia":[{"embeddable":true,"href":"https:\/\/educaredigital.online\/loja\/wp-json\/wp\/v2\/media\/8270"}],"wp:attachment":[{"href":"https:\/\/educaredigital.online\/loja\/wp-json\/wp\/v2\/media?parent=8269"}],"wp:term":[{"taxonomy":"product_brand","embeddable":true,"href":"https:\/\/educaredigital.online\/loja\/wp-json\/wp\/v2\/product_brand?post=8269"},{"taxonomy":"product_cat","embeddable":true,"href":"https:\/\/educaredigital.online\/loja\/wp-json\/wp\/v2\/product_cat?post=8269"},{"taxonomy":"product_tag","embeddable":true,"href":"https:\/\/educaredigital.online\/loja\/wp-json\/wp\/v2\/product_tag?post=8269"}],"curies":[{"name":"wp","href":"https:\/\/api.w.org\/{rel}","templated":true}]}}