{"id":8260,"date":"2026-04-14T20:38:54","date_gmt":"2026-04-14T20:38:54","guid":{"rendered":"https:\/\/educaredigital.online\/loja\/?post_type=product&#038;p=8260"},"modified":"2026-04-20T18:00:30","modified_gmt":"2026-04-20T18:00:30","slug":"banner-cientifico-reproducao-vegetal-ii","status":"publish","type":"product","link":"https:\/\/educaredigital.online\/loja\/produto\/banner-cientifico-reproducao-vegetal-ii\/","title":{"rendered":"Banner Cient\u00edfico &#8211; Reprodu\u00e7\u00e3o Vegetal II"},"content":{"rendered":"<p data-start=\"0\" data-end=\"228\">O <strong data-start=\"2\" data-end=\"37\">banner de reprodu\u00e7\u00e3o vegetal II<\/strong> apresenta de forma complementar os processos mais avan\u00e7ados da reprodu\u00e7\u00e3o das plantas, com destaque para a forma\u00e7\u00e3o de flores, poliniza\u00e7\u00e3o, fecunda\u00e7\u00e3o e desenvolvimento de frutos e sementes.<\/p>\n<p data-start=\"230\" data-end=\"412\" data-is-last-node=\"\" data-is-only-node=\"\">Muito utilizado no ensino de Ci\u00eancias, esse material aprofunda o entendimento do ciclo reprodutivo vegetal, tornando o aprendizado mais visual, organizado e acess\u00edvel para os alunos.<\/p>\n","protected":false},"excerpt":{"rendered":"<p>Adicione ao seu pedido e personalize ainda mais: solicite tamb\u00e9m nossos <span class=\"notion-enable-hover\" data-token-index=\"1\">mapas hist\u00f3ricos<\/span> e escolha o modelo ideal para o seu objetivo!<!-- notionvc: a11cfbf8-e324-4590-89a1-576f92e9f258 --><\/p>\n","protected":false},"featured_media":8261,"comment_status":"open","ping_status":"closed","template":"","meta":[],"product_brand":[],"product_cat":[218],"product_tag":[],"class_list":{"0":"post-8260","1":"product","2":"type-product","3":"status-publish","6":"product_cat-banners-e-mapas","8":"first","9":"instock","10":"shipping-taxable","11":"purchasable","12":"product-type-simple"},"_links":{"self":[{"href":"https:\/\/educaredigital.online\/loja\/wp-json\/wp\/v2\/product\/8260","targetHints":{"allow":["GET"]}}],"collection":[{"href":"https:\/\/educaredigital.online\/loja\/wp-json\/wp\/v2\/product"}],"about":[{"href":"https:\/\/educaredigital.online\/loja\/wp-json\/wp\/v2\/types\/product"}],"replies":[{"embeddable":true,"href":"https:\/\/educaredigital.online\/loja\/wp-json\/wp\/v2\/comments?post=8260"}],"wp:featuredmedia":[{"embeddable":true,"href":"https:\/\/educaredigital.online\/loja\/wp-json\/wp\/v2\/media\/8261"}],"wp:attachment":[{"href":"https:\/\/educaredigital.online\/loja\/wp-json\/wp\/v2\/media?parent=8260"}],"wp:term":[{"taxonomy":"product_brand","embeddable":true,"href":"https:\/\/educaredigital.online\/loja\/wp-json\/wp\/v2\/product_brand?post=8260"},{"taxonomy":"product_cat","embeddable":true,"href":"https:\/\/educaredigital.online\/loja\/wp-json\/wp\/v2\/product_cat?post=8260"},{"taxonomy":"product_tag","embeddable":true,"href":"https:\/\/educaredigital.online\/loja\/wp-json\/wp\/v2\/product_tag?post=8260"}],"curies":[{"name":"wp","href":"https:\/\/api.w.org\/{rel}","templated":true}]}}