{"id":8257,"date":"2026-04-14T20:37:36","date_gmt":"2026-04-14T20:37:36","guid":{"rendered":"https:\/\/educaredigital.online\/loja\/?post_type=product&#038;p=8257"},"modified":"2026-04-20T18:00:30","modified_gmt":"2026-04-20T18:00:30","slug":"banner-cientifico-ecossistemas","status":"publish","type":"product","link":"https:\/\/educaredigital.online\/loja\/produto\/banner-cientifico-ecossistemas\/","title":{"rendered":"Banner Cient\u00edfico &#8211; Ecossistemas"},"content":{"rendered":"<p data-start=\"0\" data-end=\"221\">O <strong data-start=\"2\" data-end=\"28\">banner de ecossistemas<\/strong> apresenta de forma visual e did\u00e1tica a intera\u00e7\u00e3o entre os seres vivos e o ambiente em que vivem, incluindo fatores bi\u00f3ticos (plantas, animais e microrganismos) e abi\u00f3ticos (\u00e1gua, solo, clima).<\/p>\n<p data-start=\"223\" data-end=\"417\" data-is-last-node=\"\" data-is-only-node=\"\">Muito utilizado no ensino de Ci\u00eancias, esse material ajuda os alunos a compreenderem o equil\u00edbrio da natureza e as rela\u00e7\u00f5es ecol\u00f3gicas, tornando o aprendizado mais claro, acess\u00edvel e envolvente.<\/p>\n","protected":false},"excerpt":{"rendered":"<p>Adicione ao seu pedido e personalize ainda mais: solicite tamb\u00e9m nossos <span class=\"notion-enable-hover\" data-token-index=\"1\">mapas hist\u00f3ricos<\/span> e escolha o modelo ideal para o seu objetivo!<!-- notionvc: bdecde57-64e0-42b4-913f-d20f7cabb03a --><\/p>\n","protected":false},"featured_media":8258,"comment_status":"open","ping_status":"closed","template":"","meta":[],"product_brand":[],"product_cat":[218],"product_tag":[],"class_list":{"0":"post-8257","1":"product","2":"type-product","3":"status-publish","6":"product_cat-banners-e-mapas","8":"first","9":"instock","10":"shipping-taxable","11":"purchasable","12":"product-type-simple"},"_links":{"self":[{"href":"https:\/\/educaredigital.online\/loja\/wp-json\/wp\/v2\/product\/8257","targetHints":{"allow":["GET"]}}],"collection":[{"href":"https:\/\/educaredigital.online\/loja\/wp-json\/wp\/v2\/product"}],"about":[{"href":"https:\/\/educaredigital.online\/loja\/wp-json\/wp\/v2\/types\/product"}],"replies":[{"embeddable":true,"href":"https:\/\/educaredigital.online\/loja\/wp-json\/wp\/v2\/comments?post=8257"}],"wp:featuredmedia":[{"embeddable":true,"href":"https:\/\/educaredigital.online\/loja\/wp-json\/wp\/v2\/media\/8258"}],"wp:attachment":[{"href":"https:\/\/educaredigital.online\/loja\/wp-json\/wp\/v2\/media?parent=8257"}],"wp:term":[{"taxonomy":"product_brand","embeddable":true,"href":"https:\/\/educaredigital.online\/loja\/wp-json\/wp\/v2\/product_brand?post=8257"},{"taxonomy":"product_cat","embeddable":true,"href":"https:\/\/educaredigital.online\/loja\/wp-json\/wp\/v2\/product_cat?post=8257"},{"taxonomy":"product_tag","embeddable":true,"href":"https:\/\/educaredigital.online\/loja\/wp-json\/wp\/v2\/product_tag?post=8257"}],"curies":[{"name":"wp","href":"https:\/\/api.w.org\/{rel}","templated":true}]}}