{"id":8241,"date":"2026-04-14T19:23:03","date_gmt":"2026-04-14T19:23:03","guid":{"rendered":"https:\/\/educaredigital.online\/loja\/?post_type=product&#038;p=8241"},"modified":"2026-04-20T18:00:30","modified_gmt":"2026-04-20T18:00:30","slug":"banner-cientifico-ciclo-da-agua","status":"publish","type":"product","link":"https:\/\/educaredigital.online\/loja\/produto\/banner-cientifico-ciclo-da-agua\/","title":{"rendered":"Banner Cient\u00edfico &#8211; Ciclo da \u00c1gua"},"content":{"rendered":"<p data-start=\"0\" data-end=\"264\">O <strong data-start=\"2\" data-end=\"29\">banner do ciclo da \u00e1gua<\/strong> apresenta de forma visual e did\u00e1tica o movimento cont\u00ednuo da \u00e1gua na natureza, destacando processos como evapora\u00e7\u00e3o, condensa\u00e7\u00e3o, precipita\u00e7\u00e3o e infiltra\u00e7\u00e3o. Ele mostra como a \u00e1gua circula entre a atmosfera, o solo e os corpos d\u2019\u00e1gua.<\/p>\n<p data-start=\"266\" data-end=\"513\" data-is-last-node=\"\" data-is-only-node=\"\">Muito utilizado no ensino de Ci\u00eancias, esse material facilita a compreens\u00e3o dos fen\u00f4menos naturais e da import\u00e2ncia da \u00e1gua para a vida no planeta <span class=\"hover:entity-accent entity-underline inline cursor-pointer align-baseline\"><span class=\"whitespace-normal\">Terra<\/span><\/span>, tornando o aprendizado mais claro e acess\u00edvel para os alunos.<\/p>\n","protected":false},"excerpt":{"rendered":"<p>Adicione ao seu pedido e personalize ainda mais: solicite tamb\u00e9m nossos <span class=\"notion-enable-hover\" data-token-index=\"1\">mapas hist\u00f3ricos<\/span> e escolha o modelo ideal para o seu objetivo!<!-- notionvc: 14f16f8d-f675-44e6-ab17-e67630e6efdd --><\/p>\n","protected":false},"featured_media":8242,"comment_status":"open","ping_status":"closed","template":"","meta":[],"product_brand":[],"product_cat":[218],"product_tag":[],"class_list":{"0":"post-8241","1":"product","2":"type-product","3":"status-publish","6":"product_cat-banners-e-mapas","8":"first","9":"instock","10":"shipping-taxable","11":"purchasable","12":"product-type-simple"},"_links":{"self":[{"href":"https:\/\/educaredigital.online\/loja\/wp-json\/wp\/v2\/product\/8241","targetHints":{"allow":["GET"]}}],"collection":[{"href":"https:\/\/educaredigital.online\/loja\/wp-json\/wp\/v2\/product"}],"about":[{"href":"https:\/\/educaredigital.online\/loja\/wp-json\/wp\/v2\/types\/product"}],"replies":[{"embeddable":true,"href":"https:\/\/educaredigital.online\/loja\/wp-json\/wp\/v2\/comments?post=8241"}],"wp:featuredmedia":[{"embeddable":true,"href":"https:\/\/educaredigital.online\/loja\/wp-json\/wp\/v2\/media\/8242"}],"wp:attachment":[{"href":"https:\/\/educaredigital.online\/loja\/wp-json\/wp\/v2\/media?parent=8241"}],"wp:term":[{"taxonomy":"product_brand","embeddable":true,"href":"https:\/\/educaredigital.online\/loja\/wp-json\/wp\/v2\/product_brand?post=8241"},{"taxonomy":"product_cat","embeddable":true,"href":"https:\/\/educaredigital.online\/loja\/wp-json\/wp\/v2\/product_cat?post=8241"},{"taxonomy":"product_tag","embeddable":true,"href":"https:\/\/educaredigital.online\/loja\/wp-json\/wp\/v2\/product_tag?post=8241"}],"curies":[{"name":"wp","href":"https:\/\/api.w.org\/{rel}","templated":true}]}}