{"id":8238,"date":"2026-04-14T19:21:20","date_gmt":"2026-04-14T19:21:20","guid":{"rendered":"https:\/\/educaredigital.online\/loja\/?post_type=product&#038;p=8238"},"modified":"2026-04-20T18:00:30","modified_gmt":"2026-04-20T18:00:30","slug":"banner-cientifico-ciclo-de-vida-ii","status":"publish","type":"product","link":"https:\/\/educaredigital.online\/loja\/produto\/banner-cientifico-ciclo-de-vida-ii\/","title":{"rendered":"Banner Cient\u00edfico &#8211; Ciclo de Vida II"},"content":{"rendered":"<p data-start=\"0\" data-end=\"254\">O <strong data-start=\"2\" data-end=\"32\">banner do ciclo de vida II<\/strong> apresenta de forma complementar as etapas mais avan\u00e7adas do desenvolvimento dos seres vivos, incluindo maturidade, reprodu\u00e7\u00e3o e envelhecimento. Ele aprofunda o entendimento das transforma\u00e7\u00f5es que ocorrem ao longo da vida.<\/p>\n<p data-start=\"256\" data-end=\"446\" data-is-last-node=\"\" data-is-only-node=\"\">Muito utilizado no ensino de Ci\u00eancias, esse material auxilia os alunos a compreenderem de forma completa o ciclo de vida, tornando o aprendizado mais visual, organizado e f\u00e1cil de assimilar.<\/p>\n","protected":false},"excerpt":{"rendered":"<p>Adicione ao seu pedido e personalize ainda mais: solicite tamb\u00e9m nossos <span class=\"notion-enable-hover\" data-token-index=\"1\">mapas hist\u00f3ricos<\/span> e escolha o modelo ideal para o seu objetivo!<!-- notionvc: 1dffe587-11dc-4d7f-b3f6-6063786de2b6 --><\/p>\n","protected":false},"featured_media":8239,"comment_status":"open","ping_status":"closed","template":"","meta":[],"product_brand":[],"product_cat":[218],"product_tag":[],"class_list":{"0":"post-8238","1":"product","2":"type-product","3":"status-publish","6":"product_cat-banners-e-mapas","8":"first","9":"instock","10":"shipping-taxable","11":"purchasable","12":"product-type-simple"},"_links":{"self":[{"href":"https:\/\/educaredigital.online\/loja\/wp-json\/wp\/v2\/product\/8238","targetHints":{"allow":["GET"]}}],"collection":[{"href":"https:\/\/educaredigital.online\/loja\/wp-json\/wp\/v2\/product"}],"about":[{"href":"https:\/\/educaredigital.online\/loja\/wp-json\/wp\/v2\/types\/product"}],"replies":[{"embeddable":true,"href":"https:\/\/educaredigital.online\/loja\/wp-json\/wp\/v2\/comments?post=8238"}],"wp:featuredmedia":[{"embeddable":true,"href":"https:\/\/educaredigital.online\/loja\/wp-json\/wp\/v2\/media\/8239"}],"wp:attachment":[{"href":"https:\/\/educaredigital.online\/loja\/wp-json\/wp\/v2\/media?parent=8238"}],"wp:term":[{"taxonomy":"product_brand","embeddable":true,"href":"https:\/\/educaredigital.online\/loja\/wp-json\/wp\/v2\/product_brand?post=8238"},{"taxonomy":"product_cat","embeddable":true,"href":"https:\/\/educaredigital.online\/loja\/wp-json\/wp\/v2\/product_cat?post=8238"},{"taxonomy":"product_tag","embeddable":true,"href":"https:\/\/educaredigital.online\/loja\/wp-json\/wp\/v2\/product_tag?post=8238"}],"curies":[{"name":"wp","href":"https:\/\/api.w.org\/{rel}","templated":true}]}}