{"id":8225,"date":"2026-04-14T19:17:28","date_gmt":"2026-04-14T19:17:28","guid":{"rendered":"https:\/\/educaredigital.online\/loja\/?post_type=product&#038;p=8225"},"modified":"2026-04-20T18:00:30","modified_gmt":"2026-04-20T18:00:30","slug":"banner-cientifico-sistema-nervoso","status":"publish","type":"product","link":"https:\/\/educaredigital.online\/loja\/produto\/banner-cientifico-sistema-nervoso\/","title":{"rendered":"Banner Cient\u00edfico &#8211; Sistema Nervoso"},"content":{"rendered":"<p data-start=\"0\" data-end=\"279\">O <strong data-start=\"2\" data-end=\"31\">banner do sistema nervoso<\/strong> apresenta de forma visual e organizada as estruturas respons\u00e1veis pelo controle e coordena\u00e7\u00e3o do corpo humano, como c\u00e9rebro, medula espinhal e nervos. Ele mostra como os sinais s\u00e3o transmitidos pelo corpo e como ocorrem as respostas aos est\u00edmulos.<\/p>\n<p data-start=\"281\" data-end=\"470\" data-is-last-node=\"\" data-is-only-node=\"\">Muito utilizado no ensino de Ci\u00eancias e Biologia, esse material facilita a compreens\u00e3o do funcionamento do organismo, tornando o aprendizado mais claro, din\u00e2mico e acess\u00edvel para os alunos.<\/p>\n","protected":false},"excerpt":{"rendered":"<p>Adicione ao seu pedido e personalize ainda mais: solicite tamb\u00e9m nossos <span class=\"notion-enable-hover\" data-token-index=\"1\">mapas hist\u00f3ricos<\/span> e escolha o modelo ideal para o seu objetivo!<!-- notionvc: dda18536-8da7-472b-bb15-304f69a46111 --><\/p>\n","protected":false},"featured_media":8226,"comment_status":"open","ping_status":"closed","template":"","meta":[],"product_brand":[],"product_cat":[218],"product_tag":[],"class_list":{"0":"post-8225","1":"product","2":"type-product","3":"status-publish","6":"product_cat-banners-e-mapas","8":"first","9":"instock","10":"shipping-taxable","11":"purchasable","12":"product-type-simple"},"_links":{"self":[{"href":"https:\/\/educaredigital.online\/loja\/wp-json\/wp\/v2\/product\/8225","targetHints":{"allow":["GET"]}}],"collection":[{"href":"https:\/\/educaredigital.online\/loja\/wp-json\/wp\/v2\/product"}],"about":[{"href":"https:\/\/educaredigital.online\/loja\/wp-json\/wp\/v2\/types\/product"}],"replies":[{"embeddable":true,"href":"https:\/\/educaredigital.online\/loja\/wp-json\/wp\/v2\/comments?post=8225"}],"wp:featuredmedia":[{"embeddable":true,"href":"https:\/\/educaredigital.online\/loja\/wp-json\/wp\/v2\/media\/8226"}],"wp:attachment":[{"href":"https:\/\/educaredigital.online\/loja\/wp-json\/wp\/v2\/media?parent=8225"}],"wp:term":[{"taxonomy":"product_brand","embeddable":true,"href":"https:\/\/educaredigital.online\/loja\/wp-json\/wp\/v2\/product_brand?post=8225"},{"taxonomy":"product_cat","embeddable":true,"href":"https:\/\/educaredigital.online\/loja\/wp-json\/wp\/v2\/product_cat?post=8225"},{"taxonomy":"product_tag","embeddable":true,"href":"https:\/\/educaredigital.online\/loja\/wp-json\/wp\/v2\/product_tag?post=8225"}],"curies":[{"name":"wp","href":"https:\/\/api.w.org\/{rel}","templated":true}]}}