{"id":8223,"date":"2026-04-14T19:19:38","date_gmt":"2026-04-14T19:19:38","guid":{"rendered":"https:\/\/educaredigital.online\/loja\/?post_type=product&#038;p=8223"},"modified":"2026-04-15T12:21:43","modified_gmt":"2026-04-15T12:21:43","slug":"associando-e-aprendendo","status":"publish","type":"product","link":"https:\/\/educaredigital.online\/loja\/produto\/associando-e-aprendendo\/","title":{"rendered":"Associando e Aprendendo"},"content":{"rendered":"<p class=\"ds-markdown-paragraph\">\u00a0<strong>Jogo Associando e Aprendendo Alfabeto<\/strong>, \u00e9 um material pedag\u00f3gico em madeira MDF composto por 30 cubos coloridos e girat\u00f3rios dispostos em um painel robusto. Cada cubo apresenta de um lado as letras do alfabeto (nos formatos bast\u00e3o e cursivo, mai\u00fasculo e min\u00fasculo) e do outro lado uma figura cujo nome come\u00e7a com aquela letra, desafiando a crian\u00e7a a associar os dois elementos.<\/p>\n<p class=\"ds-markdown-paragraph\">Este brinquedo \u00e9 uma ferramenta completa e l\u00fadica para o processo de alfabetiza\u00e7\u00e3o, facilitando o reconhecimento das letras, a associa\u00e7\u00e3o fon\u00e9tica e o enriquecimento do vocabul\u00e1rio.\u00a0 O jogo dispensa o uso de pilhas e \u00e9 certificado pelo INMETRO, sendo um excelente recurso para desenvolver a linguagem, a memoriza\u00e7\u00e3o e a concentra\u00e7\u00e3o de forma din\u00e2mica e interativa<\/p>\n<div class=\"details-table-wrapper\">\n<table class=\"product-details-table\">\n<tbody>\n<tr>\n<td>Marca<\/td>\n<td>Carimbras<\/td>\n<\/tr>\n<tr>\n<td>Material<\/td>\n<td>\u00a0MDF<\/td>\n<\/tr>\n<tr>\n<td>Faixa Et\u00e1ria<\/td>\n<td>A partir de 4 Anos<\/td>\n<\/tr>\n<\/tbody>\n<\/table>\n<\/div>\n","protected":false},"excerpt":{"rendered":"<p>\u00a0Jogo Associando e Aprendendo Alfabeto, \u00e9 um material pedag\u00f3gico em madeira MDF composto por 30 cubos coloridos e girat\u00f3rios dispostos em um painel robusto. Cada cubo apresenta de um lado as letras do alfabeto (nos formatos bast\u00e3o e cursivo, mai\u00fasculo<\/p>\n","protected":false},"featured_media":8227,"comment_status":"open","ping_status":"closed","template":"","meta":[],"product_brand":[],"product_cat":[38,211],"product_tag":[],"class_list":{"0":"post-8223","1":"product","2":"type-product","3":"status-publish","6":"product_cat-psicomotricidade","7":"product_cat-psicomotricidade-jogos-e-brinquedos","9":"first","10":"instock","11":"shipping-taxable","12":"purchasable","13":"product-type-simple"},"_links":{"self":[{"href":"https:\/\/educaredigital.online\/loja\/wp-json\/wp\/v2\/product\/8223","targetHints":{"allow":["GET"]}}],"collection":[{"href":"https:\/\/educaredigital.online\/loja\/wp-json\/wp\/v2\/product"}],"about":[{"href":"https:\/\/educaredigital.online\/loja\/wp-json\/wp\/v2\/types\/product"}],"replies":[{"embeddable":true,"href":"https:\/\/educaredigital.online\/loja\/wp-json\/wp\/v2\/comments?post=8223"}],"wp:featuredmedia":[{"embeddable":true,"href":"https:\/\/educaredigital.online\/loja\/wp-json\/wp\/v2\/media\/8227"}],"wp:attachment":[{"href":"https:\/\/educaredigital.online\/loja\/wp-json\/wp\/v2\/media?parent=8223"}],"wp:term":[{"taxonomy":"product_brand","embeddable":true,"href":"https:\/\/educaredigital.online\/loja\/wp-json\/wp\/v2\/product_brand?post=8223"},{"taxonomy":"product_cat","embeddable":true,"href":"https:\/\/educaredigital.online\/loja\/wp-json\/wp\/v2\/product_cat?post=8223"},{"taxonomy":"product_tag","embeddable":true,"href":"https:\/\/educaredigital.online\/loja\/wp-json\/wp\/v2\/product_tag?post=8223"}],"curies":[{"name":"wp","href":"https:\/\/api.w.org\/{rel}","templated":true}]}}