{"id":8217,"date":"2026-04-14T19:14:10","date_gmt":"2026-04-14T19:14:10","guid":{"rendered":"https:\/\/educaredigital.online\/loja\/?post_type=product&#038;p=8217"},"modified":"2026-04-29T13:09:47","modified_gmt":"2026-04-29T13:09:47","slug":"colecao-imantados-letras-e-numeros","status":"publish","type":"product","link":"https:\/\/educaredigital.online\/loja\/produto\/colecao-imantados-letras-e-numeros\/","title":{"rendered":"Cole\u00e7\u00e3o  Imantados Letras e N\u00fameros"},"content":{"rendered":"<div class=\"ds-message _63c77b1\">\n<div class=\"ds-markdown\">\n<p class=\"ds-markdown-paragraph\">A\u00a0<strong>Cole\u00e7\u00e3o Imantados Letras e N\u00fameros <\/strong>\u00a0\u00e9 um vers\u00e1til recurso pedag\u00f3gico composto por 54 pe\u00e7as magn\u00e9ticas, geralmente acondicionadas em uma pr\u00e1tica bolsa de PVC transparente. O conjunto apresenta todas as letras do alfabeto com seus devidos acentos (como \u00c7) e os n\u00fameros de 0 a 9. Confeccionadas em cartonado decorado de 3mm ou MDF de 2mm, as pe\u00e7as possuem um dispositivo magn\u00e9tico, permitindo que a crian\u00e7a fixe e desloque as letras e n\u00fameros em qualquer superf\u00edcie met\u00e1lica, como lousas brancas ou a geladeira, transformando qualquer ambiente em uma sala de aula interativa. Este brinquedo educativo, l\u00fadico e colorido auxilia diretamente no processo de alfabetiza\u00e7\u00e3o. Ao manusear as pe\u00e7as, a crian\u00e7a desenvolve a coordena\u00e7\u00e3o motora fina, a percep\u00e7\u00e3o visual e a concentra\u00e7\u00e3o, ao mesmo tempo que pratica a forma\u00e7\u00e3o de palavras e s\u00edlabas, o reconhecimento de letras e n\u00fameros, e at\u00e9 mesmo a resolu\u00e7\u00e3o de opera\u00e7\u00f5es matem\u00e1ticas simples.<\/p>\n<div class=\"details-table-wrapper\">\n<table class=\"product-details-table\">\n<tbody>\n<tr>\n<td>Marca<\/td>\n<td>Carimbras<\/td>\n<\/tr>\n<tr>\n<td>Material<\/td>\n<td>\u00a0MDF e PVC<\/td>\n<\/tr>\n<tr>\n<td>Faixa Et\u00e1ria<\/td>\n<td>A partir de 3 Anos<\/td>\n<\/tr>\n<\/tbody>\n<\/table>\n<\/div>\n<\/div>\n<\/div>\n","protected":false},"excerpt":{"rendered":"<p>A\u00a0Cole\u00e7\u00e3o Imantados Letras e N\u00fameros \u00a0\u00e9 um vers\u00e1til recurso pedag\u00f3gico composto por 54 pe\u00e7as magn\u00e9ticas, geralmente acondicionadas em uma pr\u00e1tica bolsa de PVC transparente. O conjunto apresenta todas as letras do alfabeto com seus devidos acentos (como \u00c7) e os<\/p>\n","protected":false},"featured_media":8298,"comment_status":"open","ping_status":"closed","template":"","meta":[],"product_brand":[],"product_cat":[209],"product_tag":[],"class_list":{"0":"post-8217","1":"product","2":"type-product","3":"status-publish","6":"product_cat-letramento-jogos-e-brinquedos","8":"first","9":"instock","10":"shipping-taxable","11":"purchasable","12":"product-type-simple"},"_links":{"self":[{"href":"https:\/\/educaredigital.online\/loja\/wp-json\/wp\/v2\/product\/8217","targetHints":{"allow":["GET"]}}],"collection":[{"href":"https:\/\/educaredigital.online\/loja\/wp-json\/wp\/v2\/product"}],"about":[{"href":"https:\/\/educaredigital.online\/loja\/wp-json\/wp\/v2\/types\/product"}],"replies":[{"embeddable":true,"href":"https:\/\/educaredigital.online\/loja\/wp-json\/wp\/v2\/comments?post=8217"}],"wp:featuredmedia":[{"embeddable":true,"href":"https:\/\/educaredigital.online\/loja\/wp-json\/wp\/v2\/media\/8298"}],"wp:attachment":[{"href":"https:\/\/educaredigital.online\/loja\/wp-json\/wp\/v2\/media?parent=8217"}],"wp:term":[{"taxonomy":"product_brand","embeddable":true,"href":"https:\/\/educaredigital.online\/loja\/wp-json\/wp\/v2\/product_brand?post=8217"},{"taxonomy":"product_cat","embeddable":true,"href":"https:\/\/educaredigital.online\/loja\/wp-json\/wp\/v2\/product_cat?post=8217"},{"taxonomy":"product_tag","embeddable":true,"href":"https:\/\/educaredigital.online\/loja\/wp-json\/wp\/v2\/product_tag?post=8217"}],"curies":[{"name":"wp","href":"https:\/\/api.w.org\/{rel}","templated":true}]}}