{"id":8208,"date":"2026-04-14T19:09:55","date_gmt":"2026-04-14T19:09:55","guid":{"rendered":"https:\/\/educaredigital.online\/loja\/?post_type=product&#038;p=8208"},"modified":"2026-04-20T18:00:30","modified_gmt":"2026-04-20T18:00:30","slug":"banner-cientifico-fotossintese","status":"publish","type":"product","link":"https:\/\/educaredigital.online\/loja\/produto\/banner-cientifico-fotossintese\/","title":{"rendered":"Banner Cient\u00edfico &#8211; Fotoss\u00edntese"},"content":{"rendered":"<p data-start=\"0\" data-end=\"259\">O <strong data-start=\"2\" data-end=\"28\">banner de fotoss\u00edntese<\/strong> apresenta de forma clara e visual o processo pelo qual as plantas produzem seu pr\u00f3prio alimento utilizando luz solar, \u00e1gua e g\u00e1s carb\u00f4nico. Ele geralmente ilustra como ocorre a transforma\u00e7\u00e3o desses elementos em glicose e oxig\u00eanio.<\/p>\n<p data-start=\"261\" data-end=\"495\" data-is-last-node=\"\" data-is-only-node=\"\">Muito utilizado no ensino de Ci\u00eancias, esse material ajuda os alunos a compreenderem a import\u00e2ncia da fotoss\u00edntese para a vida no planeta <span class=\"hover:entity-accent entity-underline inline cursor-pointer align-baseline\"><span class=\"whitespace-normal\">Terra<\/span><\/span>, tornando o aprendizado mais did\u00e1tico e f\u00e1cil de entender.<\/p>\n","protected":false},"excerpt":{"rendered":"<p>Adicione ao seu pedido e personalize ainda mais: solicite tamb\u00e9m nossos <span class=\"notion-enable-hover\" data-token-index=\"1\">mapas histricos<\/span> e escolha o modelo ideal para o seu objetivo!<!-- notionvc: 985be0d6-592d-4dd9-8e89-1b9abf76d6e4 --><\/p>\n","protected":false},"featured_media":8209,"comment_status":"open","ping_status":"closed","template":"","meta":[],"product_brand":[],"product_cat":[218],"product_tag":[],"class_list":{"0":"post-8208","1":"product","2":"type-product","3":"status-publish","6":"product_cat-banners-e-mapas","8":"first","9":"instock","10":"shipping-taxable","11":"purchasable","12":"product-type-simple"},"_links":{"self":[{"href":"https:\/\/educaredigital.online\/loja\/wp-json\/wp\/v2\/product\/8208","targetHints":{"allow":["GET"]}}],"collection":[{"href":"https:\/\/educaredigital.online\/loja\/wp-json\/wp\/v2\/product"}],"about":[{"href":"https:\/\/educaredigital.online\/loja\/wp-json\/wp\/v2\/types\/product"}],"replies":[{"embeddable":true,"href":"https:\/\/educaredigital.online\/loja\/wp-json\/wp\/v2\/comments?post=8208"}],"wp:featuredmedia":[{"embeddable":true,"href":"https:\/\/educaredigital.online\/loja\/wp-json\/wp\/v2\/media\/8209"}],"wp:attachment":[{"href":"https:\/\/educaredigital.online\/loja\/wp-json\/wp\/v2\/media?parent=8208"}],"wp:term":[{"taxonomy":"product_brand","embeddable":true,"href":"https:\/\/educaredigital.online\/loja\/wp-json\/wp\/v2\/product_brand?post=8208"},{"taxonomy":"product_cat","embeddable":true,"href":"https:\/\/educaredigital.online\/loja\/wp-json\/wp\/v2\/product_cat?post=8208"},{"taxonomy":"product_tag","embeddable":true,"href":"https:\/\/educaredigital.online\/loja\/wp-json\/wp\/v2\/product_tag?post=8208"}],"curies":[{"name":"wp","href":"https:\/\/api.w.org\/{rel}","templated":true}]}}