{"id":8206,"date":"2026-04-14T19:12:39","date_gmt":"2026-04-14T19:12:39","guid":{"rendered":"https:\/\/educaredigital.online\/loja\/?post_type=product&#038;p=8206"},"modified":"2026-04-29T13:10:29","modified_gmt":"2026-04-29T13:10:29","slug":"trenzinho-de-letras-quebra-cabeca-26-pecas","status":"publish","type":"product","link":"https:\/\/educaredigital.online\/loja\/produto\/trenzinho-de-letras-quebra-cabeca-26-pecas\/","title":{"rendered":"Trenzinho de Letras  Quebra &#8211; Cabe\u00e7a 26 Pe\u00e7as"},"content":{"rendered":"<p class=\"ds-markdown-paragraph\"><strong>O Trenzinho de Letras<\/strong> \u00e9 um encantador quebra-cabe\u00e7a educativo, geralmente fabricado em madeira de alta qualidade, composto por 26 pe\u00e7as que se encaixam para formar uma locomotiva e seus vag\u00f5es. Cada pe\u00e7a representa um vag\u00e3o tem\u00e1tico e exibe uma letra do alfabeto em mai\u00fasculo, acompanhada da ilustra\u00e7\u00e3o de um animal, personagem ou objeto cujo nome come\u00e7a com aquela letra, como &#8220;A&#8221; de &#8220;Abelha&#8221;. Este material \u00e9 amplamente utilizado como uma ferramenta l\u00fadica no processo de alfabetiza\u00e7\u00e3o.<\/p>\n<p class=\"ds-markdown-paragraph\">Ao montar o trenzinho, a crian\u00e7a \u00e9 estimulada a reconhecer as letras, associ\u00e1-las a suas respectivas imagens e compreender a rela\u00e7\u00e3o entre o s\u00edmbolo gr\u00e1fico e seu som, al\u00e9m de exercitar a ordem alfab\u00e9tica. Este processo desenvolve habilidades fundamentais como a coordena\u00e7\u00e3o motora fina, a percep\u00e7\u00e3o visual, a concentra\u00e7\u00e3o e o racioc\u00ednio l\u00f3gico, transformando o aprendizado do alfabeto em uma atividade divertida e interativa.<\/p>\n<div class=\"details-table-wrapper\">\n<table class=\"product-details-table\">\n<tbody>\n<tr>\n<td>Marca<\/td>\n<td>Carimbras<\/td>\n<\/tr>\n<tr>\n<td>Material<\/td>\n<td>\u00a0MDF<\/td>\n<\/tr>\n<tr>\n<td>Faixa Et\u00e1ria<\/td>\n<td>A partir de 4 Anos<\/td>\n<\/tr>\n<\/tbody>\n<\/table>\n<\/div>\n","protected":false},"excerpt":{"rendered":"<p>O Trenzinho de Letras \u00e9 um encantador quebra-cabe\u00e7a educativo, geralmente fabricado em madeira de alta qualidade, composto por 26 pe\u00e7as que se encaixam para formar uma locomotiva e seus vag\u00f5es. Cada pe\u00e7a representa um vag\u00e3o tem\u00e1tico e exibe uma letra<\/p>\n","protected":false},"featured_media":8210,"comment_status":"open","ping_status":"closed","template":"","meta":[],"product_brand":[],"product_cat":[209,36],"product_tag":[],"class_list":{"0":"post-8206","1":"product","2":"type-product","3":"status-publish","6":"product_cat-letramento-jogos-e-brinquedos","7":"product_cat-letramento","9":"first","10":"instock","11":"shipping-taxable","12":"purchasable","13":"product-type-simple"},"_links":{"self":[{"href":"https:\/\/educaredigital.online\/loja\/wp-json\/wp\/v2\/product\/8206","targetHints":{"allow":["GET"]}}],"collection":[{"href":"https:\/\/educaredigital.online\/loja\/wp-json\/wp\/v2\/product"}],"about":[{"href":"https:\/\/educaredigital.online\/loja\/wp-json\/wp\/v2\/types\/product"}],"replies":[{"embeddable":true,"href":"https:\/\/educaredigital.online\/loja\/wp-json\/wp\/v2\/comments?post=8206"}],"wp:featuredmedia":[{"embeddable":true,"href":"https:\/\/educaredigital.online\/loja\/wp-json\/wp\/v2\/media\/8210"}],"wp:attachment":[{"href":"https:\/\/educaredigital.online\/loja\/wp-json\/wp\/v2\/media?parent=8206"}],"wp:term":[{"taxonomy":"product_brand","embeddable":true,"href":"https:\/\/educaredigital.online\/loja\/wp-json\/wp\/v2\/product_brand?post=8206"},{"taxonomy":"product_cat","embeddable":true,"href":"https:\/\/educaredigital.online\/loja\/wp-json\/wp\/v2\/product_cat?post=8206"},{"taxonomy":"product_tag","embeddable":true,"href":"https:\/\/educaredigital.online\/loja\/wp-json\/wp\/v2\/product_tag?post=8206"}],"curies":[{"name":"wp","href":"https:\/\/api.w.org\/{rel}","templated":true}]}}