{"id":8204,"date":"2026-04-14T19:08:44","date_gmt":"2026-04-14T19:08:44","guid":{"rendered":"https:\/\/educaredigital.online\/loja\/?post_type=product&#038;p=8204"},"modified":"2026-04-20T18:00:30","modified_gmt":"2026-04-20T18:00:30","slug":"banner-cientifico-sistema-tegumentar","status":"publish","type":"product","link":"https:\/\/educaredigital.online\/loja\/produto\/banner-cientifico-sistema-tegumentar\/","title":{"rendered":"Banner Cient\u00edfico &#8211; Sistema Tegumentar"},"content":{"rendered":"<p data-start=\"0\" data-end=\"274\">O <strong data-start=\"2\" data-end=\"34\">banner do sistema tegumentar<\/strong> apresenta de forma visual e did\u00e1tica as estruturas que comp\u00f5em a prote\u00e7\u00e3o externa do corpo humano, como pele, pelos, unhas e gl\u00e2ndulas. Ele destaca as camadas da pele e suas fun\u00e7\u00f5es, como prote\u00e7\u00e3o, regula\u00e7\u00e3o da temperatura e sensibilidade.<\/p>\n<p data-start=\"276\" data-end=\"450\" data-is-last-node=\"\" data-is-only-node=\"\">Muito utilizado no ensino de Ci\u00eancias e Biologia, esse material facilita a compreens\u00e3o do corpo humano, tornando o aprendizado mais claro, pr\u00e1tico e acess\u00edvel para os alunos.<\/p>\n","protected":false},"excerpt":{"rendered":"<p>Adicione ao seu pedido e personalize ainda mais: solicite tamb\u00e9m nossos <span class=\"notion-enable-hover\" data-token-index=\"1\">mapas histricos<\/span> e escolha o modelo ideal para o seu objetivo!<!-- notionvc: f2119481-3de6-4ce0-9d57-240244a8100c --><\/p>\n","protected":false},"featured_media":8205,"comment_status":"open","ping_status":"closed","template":"","meta":[],"product_brand":[],"product_cat":[218],"product_tag":[],"class_list":{"0":"post-8204","1":"product","2":"type-product","3":"status-publish","6":"product_cat-banners-e-mapas","8":"first","9":"instock","10":"shipping-taxable","11":"purchasable","12":"product-type-simple"},"_links":{"self":[{"href":"https:\/\/educaredigital.online\/loja\/wp-json\/wp\/v2\/product\/8204","targetHints":{"allow":["GET"]}}],"collection":[{"href":"https:\/\/educaredigital.online\/loja\/wp-json\/wp\/v2\/product"}],"about":[{"href":"https:\/\/educaredigital.online\/loja\/wp-json\/wp\/v2\/types\/product"}],"replies":[{"embeddable":true,"href":"https:\/\/educaredigital.online\/loja\/wp-json\/wp\/v2\/comments?post=8204"}],"wp:featuredmedia":[{"embeddable":true,"href":"https:\/\/educaredigital.online\/loja\/wp-json\/wp\/v2\/media\/8205"}],"wp:attachment":[{"href":"https:\/\/educaredigital.online\/loja\/wp-json\/wp\/v2\/media?parent=8204"}],"wp:term":[{"taxonomy":"product_brand","embeddable":true,"href":"https:\/\/educaredigital.online\/loja\/wp-json\/wp\/v2\/product_brand?post=8204"},{"taxonomy":"product_cat","embeddable":true,"href":"https:\/\/educaredigital.online\/loja\/wp-json\/wp\/v2\/product_cat?post=8204"},{"taxonomy":"product_tag","embeddable":true,"href":"https:\/\/educaredigital.online\/loja\/wp-json\/wp\/v2\/product_tag?post=8204"}],"curies":[{"name":"wp","href":"https:\/\/api.w.org\/{rel}","templated":true}]}}