{"id":8200,"date":"2026-04-14T19:07:11","date_gmt":"2026-04-14T19:07:11","guid":{"rendered":"https:\/\/educaredigital.online\/loja\/?post_type=product&#038;p=8200"},"modified":"2026-04-20T18:00:30","modified_gmt":"2026-04-20T18:00:30","slug":"banner-cientifico-sistema-reprodutor-feminino","status":"publish","type":"product","link":"https:\/\/educaredigital.online\/loja\/produto\/banner-cientifico-sistema-reprodutor-feminino\/","title":{"rendered":"Banner Cient\u00edfico &#8211; Sistema Reprodutor Feminino"},"content":{"rendered":"<p data-start=\"0\" data-end=\"286\">O <strong data-start=\"2\" data-end=\"43\">banner do sistema reprodutor feminino<\/strong> apresenta de forma clara e did\u00e1tica as principais estruturas do corpo humano relacionadas \u00e0 reprodu\u00e7\u00e3o, como ov\u00e1rios, trompas de Fal\u00f3pio, \u00fatero e vagina. Ele mostra a localiza\u00e7\u00e3o e a fun\u00e7\u00e3o de cada \u00f3rg\u00e3o, facilitando a compreens\u00e3o do sistema.<\/p>\n<p data-start=\"288\" data-end=\"461\" data-is-last-node=\"\" data-is-only-node=\"\">Muito utilizado em escolas, esse material auxilia no ensino de Ci\u00eancias e Biologia, contribuindo para um aprendizado mais visual, acess\u00edvel e educativo sobre o corpo humano.<\/p>\n","protected":false},"excerpt":{"rendered":"<p>Adicione ao seu pedido e personalize ainda mais: solicite tamb\u00e9m nossos <span class=\"notion-enable-hover\" data-token-index=\"1\">mapas histricos<\/span> e escolha o modelo ideal para o seu objetivo!<!-- notionvc: 371c4229-8c8b-48f1-9314-bb085eebd65b --><\/p>\n","protected":false},"featured_media":8201,"comment_status":"open","ping_status":"closed","template":"","meta":[],"product_brand":[],"product_cat":[218],"product_tag":[],"class_list":{"0":"post-8200","1":"product","2":"type-product","3":"status-publish","6":"product_cat-banners-e-mapas","8":"first","9":"instock","10":"shipping-taxable","11":"purchasable","12":"product-type-simple"},"_links":{"self":[{"href":"https:\/\/educaredigital.online\/loja\/wp-json\/wp\/v2\/product\/8200","targetHints":{"allow":["GET"]}}],"collection":[{"href":"https:\/\/educaredigital.online\/loja\/wp-json\/wp\/v2\/product"}],"about":[{"href":"https:\/\/educaredigital.online\/loja\/wp-json\/wp\/v2\/types\/product"}],"replies":[{"embeddable":true,"href":"https:\/\/educaredigital.online\/loja\/wp-json\/wp\/v2\/comments?post=8200"}],"wp:featuredmedia":[{"embeddable":true,"href":"https:\/\/educaredigital.online\/loja\/wp-json\/wp\/v2\/media\/8201"}],"wp:attachment":[{"href":"https:\/\/educaredigital.online\/loja\/wp-json\/wp\/v2\/media?parent=8200"}],"wp:term":[{"taxonomy":"product_brand","embeddable":true,"href":"https:\/\/educaredigital.online\/loja\/wp-json\/wp\/v2\/product_brand?post=8200"},{"taxonomy":"product_cat","embeddable":true,"href":"https:\/\/educaredigital.online\/loja\/wp-json\/wp\/v2\/product_cat?post=8200"},{"taxonomy":"product_tag","embeddable":true,"href":"https:\/\/educaredigital.online\/loja\/wp-json\/wp\/v2\/product_tag?post=8200"}],"curies":[{"name":"wp","href":"https:\/\/api.w.org\/{rel}","templated":true}]}}