{"id":8195,"date":"2026-04-14T19:07:52","date_gmt":"2026-04-14T19:07:52","guid":{"rendered":"https:\/\/educaredigital.online\/loja\/?post_type=product&#038;p=8195"},"modified":"2026-04-24T20:34:18","modified_gmt":"2026-04-24T20:34:18","slug":"quadro-magnetico-03-em-01","status":"publish","type":"product","link":"https:\/\/educaredigital.online\/loja\/produto\/quadro-magnetico-03-em-01\/","title":{"rendered":"Quadro Magn\u00e9tico- 03 em 01"},"content":{"rendered":"<div class=\"ds-message _63c77b1\">\n<div class=\"ds-markdown\">\n<p class=\"ds-markdown-paragraph\">\u00a0<strong>Quadro Magn\u00e9tico 03 em 01 da Carimbras<\/strong> \u00e9 um vers\u00e1til brinquedo de madeira que, em um \u00fanico produto, re\u00fane uma lousa verde para giz, um quadro branco para canet\u00e3o e um painel magn\u00e9tico. O conjunto vem com um cavalete, que ao ser montado atinge 1 metro de altura, e inclui 54 letras e n\u00fameros decorados e magn\u00e9ticos, 4 gizes coloridos, um pincel para quadro branco, um apagador e um cesto pl\u00e1stico para organizar as pe\u00e7as.<\/p>\n<p class=\"ds-markdown-paragraph\">O brinquedo \u00e9 uma excelente ferramenta pedag\u00f3gica que, de forma l\u00fadica, estimula a criatividade, a imagina\u00e7\u00e3o, a pr\u00e1tica da escrita e o aprendizado de letras e n\u00fameros. Al\u00e9m disso, a variedade de atividades ajuda a desenvolver a coordena\u00e7\u00e3o motora e a percep\u00e7\u00e3o visual da crian\u00e7a, tornando o processo de aprendizagem mais divertido e interativo.<\/p>\n<div class=\"details-table-wrapper\">\n<table class=\"product-details-table\">\n<tbody>\n<tr>\n<td>Marca<\/td>\n<td>Carimbras<\/td>\n<\/tr>\n<tr>\n<td>Material<\/td>\n<td>\u00a0Madeira<\/td>\n<\/tr>\n<tr>\n<td>Faixa Et\u00e1ria<\/td>\n<td>A partir de 3 Anos<\/td>\n<\/tr>\n<\/tbody>\n<\/table>\n<\/div>\n<\/div>\n<\/div>\n","protected":false},"excerpt":{"rendered":"<p>\u00a0Quadro Magn\u00e9tico 03 em 01 da Carimbras \u00e9 um vers\u00e1til brinquedo de madeira que, em um \u00fanico produto, re\u00fane uma lousa verde para giz, um quadro branco para canet\u00e3o e um painel magn\u00e9tico. O conjunto vem com um cavalete, que<\/p>\n","protected":false},"featured_media":8202,"comment_status":"open","ping_status":"closed","template":"","meta":[],"product_brand":[227],"product_cat":[209,50],"product_tag":[],"class_list":{"0":"post-8195","1":"product","2":"type-product","3":"status-publish","6":"product_brand-carimbras","7":"product_cat-letramento-jogos-e-brinquedos","8":"product_cat-moveis-escolares","10":"first","11":"instock","12":"shipping-taxable","13":"purchasable","14":"product-type-simple"},"_links":{"self":[{"href":"https:\/\/educaredigital.online\/loja\/wp-json\/wp\/v2\/product\/8195","targetHints":{"allow":["GET"]}}],"collection":[{"href":"https:\/\/educaredigital.online\/loja\/wp-json\/wp\/v2\/product"}],"about":[{"href":"https:\/\/educaredigital.online\/loja\/wp-json\/wp\/v2\/types\/product"}],"replies":[{"embeddable":true,"href":"https:\/\/educaredigital.online\/loja\/wp-json\/wp\/v2\/comments?post=8195"}],"wp:featuredmedia":[{"embeddable":true,"href":"https:\/\/educaredigital.online\/loja\/wp-json\/wp\/v2\/media\/8202"}],"wp:attachment":[{"href":"https:\/\/educaredigital.online\/loja\/wp-json\/wp\/v2\/media?parent=8195"}],"wp:term":[{"taxonomy":"product_brand","embeddable":true,"href":"https:\/\/educaredigital.online\/loja\/wp-json\/wp\/v2\/product_brand?post=8195"},{"taxonomy":"product_cat","embeddable":true,"href":"https:\/\/educaredigital.online\/loja\/wp-json\/wp\/v2\/product_cat?post=8195"},{"taxonomy":"product_tag","embeddable":true,"href":"https:\/\/educaredigital.online\/loja\/wp-json\/wp\/v2\/product_tag?post=8195"}],"curies":[{"name":"wp","href":"https:\/\/api.w.org\/{rel}","templated":true}]}}