{"id":8193,"date":"2026-04-14T19:05:01","date_gmt":"2026-04-14T19:05:01","guid":{"rendered":"https:\/\/educaredigital.online\/loja\/?post_type=product&#038;p=8193"},"modified":"2026-04-20T18:00:30","modified_gmt":"2026-04-20T18:00:30","slug":"banner-cientifico-sistema-reprodutor-masculino","status":"publish","type":"product","link":"https:\/\/educaredigital.online\/loja\/produto\/banner-cientifico-sistema-reprodutor-masculino\/","title":{"rendered":"Banner Cient\u00edfico &#8211; Sistema Reprodutor Masculino"},"content":{"rendered":"<p data-start=\"0\" data-end=\"288\">O <strong data-start=\"2\" data-end=\"44\">banner do sistema reprodutor masculino<\/strong> apresenta de forma did\u00e1tica as principais estruturas respons\u00e1veis pela reprodu\u00e7\u00e3o no corpo humano, como p\u00eanis, test\u00edculos, pr\u00f3stata e ductos reprodutores. Ele mostra a localiza\u00e7\u00e3o e a fun\u00e7\u00e3o de cada \u00f3rg\u00e3o, facilitando a compreens\u00e3o do sistema.<\/p>\n<p data-start=\"290\" data-end=\"472\" data-is-last-node=\"\" data-is-only-node=\"\">Muito utilizado em escolas, esse tipo de material auxilia no ensino de Ci\u00eancias e Biologia, contribuindo para o aprendizado sobre o corpo humano de maneira clara, visual e educativa.<\/p>\n","protected":false},"excerpt":{"rendered":"<p>Adicione ao seu pedido e personalize ainda mais: solicite tamb\u00e9m nossos <span class=\"notion-enable-hover\" data-token-index=\"1\">mapas histricos<\/span> e escolha o modelo ideal para o seu objetivo!<!-- notionvc: 76024bf3-62bf-4c81-9b35-2b6d8b381283 --><\/p>\n","protected":false},"featured_media":8194,"comment_status":"open","ping_status":"closed","template":"","meta":[],"product_brand":[],"product_cat":[218],"product_tag":[],"class_list":{"0":"post-8193","1":"product","2":"type-product","3":"status-publish","6":"product_cat-banners-e-mapas","8":"first","9":"instock","10":"shipping-taxable","11":"purchasable","12":"product-type-simple"},"_links":{"self":[{"href":"https:\/\/educaredigital.online\/loja\/wp-json\/wp\/v2\/product\/8193","targetHints":{"allow":["GET"]}}],"collection":[{"href":"https:\/\/educaredigital.online\/loja\/wp-json\/wp\/v2\/product"}],"about":[{"href":"https:\/\/educaredigital.online\/loja\/wp-json\/wp\/v2\/types\/product"}],"replies":[{"embeddable":true,"href":"https:\/\/educaredigital.online\/loja\/wp-json\/wp\/v2\/comments?post=8193"}],"wp:featuredmedia":[{"embeddable":true,"href":"https:\/\/educaredigital.online\/loja\/wp-json\/wp\/v2\/media\/8194"}],"wp:attachment":[{"href":"https:\/\/educaredigital.online\/loja\/wp-json\/wp\/v2\/media?parent=8193"}],"wp:term":[{"taxonomy":"product_brand","embeddable":true,"href":"https:\/\/educaredigital.online\/loja\/wp-json\/wp\/v2\/product_brand?post=8193"},{"taxonomy":"product_cat","embeddable":true,"href":"https:\/\/educaredigital.online\/loja\/wp-json\/wp\/v2\/product_cat?post=8193"},{"taxonomy":"product_tag","embeddable":true,"href":"https:\/\/educaredigital.online\/loja\/wp-json\/wp\/v2\/product_tag?post=8193"}],"curies":[{"name":"wp","href":"https:\/\/api.w.org\/{rel}","templated":true}]}}