{"id":8187,"date":"2026-04-14T19:03:52","date_gmt":"2026-04-14T19:03:52","guid":{"rendered":"https:\/\/educaredigital.online\/loja\/?post_type=product&#038;p=8187"},"modified":"2026-04-24T20:34:29","modified_gmt":"2026-04-24T20:34:29","slug":"forme-palavras-70-pecas","status":"publish","type":"product","link":"https:\/\/educaredigital.online\/loja\/produto\/forme-palavras-70-pecas\/","title":{"rendered":"Forme Palavras 70 Pe\u00e7as"},"content":{"rendered":"<div class=\"ds-message _63c77b1\">\n<div class=\"ds-markdown\">\n<p class=\"ds-markdown-paragraph\">O\u00a0<strong>Jogo Forme Palavras<\/strong>\u00a0\u00e9 um alfabeto m\u00f3vel em formato de quebra-cabe\u00e7a, composto por 70 pe\u00e7as de madeira (MDF) recortadas que representam as letras do alfabeto. Acondicionadas em uma pr\u00e1tica caixa tipo estojo, as pe\u00e7as se encaixam umas \u00e0s outras, permitindo que a crian\u00e7a forme palavras, s\u00edlabas e at\u00e9 mesmo o alfabeto completo, unindo aprendizado e brincadeira.<\/p>\n<p class=\"ds-markdown-paragraph\">\u00a0Este jogo trabalha o interesse pela linguagem e auxilia diretamente na alfabetiza\u00e7\u00e3o. Ao manusear as letras, a crian\u00e7a desenvolve a discrimina\u00e7\u00e3o visual, a nomea\u00e7\u00e3o e a ordem alfab\u00e9tica, al\u00e9m de estimular a coordena\u00e7\u00e3o motora fina. \u00c9 uma ferramenta l\u00fadica e poderosa que transforma o aprendizado da leitura e da escrita em uma atividade prazerosa e desafiadora.<\/p>\n<div class=\"details-table-wrapper\">\n<table class=\"product-details-table\">\n<tbody>\n<tr>\n<td>Marca<\/td>\n<td>Carimbras<\/td>\n<\/tr>\n<tr>\n<td>Material<\/td>\n<td>\u00a0MDF<\/td>\n<\/tr>\n<tr>\n<td>Faixa Et\u00e1ria<\/td>\n<td>A partir de 3 Anos<\/td>\n<\/tr>\n<\/tbody>\n<\/table>\n<\/div>\n<\/div>\n<\/div>\n","protected":false},"excerpt":{"rendered":"<p>O\u00a0Jogo Forme Palavras\u00a0\u00e9 um alfabeto m\u00f3vel em formato de quebra-cabe\u00e7a, composto por 70 pe\u00e7as de madeira (MDF) recortadas que representam as letras do alfabeto. Acondicionadas em uma pr\u00e1tica caixa tipo estojo, as pe\u00e7as se encaixam umas \u00e0s outras, permitindo que<\/p>\n","protected":false},"featured_media":8190,"comment_status":"open","ping_status":"closed","template":"","meta":[],"product_brand":[227],"product_cat":[209,36],"product_tag":[],"class_list":{"0":"post-8187","1":"product","2":"type-product","3":"status-publish","6":"product_brand-carimbras","7":"product_cat-letramento-jogos-e-brinquedos","8":"product_cat-letramento","10":"first","11":"instock","12":"shipping-taxable","13":"purchasable","14":"product-type-simple"},"_links":{"self":[{"href":"https:\/\/educaredigital.online\/loja\/wp-json\/wp\/v2\/product\/8187","targetHints":{"allow":["GET"]}}],"collection":[{"href":"https:\/\/educaredigital.online\/loja\/wp-json\/wp\/v2\/product"}],"about":[{"href":"https:\/\/educaredigital.online\/loja\/wp-json\/wp\/v2\/types\/product"}],"replies":[{"embeddable":true,"href":"https:\/\/educaredigital.online\/loja\/wp-json\/wp\/v2\/comments?post=8187"}],"wp:featuredmedia":[{"embeddable":true,"href":"https:\/\/educaredigital.online\/loja\/wp-json\/wp\/v2\/media\/8190"}],"wp:attachment":[{"href":"https:\/\/educaredigital.online\/loja\/wp-json\/wp\/v2\/media?parent=8187"}],"wp:term":[{"taxonomy":"product_brand","embeddable":true,"href":"https:\/\/educaredigital.online\/loja\/wp-json\/wp\/v2\/product_brand?post=8187"},{"taxonomy":"product_cat","embeddable":true,"href":"https:\/\/educaredigital.online\/loja\/wp-json\/wp\/v2\/product_cat?post=8187"},{"taxonomy":"product_tag","embeddable":true,"href":"https:\/\/educaredigital.online\/loja\/wp-json\/wp\/v2\/product_tag?post=8187"}],"curies":[{"name":"wp","href":"https:\/\/api.w.org\/{rel}","templated":true}]}}