{"id":8179,"date":"2026-04-14T18:56:00","date_gmt":"2026-04-14T18:56:00","guid":{"rendered":"https:\/\/educaredigital.online\/loja\/?post_type=product&#038;p=8179"},"modified":"2026-04-24T20:35:43","modified_gmt":"2026-04-24T20:35:43","slug":"conjunto-criativo-multi-ideias-500-pecas","status":"publish","type":"product","link":"https:\/\/educaredigital.online\/loja\/produto\/conjunto-criativo-multi-ideias-500-pecas\/","title":{"rendered":"Conjunto Criativo Multi Ideias 500 Pe\u00e7as"},"content":{"rendered":"<p class=\"ds-markdown-paragraph\">O\u00a0<strong>Conjunto Criativo Multi Ideias 500 Pe\u00e7as<\/strong> da Brink Mobil \u00e9 um kit vers\u00e1til de encaixe composto por 500 pe\u00e7as de pl\u00e1stico polipropileno at\u00f3xico de alto brilho. O conjunto inclui uma variedade de formatos, como pe\u00e7as com 12, 8, 4 e 2 encaixes, telhados, bonecos, eixos com rodas, semic\u00edrculos, chaves de boca dupla e barras paralelas em tr\u00eas tamanhos diferentes. Acondicionado em uma pr\u00e1tica sacola de PVC cristal com z\u00edper.<\/p>\n<p class=\"ds-markdown-paragraph\">Ao brincar com este conjunto, a crian\u00e7a tem a liberdade de criar desde ve\u00edculos e casas at\u00e9 rob\u00f4s e estruturas complexas, estimulando a criatividade, a coordena\u00e7\u00e3o motora e o racioc\u00ednio l\u00f3gico para a resolu\u00e7\u00e3o de problemas. As pe\u00e7as coloridas e os diversos tipos de encaixe tamb\u00e9m ajudam a desenvolver no\u00e7\u00f5es iniciais de engenharia e arquitetura, proporcionando uma experi\u00eancia de aprendizado completa e divertida.<\/p>\n<div class=\"details-table-wrapper\">\n<table class=\"product-details-table\">\n<tbody>\n<tr>\n<td>Marca<\/td>\n<td>Brink Mobil<\/td>\n<\/tr>\n<tr>\n<td>Material<\/td>\n<td>\u00a0Pl\u00e1stico<\/td>\n<\/tr>\n<tr>\n<td>Faixa Et\u00e1ria<\/td>\n<td>A partir de 3 Anos<\/td>\n<\/tr>\n<\/tbody>\n<\/table>\n<\/div>\n","protected":false},"excerpt":{"rendered":"<p>O\u00a0Conjunto Criativo Multi Ideias 500 Pe\u00e7as da Brink Mobil \u00e9 um kit vers\u00e1til de encaixe composto por 500 pe\u00e7as de pl\u00e1stico polipropileno at\u00f3xico de alto brilho. O conjunto inclui uma variedade de formatos, como pe\u00e7as com 12, 8, 4 e<\/p>\n","protected":false},"featured_media":8182,"comment_status":"open","ping_status":"closed","template":"","meta":[],"product_brand":[232],"product_cat":[213,38,211],"product_tag":[],"class_list":{"0":"post-8179","1":"product","2":"type-product","3":"status-publish","6":"product_brand-brink-mobil","7":"product_cat-brinquedos-jogos-e-brinquedos","8":"product_cat-psicomotricidade","9":"product_cat-psicomotricidade-jogos-e-brinquedos","11":"first","12":"instock","13":"shipping-taxable","14":"purchasable","15":"product-type-simple"},"_links":{"self":[{"href":"https:\/\/educaredigital.online\/loja\/wp-json\/wp\/v2\/product\/8179","targetHints":{"allow":["GET"]}}],"collection":[{"href":"https:\/\/educaredigital.online\/loja\/wp-json\/wp\/v2\/product"}],"about":[{"href":"https:\/\/educaredigital.online\/loja\/wp-json\/wp\/v2\/types\/product"}],"replies":[{"embeddable":true,"href":"https:\/\/educaredigital.online\/loja\/wp-json\/wp\/v2\/comments?post=8179"}],"wp:featuredmedia":[{"embeddable":true,"href":"https:\/\/educaredigital.online\/loja\/wp-json\/wp\/v2\/media\/8182"}],"wp:attachment":[{"href":"https:\/\/educaredigital.online\/loja\/wp-json\/wp\/v2\/media?parent=8179"}],"wp:term":[{"taxonomy":"product_brand","embeddable":true,"href":"https:\/\/educaredigital.online\/loja\/wp-json\/wp\/v2\/product_brand?post=8179"},{"taxonomy":"product_cat","embeddable":true,"href":"https:\/\/educaredigital.online\/loja\/wp-json\/wp\/v2\/product_cat?post=8179"},{"taxonomy":"product_tag","embeddable":true,"href":"https:\/\/educaredigital.online\/loja\/wp-json\/wp\/v2\/product_tag?post=8179"}],"curies":[{"name":"wp","href":"https:\/\/api.w.org\/{rel}","templated":true}]}}