{"id":8176,"date":"2026-04-14T18:52:35","date_gmt":"2026-04-14T18:52:35","guid":{"rendered":"https:\/\/educaredigital.online\/loja\/?post_type=product&#038;p=8176"},"modified":"2026-04-24T20:35:50","modified_gmt":"2026-04-24T20:35:50","slug":"conjunto-criativo-articulando-ideias-500-pecas","status":"publish","type":"product","link":"https:\/\/educaredigital.online\/loja\/produto\/conjunto-criativo-articulando-ideias-500-pecas\/","title":{"rendered":"Conjunto Criativo Articulando Ideias 500 Pe\u00e7as"},"content":{"rendered":"<div class=\"ds-message _63c77b1\">\n<div class=\"ds-markdown\">\n<p class=\"ds-markdown-paragraph\">O\u00a0<strong>Conjunto Criativo Articulando Ideias 500 Pe\u00e7as<\/strong> \u00e9 um kit de blocos de montar que vai muito al\u00e9m do formato tradicional. Composto por 500 pe\u00e7as de pl\u00e1stico polipropileno at\u00f3xico de alto brilho e cores vivas, este conjunto se destaca pela diversidade de componentes, que incluem m\u00e3os, botas, pinos, rodas, troncos, cabe\u00e7as, tampas e jun\u00e7\u00f5es de diferentes tipos. A variedade de formatos e as m\u00faltiplas possibilidades de encaixe s\u00e3o projetadas para estimular a cria\u00e7\u00e3o de modelos complexos, rob\u00f4s e personagens articul\u00e1veis, onde as pe\u00e7as se movimentam e interagem.<\/p>\n<p class=\"ds-markdown-paragraph\">Este brinquedo \u00e9 uma ferramenta educativa poderosa que promove o desenvolvimento da criatividade, do racioc\u00ednio l\u00f3gico e da capacidade de resolver problemas de forma l\u00fadica. O conjunto \u00e9 acondicionado em uma pr\u00e1tica sacola de PVC com z\u00edper, facilitando a organiza\u00e7\u00e3o e o transporte. Ao construir e experimentar, a crian\u00e7a explora conceitos de engenharia e design, exercitando a coordena\u00e7\u00e3o motora fina e a paci\u00eancia enquanto d\u00e1 vida \u00e0s suas pr\u00f3prias inven\u00e7\u00f5es.<\/p>\n<div class=\"details-table-wrapper\">\n<table class=\"product-details-table\">\n<tbody>\n<tr>\n<td>Marca<\/td>\n<td>Brink Mobil<\/td>\n<\/tr>\n<tr>\n<td>Material<\/td>\n<td>\u00a0Pl\u00e1stico<\/td>\n<\/tr>\n<tr>\n<td>Faixa Et\u00e1ria<\/td>\n<td>A partir de 6 Anos<\/td>\n<\/tr>\n<\/tbody>\n<\/table>\n<\/div>\n<\/div>\n<\/div>\n","protected":false},"excerpt":{"rendered":"<p>O\u00a0Conjunto Criativo Articulando Ideias 500 Pe\u00e7as \u00e9 um kit de blocos de montar que vai muito al\u00e9m do formato tradicional. Composto por 500 pe\u00e7as de pl\u00e1stico polipropileno at\u00f3xico de alto brilho e cores vivas, este conjunto se destaca pela diversidade<\/p>\n","protected":false},"featured_media":8177,"comment_status":"open","ping_status":"closed","template":"","meta":[],"product_brand":[232],"product_cat":[211],"product_tag":[],"class_list":{"0":"post-8176","1":"product","2":"type-product","3":"status-publish","6":"product_brand-brink-mobil","7":"product_cat-psicomotricidade-jogos-e-brinquedos","9":"first","10":"instock","11":"shipping-taxable","12":"purchasable","13":"product-type-simple"},"_links":{"self":[{"href":"https:\/\/educaredigital.online\/loja\/wp-json\/wp\/v2\/product\/8176","targetHints":{"allow":["GET"]}}],"collection":[{"href":"https:\/\/educaredigital.online\/loja\/wp-json\/wp\/v2\/product"}],"about":[{"href":"https:\/\/educaredigital.online\/loja\/wp-json\/wp\/v2\/types\/product"}],"replies":[{"embeddable":true,"href":"https:\/\/educaredigital.online\/loja\/wp-json\/wp\/v2\/comments?post=8176"}],"wp:featuredmedia":[{"embeddable":true,"href":"https:\/\/educaredigital.online\/loja\/wp-json\/wp\/v2\/media\/8177"}],"wp:attachment":[{"href":"https:\/\/educaredigital.online\/loja\/wp-json\/wp\/v2\/media?parent=8176"}],"wp:term":[{"taxonomy":"product_brand","embeddable":true,"href":"https:\/\/educaredigital.online\/loja\/wp-json\/wp\/v2\/product_brand?post=8176"},{"taxonomy":"product_cat","embeddable":true,"href":"https:\/\/educaredigital.online\/loja\/wp-json\/wp\/v2\/product_cat?post=8176"},{"taxonomy":"product_tag","embeddable":true,"href":"https:\/\/educaredigital.online\/loja\/wp-json\/wp\/v2\/product_tag?post=8176"}],"curies":[{"name":"wp","href":"https:\/\/api.w.org\/{rel}","templated":true}]}}