{"id":8173,"date":"2026-04-14T18:48:42","date_gmt":"2026-04-14T18:48:42","guid":{"rendered":"https:\/\/educaredigital.online\/loja\/?post_type=product&#038;p=8173"},"modified":"2026-04-24T20:35:56","modified_gmt":"2026-04-24T20:35:56","slug":"paineis-psicomotores-em-madeira-4-jogo","status":"publish","type":"product","link":"https:\/\/educaredigital.online\/loja\/produto\/paineis-psicomotores-em-madeira-4-jogo\/","title":{"rendered":"Paineis Psicomotores Em Madeira &#8211; 4 Jogo"},"content":{"rendered":"<p class=\"ds-markdown-paragraph\">Os\u00a0<strong>Pain\u00e9is Psicomotores em Madeira &#8211; 4 Jogos<\/strong>\u00a0s\u00e3o um conjunto composto por 04 pain\u00e9is de madeira (MDF) vazados que trazem diferentes percursos, como tra\u00e7ados lineares, curvil\u00edneos, labir\u00ednticos e de pr\u00e9-escrita. O objetivo da atividade \u00e9 guiar um pino colorido atrav\u00e9s dos sulcos de cada painel, em um movimento que vai do in\u00edcio ao fim do percurso.<\/p>\n<p class=\"ds-markdown-paragraph\">O brinquedo tem como principal foco estimular e desenvolver a coordena\u00e7\u00e3o motora fina das crian\u00e7as, al\u00e9m de trabalhar a organiza\u00e7\u00e3o espacial, a percep\u00e7\u00e3o visual e a concentra\u00e7\u00e3o. \u00c9 uma ferramenta pedag\u00f3gica ideal para a fase de alfabetiza\u00e7\u00e3o, pois seus exerc\u00edcios preparam a m\u00e3o e o movimento para a escrita.<\/p>\n<div class=\"details-table-wrapper\">\n<table class=\"product-details-table\">\n<tbody>\n<tr>\n<td>Marca<\/td>\n<td>Brink Mobil<\/td>\n<\/tr>\n<tr>\n<td>Material<\/td>\n<td>\u00a0MDF<\/td>\n<\/tr>\n<tr>\n<td>Faixa Et\u00e1ria<\/td>\n<td>A partir de 3 Anos<\/td>\n<\/tr>\n<\/tbody>\n<\/table>\n<\/div>\n","protected":false},"excerpt":{"rendered":"<p>Os\u00a0Pain\u00e9is Psicomotores em Madeira &#8211; 4 Jogos\u00a0s\u00e3o um conjunto composto por 04 pain\u00e9is de madeira (MDF) vazados que trazem diferentes percursos, como tra\u00e7ados lineares, curvil\u00edneos, labir\u00ednticos e de pr\u00e9-escrita. O objetivo da atividade \u00e9 guiar um pino colorido atrav\u00e9s dos<\/p>\n","protected":false},"featured_media":8175,"comment_status":"open","ping_status":"closed","template":"","meta":[],"product_brand":[232],"product_cat":[38,211],"product_tag":[],"class_list":{"0":"post-8173","1":"product","2":"type-product","3":"status-publish","6":"product_brand-brink-mobil","7":"product_cat-psicomotricidade","8":"product_cat-psicomotricidade-jogos-e-brinquedos","10":"first","11":"instock","12":"shipping-taxable","13":"purchasable","14":"product-type-simple"},"_links":{"self":[{"href":"https:\/\/educaredigital.online\/loja\/wp-json\/wp\/v2\/product\/8173","targetHints":{"allow":["GET"]}}],"collection":[{"href":"https:\/\/educaredigital.online\/loja\/wp-json\/wp\/v2\/product"}],"about":[{"href":"https:\/\/educaredigital.online\/loja\/wp-json\/wp\/v2\/types\/product"}],"replies":[{"embeddable":true,"href":"https:\/\/educaredigital.online\/loja\/wp-json\/wp\/v2\/comments?post=8173"}],"wp:featuredmedia":[{"embeddable":true,"href":"https:\/\/educaredigital.online\/loja\/wp-json\/wp\/v2\/media\/8175"}],"wp:attachment":[{"href":"https:\/\/educaredigital.online\/loja\/wp-json\/wp\/v2\/media?parent=8173"}],"wp:term":[{"taxonomy":"product_brand","embeddable":true,"href":"https:\/\/educaredigital.online\/loja\/wp-json\/wp\/v2\/product_brand?post=8173"},{"taxonomy":"product_cat","embeddable":true,"href":"https:\/\/educaredigital.online\/loja\/wp-json\/wp\/v2\/product_cat?post=8173"},{"taxonomy":"product_tag","embeddable":true,"href":"https:\/\/educaredigital.online\/loja\/wp-json\/wp\/v2\/product_tag?post=8173"}],"curies":[{"name":"wp","href":"https:\/\/api.w.org\/{rel}","templated":true}]}}