{"id":8171,"date":"2026-04-14T18:45:57","date_gmt":"2026-04-14T18:45:57","guid":{"rendered":"https:\/\/educaredigital.online\/loja\/?post_type=product&#038;p=8171"},"modified":"2026-04-24T20:36:37","modified_gmt":"2026-04-24T20:36:37","slug":"memoria-de-profissoes-em-mdf-40-pecas","status":"publish","type":"product","link":"https:\/\/educaredigital.online\/loja\/produto\/memoria-de-profissoes-em-mdf-40-pecas\/","title":{"rendered":"Mem\u00f3ria De Profiss\u00f5es Em MDF- 40 Pe\u00e7as"},"content":{"rendered":"<p class=\"ds-markdown-paragraph\">O\u00a0<strong>Jogo da Mem\u00f3ria de Profiss\u00f5es<\/strong>\u00a0\u00e9 um material pedag\u00f3gico composto por 40 pe\u00e7as de madeira (MDF) que apresenta pares de cartas ilustradas com diferentes ocupa\u00e7\u00f5es e seus respectivos instrumentos de trabalho ou uniformes. Cada par une, por exemplo, o bombeiro ao seu caminh\u00e3o ou extintor, o m\u00e9dico ao estetosc\u00f3pio, ou o professor ao quadro, estimulando a crian\u00e7a a reconhecer as profiss\u00f5es e associ\u00e1-las \u00e0s ferramentas caracter\u00edsticas de cada of\u00edcio.<\/p>\n<p class=\"ds-markdown-paragraph\">\u00a0A concentra\u00e7\u00e3o e o racioc\u00ednio l\u00f3gico enquanto amplia o conhecimento sobre o mundo do trabalho. Ao buscar os pares corretos, os pequenos aprendem sobre a diversidade de profiss\u00f5es, valorizam diferentes fun\u00e7\u00f5es sociais e come\u00e7am a construir repert\u00f3rio para futuras escolhas e brincadeiras de faz de conta, tudo de forma l\u00fadica e com a durabilidade.<\/p>\n<div class=\"details-table-wrapper\">\n<table class=\"product-details-table\">\n<tbody>\n<tr>\n<td>Marca<\/td>\n<td>Brink Mobil<\/td>\n<\/tr>\n<tr>\n<td>Material<\/td>\n<td>\u00a0MDF<\/td>\n<\/tr>\n<tr>\n<td>Faixa Et\u00e1ria<\/td>\n<td>A partir de 4 Anos<\/td>\n<\/tr>\n<\/tbody>\n<\/table>\n<\/div>\n","protected":false},"excerpt":{"rendered":"<p>O\u00a0Jogo da Mem\u00f3ria de Profiss\u00f5es\u00a0\u00e9 um material pedag\u00f3gico composto por 40 pe\u00e7as de madeira (MDF) que apresenta pares de cartas ilustradas com diferentes ocupa\u00e7\u00f5es e seus respectivos instrumentos de trabalho ou uniformes. Cada par une, por exemplo, o bombeiro ao<\/p>\n","protected":false},"featured_media":8172,"comment_status":"open","ping_status":"closed","template":"","meta":[],"product_brand":[232],"product_cat":[38,211],"product_tag":[],"class_list":{"0":"post-8171","1":"product","2":"type-product","3":"status-publish","6":"product_brand-brink-mobil","7":"product_cat-psicomotricidade","8":"product_cat-psicomotricidade-jogos-e-brinquedos","10":"first","11":"instock","12":"shipping-taxable","13":"purchasable","14":"product-type-simple"},"_links":{"self":[{"href":"https:\/\/educaredigital.online\/loja\/wp-json\/wp\/v2\/product\/8171","targetHints":{"allow":["GET"]}}],"collection":[{"href":"https:\/\/educaredigital.online\/loja\/wp-json\/wp\/v2\/product"}],"about":[{"href":"https:\/\/educaredigital.online\/loja\/wp-json\/wp\/v2\/types\/product"}],"replies":[{"embeddable":true,"href":"https:\/\/educaredigital.online\/loja\/wp-json\/wp\/v2\/comments?post=8171"}],"wp:featuredmedia":[{"embeddable":true,"href":"https:\/\/educaredigital.online\/loja\/wp-json\/wp\/v2\/media\/8172"}],"wp:attachment":[{"href":"https:\/\/educaredigital.online\/loja\/wp-json\/wp\/v2\/media?parent=8171"}],"wp:term":[{"taxonomy":"product_brand","embeddable":true,"href":"https:\/\/educaredigital.online\/loja\/wp-json\/wp\/v2\/product_brand?post=8171"},{"taxonomy":"product_cat","embeddable":true,"href":"https:\/\/educaredigital.online\/loja\/wp-json\/wp\/v2\/product_cat?post=8171"},{"taxonomy":"product_tag","embeddable":true,"href":"https:\/\/educaredigital.online\/loja\/wp-json\/wp\/v2\/product_tag?post=8171"}],"curies":[{"name":"wp","href":"https:\/\/api.w.org\/{rel}","templated":true}]}}