{"id":8166,"date":"2026-04-14T18:39:19","date_gmt":"2026-04-14T18:39:19","guid":{"rendered":"https:\/\/educaredigital.online\/loja\/?post_type=product&#038;p=8166"},"modified":"2026-04-20T18:00:30","modified_gmt":"2026-04-20T18:00:30","slug":"mapa-do-brasil-nova-republica","status":"publish","type":"product","link":"https:\/\/educaredigital.online\/loja\/produto\/mapa-do-brasil-nova-republica\/","title":{"rendered":"Mapa do Brasil &#8211; Nova Rep\u00fablica"},"content":{"rendered":"<p data-start=\"0\" data-end=\"310\">A <strong data-start=\"2\" data-end=\"20\">Nova Rep\u00fablica<\/strong> \u00e9 o per\u00edodo da hist\u00f3ria recente do <span class=\"hover:entity-accent entity-underline inline cursor-pointer align-baseline\"><span class=\"whitespace-normal\">Brasil<\/span><\/span> que teve in\u00edcio em 1985, com o fim da ditadura militar e a retomada da democracia. Essa fase come\u00e7ou com a elei\u00e7\u00e3o indireta de <span class=\"hover:entity-accent entity-underline inline cursor-pointer align-baseline\"><span class=\"whitespace-normal\">Tancredo Neves<\/span><\/span> e a posse de <span class=\"hover:entity-accent entity-underline inline cursor-pointer align-baseline\"><span class=\"whitespace-normal\">Jos\u00e9 Sarney<\/span><\/span>.<\/p>\n<p data-start=\"312\" data-end=\"606\" data-is-last-node=\"\" data-is-only-node=\"\">Um dos principais marcos desse per\u00edodo foi a cria\u00e7\u00e3o da <span class=\"hover:entity-accent entity-underline inline cursor-pointer align-baseline\"><span class=\"whitespace-normal\">Constitui\u00e7\u00e3o de 1988<\/span><\/span>, que garantiu direitos civis, pol\u00edticos e sociais \u00e0 popula\u00e7\u00e3o. A Nova Rep\u00fablica \u00e9 caracterizada pela continuidade do regime democr\u00e1tico, elei\u00e7\u00f5es diretas e maior participa\u00e7\u00e3o da sociedade na pol\u00edtica.<\/p>\n","protected":false},"excerpt":{"rendered":"<p>Adicione ao seu pedido e personalize ainda mais: solicite tamb\u00e9m nossos <span class=\"notion-enable-hover\" data-token-index=\"1\">mapas cient\u00edficos<\/span> e escolha o modelo ideal para o seu objetivo!<!-- notionvc: 5bac62db-f449-4a77-826a-aba72fc652ed --><\/p>\n","protected":false},"featured_media":8167,"comment_status":"open","ping_status":"closed","template":"","meta":[],"product_brand":[],"product_cat":[218],"product_tag":[],"class_list":{"0":"post-8166","1":"product","2":"type-product","3":"status-publish","6":"product_cat-banners-e-mapas","8":"first","9":"instock","10":"shipping-taxable","11":"purchasable","12":"product-type-simple"},"_links":{"self":[{"href":"https:\/\/educaredigital.online\/loja\/wp-json\/wp\/v2\/product\/8166","targetHints":{"allow":["GET"]}}],"collection":[{"href":"https:\/\/educaredigital.online\/loja\/wp-json\/wp\/v2\/product"}],"about":[{"href":"https:\/\/educaredigital.online\/loja\/wp-json\/wp\/v2\/types\/product"}],"replies":[{"embeddable":true,"href":"https:\/\/educaredigital.online\/loja\/wp-json\/wp\/v2\/comments?post=8166"}],"wp:featuredmedia":[{"embeddable":true,"href":"https:\/\/educaredigital.online\/loja\/wp-json\/wp\/v2\/media\/8167"}],"wp:attachment":[{"href":"https:\/\/educaredigital.online\/loja\/wp-json\/wp\/v2\/media?parent=8166"}],"wp:term":[{"taxonomy":"product_brand","embeddable":true,"href":"https:\/\/educaredigital.online\/loja\/wp-json\/wp\/v2\/product_brand?post=8166"},{"taxonomy":"product_cat","embeddable":true,"href":"https:\/\/educaredigital.online\/loja\/wp-json\/wp\/v2\/product_cat?post=8166"},{"taxonomy":"product_tag","embeddable":true,"href":"https:\/\/educaredigital.online\/loja\/wp-json\/wp\/v2\/product_tag?post=8166"}],"curies":[{"name":"wp","href":"https:\/\/api.w.org\/{rel}","templated":true}]}}