{"id":8161,"date":"2026-04-14T18:38:06","date_gmt":"2026-04-14T18:38:06","guid":{"rendered":"https:\/\/educaredigital.online\/loja\/?post_type=product&#038;p=8161"},"modified":"2026-04-20T18:00:30","modified_gmt":"2026-04-20T18:00:30","slug":"mapa-do-brasil-republica-velha","status":"publish","type":"product","link":"https:\/\/educaredigital.online\/loja\/produto\/mapa-do-brasil-republica-velha\/","title":{"rendered":"Mapa do Brasil &#8211; Rep\u00fablica Velha"},"content":{"rendered":"<p data-start=\"0\" data-end=\"314\">A <strong data-start=\"2\" data-end=\"21\">Rep\u00fablica Velha<\/strong> foi o per\u00edodo inicial da rep\u00fablica no <span class=\"hover:entity-accent entity-underline inline cursor-pointer align-baseline\"><span class=\"whitespace-normal\">Brasil<\/span><\/span>, entre 1889 e 1930. Foi marcada pelo dom\u00ednio das elites agr\u00e1rias, principalmente de estados como <span class=\"hover:entity-accent entity-underline inline cursor-pointer align-baseline\"><span class=\"whitespace-normal\">S\u00e3o Paulo<\/span><\/span> e <span class=\"hover:entity-accent entity-underline inline cursor-pointer align-baseline\"><span class=\"whitespace-normal\">Minas Gerais<\/span><\/span>, na chamada pol\u00edtica do \u201ccaf\u00e9 com leite\u201d.<\/p>\n<p data-start=\"316\" data-end=\"595\" data-is-last-node=\"\" data-is-only-node=\"\">Nesse per\u00edodo, o poder pol\u00edtico era concentrado nas m\u00e3os de poucos, com pouca participa\u00e7\u00e3o popular e presen\u00e7a de fraudes eleitorais. A economia continuava baseada na agricultura, especialmente na produ\u00e7\u00e3o de caf\u00e9, at\u00e9 o fim dessa fase com a <span class=\"hover:entity-accent entity-underline inline cursor-pointer align-baseline\"><span class=\"whitespace-normal\">Revolu\u00e7\u00e3o de 1930<\/span><\/span>.<\/p>\n","protected":false},"excerpt":{"rendered":"<p>Adicione ao seu pedido e personalize ainda mais: solicite tamb\u00e9m nossos <span class=\"notion-enable-hover\" data-token-index=\"1\">mapas cient\u00edficos<\/span> e escolha o modelo ideal para o seu objetivo!<!-- notionvc: bde7bc88-c8f1-4546-959f-3e0adfd2e890 --><\/p>\n<p><strong><em>Per\u00edodo de 1889 &#8211; 1930<\/em><\/strong><\/p>\n","protected":false},"featured_media":8163,"comment_status":"open","ping_status":"closed","template":"","meta":[],"product_brand":[],"product_cat":[218],"product_tag":[],"class_list":{"0":"post-8161","1":"product","2":"type-product","3":"status-publish","6":"product_cat-banners-e-mapas","8":"first","9":"instock","10":"shipping-taxable","11":"purchasable","12":"product-type-simple"},"_links":{"self":[{"href":"https:\/\/educaredigital.online\/loja\/wp-json\/wp\/v2\/product\/8161","targetHints":{"allow":["GET"]}}],"collection":[{"href":"https:\/\/educaredigital.online\/loja\/wp-json\/wp\/v2\/product"}],"about":[{"href":"https:\/\/educaredigital.online\/loja\/wp-json\/wp\/v2\/types\/product"}],"replies":[{"embeddable":true,"href":"https:\/\/educaredigital.online\/loja\/wp-json\/wp\/v2\/comments?post=8161"}],"wp:featuredmedia":[{"embeddable":true,"href":"https:\/\/educaredigital.online\/loja\/wp-json\/wp\/v2\/media\/8163"}],"wp:attachment":[{"href":"https:\/\/educaredigital.online\/loja\/wp-json\/wp\/v2\/media?parent=8161"}],"wp:term":[{"taxonomy":"product_brand","embeddable":true,"href":"https:\/\/educaredigital.online\/loja\/wp-json\/wp\/v2\/product_brand?post=8161"},{"taxonomy":"product_cat","embeddable":true,"href":"https:\/\/educaredigital.online\/loja\/wp-json\/wp\/v2\/product_cat?post=8161"},{"taxonomy":"product_tag","embeddable":true,"href":"https:\/\/educaredigital.online\/loja\/wp-json\/wp\/v2\/product_tag?post=8161"}],"curies":[{"name":"wp","href":"https:\/\/api.w.org\/{rel}","templated":true}]}}