{"id":8157,"date":"2026-04-14T18:35:00","date_gmt":"2026-04-14T18:35:00","guid":{"rendered":"https:\/\/educaredigital.online\/loja\/?post_type=product&#038;p=8157"},"modified":"2026-04-20T18:00:30","modified_gmt":"2026-04-20T18:00:30","slug":"mapa-brasil-colonial-iiadicione-ao-seu-pedido-e-personalize-ainda-mais-solicite-tambem-nossos-mapas-cientificos-e-escolha-o-modelo-ideal-para-o-seu-objetivo","status":"publish","type":"product","link":"https:\/\/educaredigital.online\/loja\/produto\/mapa-brasil-colonial-iiadicione-ao-seu-pedido-e-personalize-ainda-mais-solicite-tambem-nossos-mapas-cientificos-e-escolha-o-modelo-ideal-para-o-seu-objetivo\/","title":{"rendered":"Mapa Brasil Colonial II"},"content":{"rendered":"<p data-start=\"0\" data-end=\"329\">O <strong data-start=\"2\" data-end=\"24\">Brasil Colonial II<\/strong> refere-se \u00e0 fase mais avan\u00e7ada da coloniza\u00e7\u00e3o do <span class=\"hover:entity-accent entity-underline inline cursor-pointer align-baseline\"><span class=\"whitespace-normal\">Brasil<\/span><\/span>, marcada pela expans\u00e3o para o interior e pela diversifica\u00e7\u00e3o das atividades econ\u00f4micas. Nesse per\u00edodo, ganharam destaque a minera\u00e7\u00e3o de ouro e diamantes, al\u00e9m do crescimento de novas \u00e1reas de ocupa\u00e7\u00e3o al\u00e9m do litoral.<\/p>\n<p data-start=\"331\" data-end=\"626\" data-is-last-node=\"\" data-is-only-node=\"\">Tamb\u00e9m foi uma fase de maior organiza\u00e7\u00e3o administrativa por parte de <span class=\"hover:entity-accent entity-underline inline cursor-pointer align-baseline\"><span class=\"whitespace-normal\">Portugal<\/span><\/span>, com controle mais direto sobre a col\u00f4nia e aumento da fiscaliza\u00e7\u00e3o. Essas transforma\u00e7\u00f5es contribu\u00edram para o desenvolvimento das cidades e para mudan\u00e7as importantes na sociedade colonial.<\/p>\n","protected":false},"excerpt":{"rendered":"<p>Adicione ao seu pedido e personalize ainda mais: solicite tamb\u00e9m nossos <span class=\"notion-enable-hover\" data-token-index=\"1\">mapas cient\u00edficos<\/span> e escolha o modelo ideal para o seu objetivo!<!-- notionvc: b6efb292-9500-4d07-b39d-3a92276778bc --><\/p>\n","protected":false},"featured_media":8158,"comment_status":"open","ping_status":"closed","template":"","meta":[],"product_brand":[],"product_cat":[218],"product_tag":[],"class_list":{"0":"post-8157","1":"product","2":"type-product","3":"status-publish","6":"product_cat-banners-e-mapas","8":"first","9":"instock","10":"shipping-taxable","11":"purchasable","12":"product-type-simple"},"_links":{"self":[{"href":"https:\/\/educaredigital.online\/loja\/wp-json\/wp\/v2\/product\/8157","targetHints":{"allow":["GET"]}}],"collection":[{"href":"https:\/\/educaredigital.online\/loja\/wp-json\/wp\/v2\/product"}],"about":[{"href":"https:\/\/educaredigital.online\/loja\/wp-json\/wp\/v2\/types\/product"}],"replies":[{"embeddable":true,"href":"https:\/\/educaredigital.online\/loja\/wp-json\/wp\/v2\/comments?post=8157"}],"wp:featuredmedia":[{"embeddable":true,"href":"https:\/\/educaredigital.online\/loja\/wp-json\/wp\/v2\/media\/8158"}],"wp:attachment":[{"href":"https:\/\/educaredigital.online\/loja\/wp-json\/wp\/v2\/media?parent=8157"}],"wp:term":[{"taxonomy":"product_brand","embeddable":true,"href":"https:\/\/educaredigital.online\/loja\/wp-json\/wp\/v2\/product_brand?post=8157"},{"taxonomy":"product_cat","embeddable":true,"href":"https:\/\/educaredigital.online\/loja\/wp-json\/wp\/v2\/product_cat?post=8157"},{"taxonomy":"product_tag","embeddable":true,"href":"https:\/\/educaredigital.online\/loja\/wp-json\/wp\/v2\/product_tag?post=8157"}],"curies":[{"name":"wp","href":"https:\/\/api.w.org\/{rel}","templated":true}]}}