{"id":8149,"date":"2026-04-14T18:29:22","date_gmt":"2026-04-14T18:29:22","guid":{"rendered":"https:\/\/educaredigital.online\/loja\/?post_type=product&#038;p=8149"},"modified":"2026-04-24T20:37:33","modified_gmt":"2026-04-24T20:37:33","slug":"memoria-de-silabas-em-mdf-40-pecas","status":"publish","type":"product","link":"https:\/\/educaredigital.online\/loja\/produto\/memoria-de-silabas-em-mdf-40-pecas\/","title":{"rendered":"Mem\u00f3ria de Sil\u00e1bas Em MDF- 40 Pe\u00e7as"},"content":{"rendered":"<p class=\"ds-markdown-paragraph\">O\u00a0<strong>Jogo da Mem\u00f3ria de S\u00edlabas <\/strong>\u00a0\u00e9 um recurso pedag\u00f3gico composto por 40 pe\u00e7as de madeira (MDF) que tem como objetivo principal ensinar a forma\u00e7\u00e3o de palavras por meio da uni\u00e3o de s\u00edlabas. Cada par \u00e9 formado por uma pe\u00e7a com uma s\u00edlaba (como &#8220;BA&#8221;, &#8220;BE&#8221;, &#8220;CA&#8221;) e outra com uma figura ou a s\u00edlaba complementar que forma uma palavra completa, incentivando a crian\u00e7a a combinar os elementos para construir o vocabul\u00e1rio de maneira visual e t\u00e1til.<\/p>\n<p class=\"ds-markdown-paragraph\">O jogo trabalha a consci\u00eancia sil\u00e1bica, a mem\u00f3ria e a concentra\u00e7\u00e3o de forma l\u00fadica. Ao encontrar os pares corretos, o aluno fixa a estrutura das palavras, desenvolve a leitura e a escrita, transformando o aprendizado das s\u00edlabas simples e complexas em uma brincadeira envolvente e eficaz.<\/p>\n<div class=\"details-table-wrapper\">\n<table class=\"product-details-table\">\n<tbody>\n<tr>\n<td>Marca<\/td>\n<td>Brink Mobil<\/td>\n<\/tr>\n<tr>\n<td>Material<\/td>\n<td>\u00a0MDF<\/td>\n<\/tr>\n<tr>\n<td>Faixa Et\u00e1ria<\/td>\n<td>A partir de 4Anos<\/td>\n<\/tr>\n<\/tbody>\n<\/table>\n<\/div>\n","protected":false},"excerpt":{"rendered":"<p>O\u00a0Jogo da Mem\u00f3ria de S\u00edlabas \u00a0\u00e9 um recurso pedag\u00f3gico composto por 40 pe\u00e7as de madeira (MDF) que tem como objetivo principal ensinar a forma\u00e7\u00e3o de palavras por meio da uni\u00e3o de s\u00edlabas. Cada par \u00e9 formado por uma pe\u00e7a com<\/p>\n","protected":false},"featured_media":8153,"comment_status":"open","ping_status":"closed","template":"","meta":[],"product_brand":[232],"product_cat":[209,36],"product_tag":[],"class_list":{"0":"post-8149","1":"product","2":"type-product","3":"status-publish","6":"product_brand-brink-mobil","7":"product_cat-letramento-jogos-e-brinquedos","8":"product_cat-letramento","10":"first","11":"instock","12":"shipping-taxable","13":"purchasable","14":"product-type-simple"},"_links":{"self":[{"href":"https:\/\/educaredigital.online\/loja\/wp-json\/wp\/v2\/product\/8149","targetHints":{"allow":["GET"]}}],"collection":[{"href":"https:\/\/educaredigital.online\/loja\/wp-json\/wp\/v2\/product"}],"about":[{"href":"https:\/\/educaredigital.online\/loja\/wp-json\/wp\/v2\/types\/product"}],"replies":[{"embeddable":true,"href":"https:\/\/educaredigital.online\/loja\/wp-json\/wp\/v2\/comments?post=8149"}],"wp:featuredmedia":[{"embeddable":true,"href":"https:\/\/educaredigital.online\/loja\/wp-json\/wp\/v2\/media\/8153"}],"wp:attachment":[{"href":"https:\/\/educaredigital.online\/loja\/wp-json\/wp\/v2\/media?parent=8149"}],"wp:term":[{"taxonomy":"product_brand","embeddable":true,"href":"https:\/\/educaredigital.online\/loja\/wp-json\/wp\/v2\/product_brand?post=8149"},{"taxonomy":"product_cat","embeddable":true,"href":"https:\/\/educaredigital.online\/loja\/wp-json\/wp\/v2\/product_cat?post=8149"},{"taxonomy":"product_tag","embeddable":true,"href":"https:\/\/educaredigital.online\/loja\/wp-json\/wp\/v2\/product_tag?post=8149"}],"curies":[{"name":"wp","href":"https:\/\/api.w.org\/{rel}","templated":true}]}}