{"id":8145,"date":"2026-04-14T18:25:29","date_gmt":"2026-04-14T18:25:29","guid":{"rendered":"https:\/\/educaredigital.online\/loja\/?post_type=product&#038;p=8145"},"modified":"2026-04-24T20:37:43","modified_gmt":"2026-04-24T20:37:43","slug":"memoria-de-alfabetizacao-40-pecas","status":"publish","type":"product","link":"https:\/\/educaredigital.online\/loja\/produto\/memoria-de-alfabetizacao-40-pecas\/","title":{"rendered":"Mem\u00f3ria De Alfabetiza\u00e7\u00e3o &#8211; 40 Pe\u00e7as"},"content":{"rendered":"<p class=\"ds-markdown-paragraph\">O\u00a0<strong>Jogo da Mem\u00f3ria de Alfabetiza\u00e7\u00e3o<\/strong>\u00a0\u00e9 um material pedag\u00f3gico composto por 40 pe\u00e7as em MDF, desenvolvido para facilitar o processo de reconhecimento das letras e a associa\u00e7\u00e3o entre letra inicial e figura. Cada par une uma placa com a letra mai\u00fascula\/min\u00fascula a outra com uma ilustra\u00e7\u00e3o cujo nome come\u00e7a com aquele fonema (ex: &#8220;A&#8221; e &#8220;Arco-\u00edris&#8221;), tornando o aprendizado da rela\u00e7\u00e3o entre sons e grafias uma atividade concreta e envolvente.<\/p>\n<p class=\"ds-markdown-paragraph\">A aten\u00e7\u00e3o e a consci\u00eancia fonol\u00f3gica de forma l\u00fadica. Ao virar as pe\u00e7as em busca dos pares corretos, a crian\u00e7a fixa o alfabeto, amplia o vocabul\u00e1rio e d\u00e1 os primeiros passos rumo \u00e0 leitura e escrita, tudo enquanto se diverte em sala de aula ou em casa.<\/p>\n<div class=\"details-table-wrapper\">\n<table class=\"product-details-table\">\n<tbody>\n<tr>\n<td>Marca<\/td>\n<td>Brink Mobil<\/td>\n<\/tr>\n<tr>\n<td>Material<\/td>\n<td>\u00a0MDF<\/td>\n<\/tr>\n<tr>\n<td>Faixa Et\u00e1ria<\/td>\n<td>A partir de 4 Anos<\/td>\n<\/tr>\n<\/tbody>\n<\/table>\n<\/div>\n","protected":false},"excerpt":{"rendered":"<p>O\u00a0Jogo da Mem\u00f3ria de Alfabetiza\u00e7\u00e3o\u00a0\u00e9 um material pedag\u00f3gico composto por 40 pe\u00e7as em MDF, desenvolvido para facilitar o processo de reconhecimento das letras e a associa\u00e7\u00e3o entre letra inicial e figura. Cada par une uma placa com a letra mai\u00fascula\/min\u00fascula<\/p>\n","protected":false},"featured_media":8162,"comment_status":"open","ping_status":"closed","template":"","meta":[],"product_brand":[232],"product_cat":[209,36],"product_tag":[],"class_list":{"0":"post-8145","1":"product","2":"type-product","3":"status-publish","6":"product_brand-brink-mobil","7":"product_cat-letramento-jogos-e-brinquedos","8":"product_cat-letramento","10":"first","11":"instock","12":"shipping-taxable","13":"purchasable","14":"product-type-simple"},"_links":{"self":[{"href":"https:\/\/educaredigital.online\/loja\/wp-json\/wp\/v2\/product\/8145","targetHints":{"allow":["GET"]}}],"collection":[{"href":"https:\/\/educaredigital.online\/loja\/wp-json\/wp\/v2\/product"}],"about":[{"href":"https:\/\/educaredigital.online\/loja\/wp-json\/wp\/v2\/types\/product"}],"replies":[{"embeddable":true,"href":"https:\/\/educaredigital.online\/loja\/wp-json\/wp\/v2\/comments?post=8145"}],"wp:featuredmedia":[{"embeddable":true,"href":"https:\/\/educaredigital.online\/loja\/wp-json\/wp\/v2\/media\/8162"}],"wp:attachment":[{"href":"https:\/\/educaredigital.online\/loja\/wp-json\/wp\/v2\/media?parent=8145"}],"wp:term":[{"taxonomy":"product_brand","embeddable":true,"href":"https:\/\/educaredigital.online\/loja\/wp-json\/wp\/v2\/product_brand?post=8145"},{"taxonomy":"product_cat","embeddable":true,"href":"https:\/\/educaredigital.online\/loja\/wp-json\/wp\/v2\/product_cat?post=8145"},{"taxonomy":"product_tag","embeddable":true,"href":"https:\/\/educaredigital.online\/loja\/wp-json\/wp\/v2\/product_tag?post=8145"}],"curies":[{"name":"wp","href":"https:\/\/api.w.org\/{rel}","templated":true}]}}