{"id":8142,"date":"2026-04-14T18:23:19","date_gmt":"2026-04-14T18:23:19","guid":{"rendered":"https:\/\/educaredigital.online\/loja\/?post_type=product&#038;p=8142"},"modified":"2026-04-20T18:00:30","modified_gmt":"2026-04-20T18:00:30","slug":"mapa-historico-expansao-territorial-do-brasil","status":"publish","type":"product","link":"https:\/\/educaredigital.online\/loja\/produto\/mapa-historico-expansao-territorial-do-brasil\/","title":{"rendered":"Mapa Hist\u00f3rico &#8211; Expans\u00e3o Territorial do Brasil"},"content":{"rendered":"<p data-start=\"0\" data-end=\"325\">O <strong data-start=\"2\" data-end=\"34\">mapa de expans\u00e3o territorial<\/strong> representa como o territ\u00f3rio do <span class=\"hover:entity-accent entity-underline inline cursor-pointer align-baseline\"><span class=\"whitespace-normal\">Brasil<\/span><\/span> foi se ampliando ao longo do tempo, desde o per\u00edodo colonial at\u00e9 a forma\u00e7\u00e3o atual do pa\u00eds. Ele mostra as mudan\u00e7as de fronteiras e os principais acontecimentos hist\u00f3ricos que contribu\u00edram para o crescimento do territ\u00f3rio.<\/p>\n<p data-start=\"327\" data-end=\"736\" data-is-last-node=\"\" data-is-only-node=\"\">\u00a0\u00c9 um recurso muito importante para entender como o Brasil deixou de ser uma \u00e1rea limitada no litoral e passou a ocupar grande parte da Am\u00e9rica do Sul, sendo bastante utilizado em escolas para facilitar a compreens\u00e3o da forma\u00e7\u00e3o territorial.<\/p>\n","protected":false},"excerpt":{"rendered":"<p>Adicione ao seu pedido e personalize ainda mais: solicite tamb\u00e9m nossos <span class=\"notion-enable-hover\" data-token-index=\"1\">mapas cient\u00edficos<\/span> e escolha o modelo ideal para o seu objetivo!<!-- notionvc: 6151e1ec-8f96-4627-b099-6a985c29b25a --><\/p>\n","protected":false},"featured_media":8154,"comment_status":"open","ping_status":"closed","template":"","meta":[],"product_brand":[],"product_cat":[218],"product_tag":[],"class_list":{"0":"post-8142","1":"product","2":"type-product","3":"status-publish","6":"product_cat-banners-e-mapas","8":"first","9":"instock","10":"shipping-taxable","11":"purchasable","12":"product-type-simple"},"_links":{"self":[{"href":"https:\/\/educaredigital.online\/loja\/wp-json\/wp\/v2\/product\/8142","targetHints":{"allow":["GET"]}}],"collection":[{"href":"https:\/\/educaredigital.online\/loja\/wp-json\/wp\/v2\/product"}],"about":[{"href":"https:\/\/educaredigital.online\/loja\/wp-json\/wp\/v2\/types\/product"}],"replies":[{"embeddable":true,"href":"https:\/\/educaredigital.online\/loja\/wp-json\/wp\/v2\/comments?post=8142"}],"wp:featuredmedia":[{"embeddable":true,"href":"https:\/\/educaredigital.online\/loja\/wp-json\/wp\/v2\/media\/8154"}],"wp:attachment":[{"href":"https:\/\/educaredigital.online\/loja\/wp-json\/wp\/v2\/media?parent=8142"}],"wp:term":[{"taxonomy":"product_brand","embeddable":true,"href":"https:\/\/educaredigital.online\/loja\/wp-json\/wp\/v2\/product_brand?post=8142"},{"taxonomy":"product_cat","embeddable":true,"href":"https:\/\/educaredigital.online\/loja\/wp-json\/wp\/v2\/product_cat?post=8142"},{"taxonomy":"product_tag","embeddable":true,"href":"https:\/\/educaredigital.online\/loja\/wp-json\/wp\/v2\/product_tag?post=8142"}],"curies":[{"name":"wp","href":"https:\/\/api.w.org\/{rel}","templated":true}]}}