{"id":8141,"date":"2026-04-14T18:22:15","date_gmt":"2026-04-14T18:22:15","guid":{"rendered":"https:\/\/educaredigital.online\/loja\/?post_type=product&#038;p=8141"},"modified":"2026-04-24T20:37:51","modified_gmt":"2026-04-24T20:37:51","slug":"memoria-de-numerais-em-mdf-40-pecas","status":"publish","type":"product","link":"https:\/\/educaredigital.online\/loja\/produto\/memoria-de-numerais-em-mdf-40-pecas\/","title":{"rendered":"Mem\u00f3ria de Numerais Em MDF-40 Pe\u00e7as"},"content":{"rendered":"<div class=\"ds-message _63c77b1\">\n<div class=\"ds-markdown\">\n<p class=\"ds-markdown-paragraph\">O\u00a0<strong>Jogo da Mem\u00f3ria de Numerais<\/strong>\u00a0\u00e9 um recurso pedag\u00f3gico composto por 40 pe\u00e7as de madeira (MDF) resistente e de alta qualidade, projetado para auxiliar no reconhecimento dos n\u00fameros e na associa\u00e7\u00e3o entre algarismos e quantidades. Cada par \u00e9 formado por uma placa com o numeral e outra com a quantidade correspondente de elementos (como c\u00edrculos ou figuras), estimulando a crian\u00e7a a relacionar o s\u00edmbolo abstrato \u00e0 sua representa\u00e7\u00e3o concreta.<\/p>\n<p class=\"ds-markdown-paragraph\">O jogo trabalha a aten\u00e7\u00e3o, a mem\u00f3ria visual e o racioc\u00ednio l\u00f3gico de forma l\u00fadica. Ao buscar os pares corretos, a crian\u00e7a fixa a sequ\u00eancia num\u00e9rica e desenvolve a no\u00e7\u00e3o de contagem, transformando o aprendizado dos primeiros conceitos matem\u00e1ticos em uma atividade divertida e interativa.<\/p>\n<div class=\"details-table-wrapper\">\n<table class=\"product-details-table\">\n<tbody>\n<tr>\n<td>Marca<\/td>\n<td>Brink Mobil<\/td>\n<\/tr>\n<tr>\n<td>Material<\/td>\n<td>\u00a0MDF<\/td>\n<\/tr>\n<tr>\n<td>Faixa Et\u00e1ria<\/td>\n<td>A partir de 3 Anos<\/td>\n<\/tr>\n<\/tbody>\n<\/table>\n<\/div>\n<\/div>\n<\/div>\n","protected":false},"excerpt":{"rendered":"<p>O\u00a0Jogo da Mem\u00f3ria de Numerais\u00a0\u00e9 um recurso pedag\u00f3gico composto por 40 pe\u00e7as de madeira (MDF) resistente e de alta qualidade, projetado para auxiliar no reconhecimento dos n\u00fameros e na associa\u00e7\u00e3o entre algarismos e quantidades. Cada par \u00e9 formado por uma<\/p>\n","protected":false},"featured_media":8144,"comment_status":"open","ping_status":"closed","template":"","meta":[],"product_brand":[232],"product_cat":[210,37],"product_tag":[],"class_list":{"0":"post-8141","1":"product","2":"type-product","3":"status-publish","6":"product_brand-brink-mobil","7":"product_cat-matematica-jogos-e-brinquedos","8":"product_cat-matematica","10":"first","11":"instock","12":"shipping-taxable","13":"purchasable","14":"product-type-simple"},"_links":{"self":[{"href":"https:\/\/educaredigital.online\/loja\/wp-json\/wp\/v2\/product\/8141","targetHints":{"allow":["GET"]}}],"collection":[{"href":"https:\/\/educaredigital.online\/loja\/wp-json\/wp\/v2\/product"}],"about":[{"href":"https:\/\/educaredigital.online\/loja\/wp-json\/wp\/v2\/types\/product"}],"replies":[{"embeddable":true,"href":"https:\/\/educaredigital.online\/loja\/wp-json\/wp\/v2\/comments?post=8141"}],"wp:featuredmedia":[{"embeddable":true,"href":"https:\/\/educaredigital.online\/loja\/wp-json\/wp\/v2\/media\/8144"}],"wp:attachment":[{"href":"https:\/\/educaredigital.online\/loja\/wp-json\/wp\/v2\/media?parent=8141"}],"wp:term":[{"taxonomy":"product_brand","embeddable":true,"href":"https:\/\/educaredigital.online\/loja\/wp-json\/wp\/v2\/product_brand?post=8141"},{"taxonomy":"product_cat","embeddable":true,"href":"https:\/\/educaredigital.online\/loja\/wp-json\/wp\/v2\/product_cat?post=8141"},{"taxonomy":"product_tag","embeddable":true,"href":"https:\/\/educaredigital.online\/loja\/wp-json\/wp\/v2\/product_tag?post=8141"}],"curies":[{"name":"wp","href":"https:\/\/api.w.org\/{rel}","templated":true}]}}