{"id":8137,"date":"2026-04-14T18:05:34","date_gmt":"2026-04-14T18:05:34","guid":{"rendered":"https:\/\/educaredigital.online\/loja\/?post_type=product&#038;p=8137"},"modified":"2026-04-20T18:00:30","modified_gmt":"2026-04-20T18:00:30","slug":"mapa-mundi","status":"publish","type":"product","link":"https:\/\/educaredigital.online\/loja\/produto\/mapa-mundi\/","title":{"rendered":"Mapa-M\u00fandi"},"content":{"rendered":"<p data-start=\"0\" data-end=\"303\">O <strong data-start=\"2\" data-end=\"16\">mapa-m\u00fandi<\/strong> \u00e9 a representa\u00e7\u00e3o do planeta <span class=\"hover:entity-accent entity-underline inline cursor-pointer align-baseline\"><span class=\"whitespace-normal\">Terra<\/span><\/span> em uma superf\u00edcie plana, mostrando a distribui\u00e7\u00e3o dos continentes, oceanos e pa\u00edses ao redor do mundo. Ele permite visualizar a localiza\u00e7\u00e3o das diferentes regi\u00f5es e entender como o mundo est\u00e1 organizado geograficamente.<\/p>\n<p data-start=\"305\" data-end=\"512\" data-is-last-node=\"\" data-is-only-node=\"\">Muito utilizado em contextos educativos, o mapa-m\u00fandi auxilia no aprendizado de geografia, localiza\u00e7\u00e3o e rela\u00e7\u00f5es entre os pa\u00edses, sendo uma ferramenta pr\u00e1tica e essencial para estudantes de todas as idades.<\/p>\n","protected":false},"excerpt":{"rendered":"<p>Adicione ao seu pedido e personalize ainda mais: solicite tamb\u00e9m nossos <span class=\"notion-enable-hover\" data-token-index=\"1\">mapas hist\u00f3ricos e cient\u00edficos<\/span> e escolha o modelo ideal para o seu objetivo!<!-- notionvc: 6168ae08-1293-43af-b462-3101fbe3803a --><\/p>\n","protected":false},"featured_media":8131,"comment_status":"open","ping_status":"closed","template":"","meta":[],"product_brand":[],"product_cat":[218],"product_tag":[],"class_list":{"0":"post-8137","1":"product","2":"type-product","3":"status-publish","6":"product_cat-banners-e-mapas","8":"first","9":"instock","10":"shipping-taxable","11":"purchasable","12":"product-type-simple"},"_links":{"self":[{"href":"https:\/\/educaredigital.online\/loja\/wp-json\/wp\/v2\/product\/8137","targetHints":{"allow":["GET"]}}],"collection":[{"href":"https:\/\/educaredigital.online\/loja\/wp-json\/wp\/v2\/product"}],"about":[{"href":"https:\/\/educaredigital.online\/loja\/wp-json\/wp\/v2\/types\/product"}],"replies":[{"embeddable":true,"href":"https:\/\/educaredigital.online\/loja\/wp-json\/wp\/v2\/comments?post=8137"}],"wp:featuredmedia":[{"embeddable":true,"href":"https:\/\/educaredigital.online\/loja\/wp-json\/wp\/v2\/media\/8131"}],"wp:attachment":[{"href":"https:\/\/educaredigital.online\/loja\/wp-json\/wp\/v2\/media?parent=8137"}],"wp:term":[{"taxonomy":"product_brand","embeddable":true,"href":"https:\/\/educaredigital.online\/loja\/wp-json\/wp\/v2\/product_brand?post=8137"},{"taxonomy":"product_cat","embeddable":true,"href":"https:\/\/educaredigital.online\/loja\/wp-json\/wp\/v2\/product_cat?post=8137"},{"taxonomy":"product_tag","embeddable":true,"href":"https:\/\/educaredigital.online\/loja\/wp-json\/wp\/v2\/product_tag?post=8137"}],"curies":[{"name":"wp","href":"https:\/\/api.w.org\/{rel}","templated":true}]}}