{"id":8126,"date":"2026-04-14T18:02:40","date_gmt":"2026-04-14T18:02:40","guid":{"rendered":"https:\/\/educaredigital.online\/loja\/?post_type=product&#038;p=8126"},"modified":"2026-04-20T18:00:30","modified_gmt":"2026-04-20T18:00:30","slug":"mapa-do-rio-grande-do-sul","status":"publish","type":"product","link":"https:\/\/educaredigital.online\/loja\/produto\/mapa-do-rio-grande-do-sul\/","title":{"rendered":"Mapa Do Rio Grande do Sul"},"content":{"rendered":"<section class=\"text-token-text-primary w-full focus:outline-none [--shadow-height:45px] has-data-writing-block:pointer-events-none has-data-writing-block:-mt-(--shadow-height) has-data-writing-block:pt-(--shadow-height) [&amp;:has([data-writing-block])&gt;*]:pointer-events-auto R6Vx5W_threadScrollVars scroll-mb-[calc(var(--scroll-root-safe-area-inset-bottom,0px)+var(--thread-response-height))] scroll-mt-(--header-height)\" dir=\"auto\" data-turn-id=\"a51a82ab-0362-4823-9705-bfbe594c714c\" data-testid=\"conversation-turn-7\" data-scroll-anchor=\"false\" data-turn=\"user\"><\/section>\n<section class=\"text-token-text-primary w-full focus:outline-none [--shadow-height:45px] has-data-writing-block:pointer-events-none has-data-writing-block:-mt-(--shadow-height) has-data-writing-block:pt-(--shadow-height) [&amp;:has([data-writing-block])&gt;*]:pointer-events-auto [content-visibility:auto] supports-[content-visibility:auto]:[contain-intrinsic-size:auto_100lvh] R6Vx5W_threadScrollVars scroll-mb-[calc(var(--scroll-root-safe-area-inset-bottom,0px)+var(--thread-response-height))] scroll-mt-[calc(var(--header-height)+min(200px,max(70px,20svh)))]\" dir=\"auto\" data-turn-id=\"request-WEB:a715280d-78e7-4741-951a-e6b3699e0543-3\" data-testid=\"conversation-turn-8\" data-scroll-anchor=\"false\" data-turn=\"assistant\">\n<div class=\"text-base my-auto mx-auto pb-10 [--thread-content-margin:var(--thread-content-margin-xs,calc(var(--spacing)*4))] @w-sm\/main:[--thread-content-margin:var(--thread-content-margin-sm,calc(var(--spacing)*6))] @w-lg\/main:[--thread-content-margin:var(--thread-content-margin-lg,calc(var(--spacing)*16))] px-(--thread-content-margin)\">\n<div class=\"[--thread-content-max-width:40rem] @w-lg\/main:[--thread-content-max-width:48rem] mx-auto max-w-(--thread-content-max-width) flex-1 group\/turn-messages focus-visible:outline-hidden relative flex w-full min-w-0 flex-col agent-turn\">\n<div class=\"flex max-w-full flex-col gap-4 grow\">\n<div class=\"min-h-8 text-message relative flex w-full flex-col items-end gap-2 text-start break-words whitespace-normal outline-none keyboard-focused:focus-ring [.text-message+&amp;]:mt-1\" dir=\"auto\" tabindex=\"0\" data-message-author-role=\"assistant\" data-message-id=\"a80674fe-0c40-4703-a487-29b0cb723307\" data-message-model-slug=\"gpt-5-3\" data-turn-start-message=\"true\">\n<div class=\"flex w-full flex-col gap-1 empty:hidden\">\n<div class=\"markdown prose dark:prose-invert w-full wrap-break-word dark markdown-new-styling\">\n<p data-start=\"0\" data-end=\"324\">O <strong data-start=\"2\" data-end=\"51\">mapa do <span class=\"hover:entity-accent entity-underline inline cursor-pointer align-baseline\"><span class=\"whitespace-normal\">Rio Grande do Sul<\/span><\/span><\/strong> \u00e9 um recurso essencial para o estudo e a compreens\u00e3o da organiza\u00e7\u00e3o territorial da regi\u00e3o. Ele apresenta a divis\u00e3o por munic\u00edpios, principais cidades, rodovias e caracter\u00edsticas geogr\u00e1ficas, permitindo uma visualiza\u00e7\u00e3o clara da localiza\u00e7\u00e3o e das conex\u00f5es dentro do estado.<\/p>\n<p data-start=\"326\" data-end=\"611\" data-is-last-node=\"\" data-is-only-node=\"\">Al\u00e9m de auxiliar no aprendizado de geografia, o mapa tamb\u00e9m contribui para o desenvolvimento da orienta\u00e7\u00e3o espacial e do conhecimento regional. Muito utilizado em ambientes escolares e educativos, \u00e9 uma ferramenta pr\u00e1tica, did\u00e1tica e visualmente atrativa para estudantes e professores.<\/p>\n<\/div>\n<\/div>\n<\/div>\n<\/div>\n<\/div>\n<\/div>\n<\/section>\n","protected":false},"excerpt":{"rendered":"<p>Adicione ao seu pedido e personalize ainda mais: solicite tamb\u00e9m nossos <strong data-start=\"72\" data-end=\"106\">mapas hist\u00f3ricos e cient\u00edficos<\/strong> e escolha o modelo ideal para o seu objetivo!<\/p>\n","protected":false},"featured_media":8133,"comment_status":"open","ping_status":"closed","template":"","meta":[],"product_brand":[],"product_cat":[218],"product_tag":[],"class_list":{"0":"post-8126","1":"product","2":"type-product","3":"status-publish","6":"product_cat-banners-e-mapas","8":"first","9":"instock","10":"shipping-taxable","11":"purchasable","12":"product-type-simple"},"_links":{"self":[{"href":"https:\/\/educaredigital.online\/loja\/wp-json\/wp\/v2\/product\/8126","targetHints":{"allow":["GET"]}}],"collection":[{"href":"https:\/\/educaredigital.online\/loja\/wp-json\/wp\/v2\/product"}],"about":[{"href":"https:\/\/educaredigital.online\/loja\/wp-json\/wp\/v2\/types\/product"}],"replies":[{"embeddable":true,"href":"https:\/\/educaredigital.online\/loja\/wp-json\/wp\/v2\/comments?post=8126"}],"wp:featuredmedia":[{"embeddable":true,"href":"https:\/\/educaredigital.online\/loja\/wp-json\/wp\/v2\/media\/8133"}],"wp:attachment":[{"href":"https:\/\/educaredigital.online\/loja\/wp-json\/wp\/v2\/media?parent=8126"}],"wp:term":[{"taxonomy":"product_brand","embeddable":true,"href":"https:\/\/educaredigital.online\/loja\/wp-json\/wp\/v2\/product_brand?post=8126"},{"taxonomy":"product_cat","embeddable":true,"href":"https:\/\/educaredigital.online\/loja\/wp-json\/wp\/v2\/product_cat?post=8126"},{"taxonomy":"product_tag","embeddable":true,"href":"https:\/\/educaredigital.online\/loja\/wp-json\/wp\/v2\/product_tag?post=8126"}],"curies":[{"name":"wp","href":"https:\/\/api.w.org\/{rel}","templated":true}]}}