{"id":8014,"date":"2026-04-10T19:29:07","date_gmt":"2026-04-10T19:29:07","guid":{"rendered":"https:\/\/educaredigital.online\/loja\/produto\/diario-de-um-banana-20-festa-insana\/"},"modified":"2026-04-14T17:33:12","modified_gmt":"2026-04-14T17:33:12","slug":"diario-de-um-banana-20-festa-insana","status":"publish","type":"product","link":"https:\/\/educaredigital.online\/loja\/produto\/diario-de-um-banana-20-festa-insana\/","title":{"rendered":"Diario De Um Banana 20 &#8211; Festa Insana"},"content":{"rendered":"<p><strong>Di\u00e1rio de Um Banana 20 \u2013 Partypooper<\/strong> (Festa Insana) \u00e9 o vig\u00e9simo livro da s\u00e9rie, onde Greg Heffley decide planejar a festa de anivers\u00e1rio definitiva para ele mesmo. Por\u00e9m, quando a lista de convidados cresce, as decora\u00e7\u00f5es falham e as surpresas saem pela culatra, a comemora\u00e7\u00e3o vira uma bagun\u00e7a total.<\/p>\n<p>Repleto de desastres com bolo, confus\u00f5es familiares e o humor caracter\u00edstico da s\u00e9rie, o livro foi lan\u00e7ado mundialmente em outubro de 2025. Indicado para leitores a partir de 8 anos, mostra mais uma vez que, para Greg, at\u00e9 o pr\u00f3prio anivers\u00e1rio pode se tornar uma grande enrascada.<\/p>\n<table class=\"product-details-table\">\n<tbody>\n<tr>\n<td>Autor<\/td>\n<td>Jeff Kinney<\/td>\n<\/tr>\n<tr>\n<td>Tradutor<\/td>\n<td>Alexandre Boide<\/td>\n<\/tr>\n<tr>\n<td>ISBN<\/td>\n<td>9788550707525<\/td>\n<\/tr>\n<tr>\n<td>Editora<\/td>\n<td>VR Editora<\/td>\n<\/tr>\n<tr>\n<td>N\u00ba de p\u00e1ginas<\/td>\n<td>224<\/td>\n<\/tr>\n<\/tbody>\n<\/table>\n","protected":false},"excerpt":{"rendered":"<p>Di\u00e1rio de Um Banana 20 \u2013 Partypooper (Festa Insana) \u00e9 o vig\u00e9simo livro da s\u00e9rie, onde Greg Heffley decide planejar a festa de anivers\u00e1rio definitiva para ele mesmo. Por\u00e9m, quando a lista de convidados cresce, as decora\u00e7\u00f5es falham e as<\/p>\n","protected":false},"featured_media":8013,"comment_status":"open","ping_status":"closed","template":"","meta":[],"product_brand":[],"product_cat":[205],"product_tag":[],"class_list":{"0":"post-8014","1":"product","2":"type-product","3":"status-publish","6":"product_cat-fundamental-4-ao-5","8":"first","9":"instock","10":"shipping-taxable","11":"purchasable","12":"product-type-simple"},"_links":{"self":[{"href":"https:\/\/educaredigital.online\/loja\/wp-json\/wp\/v2\/product\/8014","targetHints":{"allow":["GET"]}}],"collection":[{"href":"https:\/\/educaredigital.online\/loja\/wp-json\/wp\/v2\/product"}],"about":[{"href":"https:\/\/educaredigital.online\/loja\/wp-json\/wp\/v2\/types\/product"}],"replies":[{"embeddable":true,"href":"https:\/\/educaredigital.online\/loja\/wp-json\/wp\/v2\/comments?post=8014"}],"wp:featuredmedia":[{"embeddable":true,"href":"https:\/\/educaredigital.online\/loja\/wp-json\/wp\/v2\/media\/8013"}],"wp:attachment":[{"href":"https:\/\/educaredigital.online\/loja\/wp-json\/wp\/v2\/media?parent=8014"}],"wp:term":[{"taxonomy":"product_brand","embeddable":true,"href":"https:\/\/educaredigital.online\/loja\/wp-json\/wp\/v2\/product_brand?post=8014"},{"taxonomy":"product_cat","embeddable":true,"href":"https:\/\/educaredigital.online\/loja\/wp-json\/wp\/v2\/product_cat?post=8014"},{"taxonomy":"product_tag","embeddable":true,"href":"https:\/\/educaredigital.online\/loja\/wp-json\/wp\/v2\/product_tag?post=8014"}],"curies":[{"name":"wp","href":"https:\/\/api.w.org\/{rel}","templated":true}]}}