{"id":8012,"date":"2026-04-10T19:29:06","date_gmt":"2026-04-10T19:29:06","guid":{"rendered":"https:\/\/educaredigital.online\/loja\/produto\/diario-de-um-banana-19\/"},"modified":"2026-04-14T17:32:32","modified_gmt":"2026-04-14T17:32:32","slug":"diario-de-um-banana-19","status":"publish","type":"product","link":"https:\/\/educaredigital.online\/loja\/produto\/diario-de-um-banana-19\/","title":{"rendered":"Diario De Um Banana 19 &#8211; Baita Lembran\u00e7a"},"content":{"rendered":"<p><strong>Di\u00e1rio de um Banana 19 \u2013 Baita Lembran\u00e7a<\/strong> (Hot Mess) acompanha Greg e toda a sua fam\u00edlia em uma viagem de ver\u00e3o para a Ilha Ruttyneck, onde uma pequena casa de praia abriga confus\u00f5es, segredos e as famosas alm\u00f4ndegas da vov\u00f3.<\/p>\n<p>O livro foi lan\u00e7ado mundialmente em outubro de 2024 e chegou ao Brasil pela VR Editora. Uma hist\u00f3ria sobre fam\u00edlia, tradi\u00e7\u00f5es e as enrascadas t\u00edpicas de Greg.<\/p>\n<table class=\"product-details-table\">\n<tbody>\n<tr>\n<td>Autor<\/td>\n<td>Jeff Kinney<\/td>\n<\/tr>\n<tr>\n<td>Tradutor<\/td>\n<td>Alexandre Boide<\/td>\n<\/tr>\n<tr>\n<td>ISBN<\/td>\n<td>9788550705699<\/td>\n<\/tr>\n<tr>\n<td>Editora<\/td>\n<td>VR Editora<\/td>\n<\/tr>\n<tr>\n<td>N\u00ba de p\u00e1ginas<\/td>\n<td>224<\/td>\n<\/tr>\n<\/tbody>\n<\/table>\n","protected":false},"excerpt":{"rendered":"<p>Di\u00e1rio de um Banana 19 \u2013 Baita Lembran\u00e7a (Hot Mess) acompanha Greg e toda a sua fam\u00edlia em uma viagem de ver\u00e3o para a Ilha Ruttyneck, onde uma pequena casa de praia abriga confus\u00f5es, segredos e as famosas alm\u00f4ndegas da<\/p>\n","protected":false},"featured_media":8011,"comment_status":"open","ping_status":"closed","template":"","meta":[],"product_brand":[],"product_cat":[205],"product_tag":[],"class_list":{"0":"post-8012","1":"product","2":"type-product","3":"status-publish","6":"product_cat-fundamental-4-ao-5","8":"first","9":"instock","10":"shipping-taxable","11":"purchasable","12":"product-type-simple"},"_links":{"self":[{"href":"https:\/\/educaredigital.online\/loja\/wp-json\/wp\/v2\/product\/8012","targetHints":{"allow":["GET"]}}],"collection":[{"href":"https:\/\/educaredigital.online\/loja\/wp-json\/wp\/v2\/product"}],"about":[{"href":"https:\/\/educaredigital.online\/loja\/wp-json\/wp\/v2\/types\/product"}],"replies":[{"embeddable":true,"href":"https:\/\/educaredigital.online\/loja\/wp-json\/wp\/v2\/comments?post=8012"}],"wp:featuredmedia":[{"embeddable":true,"href":"https:\/\/educaredigital.online\/loja\/wp-json\/wp\/v2\/media\/8011"}],"wp:attachment":[{"href":"https:\/\/educaredigital.online\/loja\/wp-json\/wp\/v2\/media?parent=8012"}],"wp:term":[{"taxonomy":"product_brand","embeddable":true,"href":"https:\/\/educaredigital.online\/loja\/wp-json\/wp\/v2\/product_brand?post=8012"},{"taxonomy":"product_cat","embeddable":true,"href":"https:\/\/educaredigital.online\/loja\/wp-json\/wp\/v2\/product_cat?post=8012"},{"taxonomy":"product_tag","embeddable":true,"href":"https:\/\/educaredigital.online\/loja\/wp-json\/wp\/v2\/product_tag?post=8012"}],"curies":[{"name":"wp","href":"https:\/\/api.w.org\/{rel}","templated":true}]}}