{"id":8010,"date":"2026-04-10T19:29:06","date_gmt":"2026-04-10T19:29:06","guid":{"rendered":"https:\/\/educaredigital.online\/loja\/produto\/diario-de-um-banana-18\/"},"modified":"2026-04-14T17:32:52","modified_gmt":"2026-04-14T17:32:52","slug":"diario-de-um-banana-18","status":"publish","type":"product","link":"https:\/\/educaredigital.online\/loja\/produto\/diario-de-um-banana-18\/","title":{"rendered":"Di\u00e1rio De Um Banana 18 &#8211; Cabe\u00e7a Oca"},"content":{"rendered":"<p><strong>O Di\u00e1rio de um Banana 18 \u2013 Cabe\u00e7a Oca<\/strong> (no Brasil) ou Fritar a Pipoca (em Portugal) mostra a escola de Greg prestes a ser fechada devido ao baixo desempenho dos alunos. Greg n\u00e3o se importa at\u00e9 perceber que isso significa ir para uma escola ainda pior e ficar longe do amigo Rowley.<\/p>\n<p>Agora ele precisa unir os colegas para provar que n\u00e3o s\u00e3o &#8220;cabe\u00e7as-ocas&#8221; e salvar a escola do fechamento. Uma hist\u00f3ria sobre amizade e a import\u00e2ncia de estudar, mantendo o humor caracter\u00edstico da s\u00e9rie.<\/p>\n<table class=\"product-details-table\">\n<tbody>\n<tr>\n<td>Autor<\/td>\n<td>Jeff Kinney<\/td>\n<\/tr>\n<tr>\n<td>Tradutor<\/td>\n<td>Alexandre Boide<\/td>\n<\/tr>\n<tr>\n<td>ISBN<\/td>\n<td>9788550704753<\/td>\n<\/tr>\n<tr>\n<td>Editora<\/td>\n<td>VR Editora<\/td>\n<\/tr>\n<tr>\n<td>N\u00ba de p\u00e1ginas<\/td>\n<td>224<\/td>\n<\/tr>\n<\/tbody>\n<\/table>\n","protected":false},"excerpt":{"rendered":"<p>O Di\u00e1rio de um Banana 18 \u2013 Cabe\u00e7a Oca (no Brasil) ou Fritar a Pipoca (em Portugal) mostra a escola de Greg prestes a ser fechada devido ao baixo desempenho dos alunos. Greg n\u00e3o se importa at\u00e9 perceber que isso<\/p>\n","protected":false},"featured_media":8009,"comment_status":"open","ping_status":"closed","template":"","meta":[],"product_brand":[],"product_cat":[205],"product_tag":[],"class_list":{"0":"post-8010","1":"product","2":"type-product","3":"status-publish","6":"product_cat-fundamental-4-ao-5","8":"first","9":"instock","10":"shipping-taxable","11":"purchasable","12":"product-type-simple"},"_links":{"self":[{"href":"https:\/\/educaredigital.online\/loja\/wp-json\/wp\/v2\/product\/8010","targetHints":{"allow":["GET"]}}],"collection":[{"href":"https:\/\/educaredigital.online\/loja\/wp-json\/wp\/v2\/product"}],"about":[{"href":"https:\/\/educaredigital.online\/loja\/wp-json\/wp\/v2\/types\/product"}],"replies":[{"embeddable":true,"href":"https:\/\/educaredigital.online\/loja\/wp-json\/wp\/v2\/comments?post=8010"}],"wp:featuredmedia":[{"embeddable":true,"href":"https:\/\/educaredigital.online\/loja\/wp-json\/wp\/v2\/media\/8009"}],"wp:attachment":[{"href":"https:\/\/educaredigital.online\/loja\/wp-json\/wp\/v2\/media?parent=8010"}],"wp:term":[{"taxonomy":"product_brand","embeddable":true,"href":"https:\/\/educaredigital.online\/loja\/wp-json\/wp\/v2\/product_brand?post=8010"},{"taxonomy":"product_cat","embeddable":true,"href":"https:\/\/educaredigital.online\/loja\/wp-json\/wp\/v2\/product_cat?post=8010"},{"taxonomy":"product_tag","embeddable":true,"href":"https:\/\/educaredigital.online\/loja\/wp-json\/wp\/v2\/product_tag?post=8010"}],"curies":[{"name":"wp","href":"https:\/\/api.w.org\/{rel}","templated":true}]}}