{"id":8008,"date":"2026-04-10T19:29:05","date_gmt":"2026-04-10T19:29:05","guid":{"rendered":"https:\/\/educaredigital.online\/loja\/produto\/diario-de-um-banana-17\/"},"modified":"2026-04-14T17:32:16","modified_gmt":"2026-04-14T17:32:16","slug":"diario-de-um-banana-17","status":"publish","type":"product","link":"https:\/\/educaredigital.online\/loja\/produto\/diario-de-um-banana-17\/","title":{"rendered":"Di\u00e1rio De Um Banana 17 &#8211; Fr\u00e4wda Megaxeia"},"content":{"rendered":"<p><strong>O Di\u00e1rio de Um Banana 17 \u2013 Fr\u00e4wda Megaxeia<\/strong> (no original, Diper \u00d6verl\u00f6de) acompanha Greg Heffley em sua tentativa de ficar famoso ao se juntar \u00e0 banda de heavy metal de seu irm\u00e3o Rodrick, a Fr\u00e4wda Xeia . Publicado em outubro de 2022, o livro mostra Greg como assistente (e roadie) da banda, que enfrenta noites sem fim, cach\u00eas inexistentes e muitas brigas entre os integrantes .<\/p>\n<p>Entre apresenta\u00e7\u00f5es desastrosas, shows em telhados e a busca desesperada por qualquer tipo de fama, Greg descobre que o caminho para o estrelato \u00e9 bem mais complicado do que imaginava.<\/p>\n<table class=\"product-details-table\">\n<tbody>\n<tr>\n<td>Autor<\/td>\n<td>Jeff Kinney<\/td>\n<\/tr>\n<tr>\n<td>Tradutor<\/td>\n<td>Alexandre Boide<\/td>\n<\/tr>\n<tr>\n<td>ISBN<\/td>\n<td>9788550703633<\/td>\n<\/tr>\n<tr>\n<td>Editora<\/td>\n<td>VR Editora<\/td>\n<\/tr>\n<tr>\n<td>N\u00ba de p\u00e1ginas<\/td>\n<td>224<\/td>\n<\/tr>\n<\/tbody>\n<\/table>\n","protected":false},"excerpt":{"rendered":"<p>O Di\u00e1rio de Um Banana 17 \u2013 Fr\u00e4wda Megaxeia (no original, Diper \u00d6verl\u00f6de) acompanha Greg Heffley em sua tentativa de ficar famoso ao se juntar \u00e0 banda de heavy metal de seu irm\u00e3o Rodrick, a Fr\u00e4wda Xeia . Publicado em<\/p>\n","protected":false},"featured_media":8007,"comment_status":"open","ping_status":"closed","template":"","meta":[],"product_brand":[],"product_cat":[205],"product_tag":[],"class_list":{"0":"post-8008","1":"product","2":"type-product","3":"status-publish","6":"product_cat-fundamental-4-ao-5","8":"first","9":"instock","10":"shipping-taxable","11":"purchasable","12":"product-type-simple"},"_links":{"self":[{"href":"https:\/\/educaredigital.online\/loja\/wp-json\/wp\/v2\/product\/8008","targetHints":{"allow":["GET"]}}],"collection":[{"href":"https:\/\/educaredigital.online\/loja\/wp-json\/wp\/v2\/product"}],"about":[{"href":"https:\/\/educaredigital.online\/loja\/wp-json\/wp\/v2\/types\/product"}],"replies":[{"embeddable":true,"href":"https:\/\/educaredigital.online\/loja\/wp-json\/wp\/v2\/comments?post=8008"}],"wp:featuredmedia":[{"embeddable":true,"href":"https:\/\/educaredigital.online\/loja\/wp-json\/wp\/v2\/media\/8007"}],"wp:attachment":[{"href":"https:\/\/educaredigital.online\/loja\/wp-json\/wp\/v2\/media?parent=8008"}],"wp:term":[{"taxonomy":"product_brand","embeddable":true,"href":"https:\/\/educaredigital.online\/loja\/wp-json\/wp\/v2\/product_brand?post=8008"},{"taxonomy":"product_cat","embeddable":true,"href":"https:\/\/educaredigital.online\/loja\/wp-json\/wp\/v2\/product_cat?post=8008"},{"taxonomy":"product_tag","embeddable":true,"href":"https:\/\/educaredigital.online\/loja\/wp-json\/wp\/v2\/product_tag?post=8008"}],"curies":[{"name":"wp","href":"https:\/\/api.w.org\/{rel}","templated":true}]}}