{"id":8006,"date":"2026-04-10T19:29:04","date_gmt":"2026-04-10T19:29:04","guid":{"rendered":"https:\/\/educaredigital.online\/loja\/produto\/diario-de-um-banana-16\/"},"modified":"2026-04-14T17:31:52","modified_gmt":"2026-04-14T17:31:52","slug":"diario-de-um-banana-16","status":"publish","type":"product","link":"https:\/\/educaredigital.online\/loja\/produto\/diario-de-um-banana-16\/","title":{"rendered":"Di\u00e1rio De Um Banana 16 &#8211; Bola Fora"},"content":{"rendered":"<div class=\"details-table-wrapper\">\n<p class=\"ds-markdown-paragraph\"><strong>Di\u00e1rio de Um Banana 16 \u2013 Bola Fora<\/strong> \u00e9 o d\u00e9cimo sexto volume da s\u00e9rie, onde Greg Heffley decide se aposentar dos esportes ap\u00f3s um desastre na competi\u00e7\u00e3o escolar. Incentivado por sua m\u00e3e, ele se inscreve relutantemente nos testes de basquete e acaba conseguindo uma vaga no pior time da liga.<\/p>\n<p class=\"ds-markdown-paragraph\">Enquanto Greg e seus novos companheiros enfrentam uma temporada dif\u00edcil, o lance decisivo cai em suas m\u00e3os. O livro aborda de forma divertida temas como perseveran\u00e7a e trabalho em equipe, mostrando que no esporte tudo pode acontecer.<\/p>\n<table class=\"product-details-table\">\n<tbody>\n<tr>\n<td>Autor<\/td>\n<td>Jeff Kinney<\/td>\n<\/tr>\n<tr>\n<td>Tradutor<\/td>\n<td>Alexandre Boide<\/td>\n<\/tr>\n<tr>\n<td>ISBN<\/td>\n<td>9786586070620<\/td>\n<\/tr>\n<tr>\n<td>Editora<\/td>\n<td>VR Editora<\/td>\n<\/tr>\n<tr>\n<td>N\u00ba de p\u00e1ginas<\/td>\n<td>224<\/td>\n<\/tr>\n<\/tbody>\n<\/table>\n<\/div>\n","protected":false},"excerpt":{"rendered":"<p>Di\u00e1rio de Um Banana 16 \u2013 Bola Fora \u00e9 o d\u00e9cimo sexto volume da s\u00e9rie, onde Greg Heffley decide se aposentar dos esportes ap\u00f3s um desastre na competi\u00e7\u00e3o escolar. Incentivado por sua m\u00e3e, ele se inscreve relutantemente nos testes de<\/p>\n","protected":false},"featured_media":8005,"comment_status":"open","ping_status":"closed","template":"","meta":[],"product_brand":[],"product_cat":[205],"product_tag":[],"class_list":{"0":"post-8006","1":"product","2":"type-product","3":"status-publish","6":"product_cat-fundamental-4-ao-5","8":"first","9":"instock","10":"shipping-taxable","11":"purchasable","12":"product-type-simple"},"_links":{"self":[{"href":"https:\/\/educaredigital.online\/loja\/wp-json\/wp\/v2\/product\/8006","targetHints":{"allow":["GET"]}}],"collection":[{"href":"https:\/\/educaredigital.online\/loja\/wp-json\/wp\/v2\/product"}],"about":[{"href":"https:\/\/educaredigital.online\/loja\/wp-json\/wp\/v2\/types\/product"}],"replies":[{"embeddable":true,"href":"https:\/\/educaredigital.online\/loja\/wp-json\/wp\/v2\/comments?post=8006"}],"wp:featuredmedia":[{"embeddable":true,"href":"https:\/\/educaredigital.online\/loja\/wp-json\/wp\/v2\/media\/8005"}],"wp:attachment":[{"href":"https:\/\/educaredigital.online\/loja\/wp-json\/wp\/v2\/media?parent=8006"}],"wp:term":[{"taxonomy":"product_brand","embeddable":true,"href":"https:\/\/educaredigital.online\/loja\/wp-json\/wp\/v2\/product_brand?post=8006"},{"taxonomy":"product_cat","embeddable":true,"href":"https:\/\/educaredigital.online\/loja\/wp-json\/wp\/v2\/product_cat?post=8006"},{"taxonomy":"product_tag","embeddable":true,"href":"https:\/\/educaredigital.online\/loja\/wp-json\/wp\/v2\/product_tag?post=8006"}],"curies":[{"name":"wp","href":"https:\/\/api.w.org\/{rel}","templated":true}]}}