{"id":8004,"date":"2026-04-10T19:29:02","date_gmt":"2026-04-10T19:29:02","guid":{"rendered":"https:\/\/educaredigital.online\/loja\/produto\/diario-de-um-banana-5-volumes-do-11-ao-15\/"},"modified":"2026-04-14T17:30:21","modified_gmt":"2026-04-14T17:30:21","slug":"diario-de-um-banana-5-volumes-do-11-ao-15","status":"publish","type":"product","link":"https:\/\/educaredigital.online\/loja\/produto\/diario-de-um-banana-5-volumes-do-11-ao-15\/","title":{"rendered":"Di\u00e1rio De Um Banana &#8211; 5 volumes (do 11 ao 15)"},"content":{"rendered":"<div class=\"details-table-wrapper\">\n<p class=\"ds-markdown-paragraph\">O\u00a0<strong>Box Di\u00e1rio de Um Banana \u2013 volumes 11 ao 15<\/strong>\u00a0re\u00fane os t\u00edtulos\u00a0<em>Double Down<\/em>,\u00a0<em>The Getaway<\/em>,\u00a0<em>The Meltdown<\/em>,\u00a0<em>Wrecking Ball<\/em>\u00a0e\u00a0<em>The Deep End<\/em>. A s\u00e9rie continua acompanhando as atrapalhadas e divertidas aventuras de Greg Heffley pelo ensino fundamental.<\/p>\n<p class=\"ds-markdown-paragraph\">Com linguagem acess\u00edvel e ilustra\u00e7\u00f5es hil\u00e1rias, a cole\u00e7\u00e3o \u00e9 ideal para crian\u00e7as a partir de 8 anos. Perfeita para presentear e estimular o h\u00e1bito da leitura nos pequenos.<\/p>\n<table class=\"product-details-table\">\n<tbody>\n<tr>\n<td>Autor<\/td>\n<td>Jeff Kinney<\/td>\n<\/tr>\n<tr>\n<td>Tradutor<\/td>\n<td>Alexandre Boide<\/td>\n<\/tr>\n<tr>\n<td>ISBN<\/td>\n<td>7898383591375<\/td>\n<\/tr>\n<tr>\n<td>Editora<\/td>\n<td>VR Editora<\/td>\n<\/tr>\n<tr>\n<td>5 t\u00edtulos<\/td>\n<td>Vai ou Racha, Apertem os Cintos, Batalha\u00a0Neval, Quebra Tudo e Vai Fundo<\/td>\n<\/tr>\n<\/tbody>\n<\/table>\n<\/div>\n","protected":false},"excerpt":{"rendered":"<p>O\u00a0Box Di\u00e1rio de Um Banana \u2013 volumes 11 ao 15\u00a0re\u00fane os t\u00edtulos\u00a0Double Down,\u00a0The Getaway,\u00a0The Meltdown,\u00a0Wrecking Ball\u00a0e\u00a0The Deep End. A s\u00e9rie continua acompanhando as atrapalhadas e divertidas aventuras de Greg Heffley pelo ensino fundamental. Com linguagem acess\u00edvel e ilustra\u00e7\u00f5es hil\u00e1rias, a<\/p>\n","protected":false},"featured_media":8003,"comment_status":"open","ping_status":"closed","template":"","meta":[],"product_brand":[],"product_cat":[205],"product_tag":[],"class_list":{"0":"post-8004","1":"product","2":"type-product","3":"status-publish","6":"product_cat-fundamental-4-ao-5","8":"first","9":"instock","10":"shipping-taxable","11":"purchasable","12":"product-type-simple"},"_links":{"self":[{"href":"https:\/\/educaredigital.online\/loja\/wp-json\/wp\/v2\/product\/8004","targetHints":{"allow":["GET"]}}],"collection":[{"href":"https:\/\/educaredigital.online\/loja\/wp-json\/wp\/v2\/product"}],"about":[{"href":"https:\/\/educaredigital.online\/loja\/wp-json\/wp\/v2\/types\/product"}],"replies":[{"embeddable":true,"href":"https:\/\/educaredigital.online\/loja\/wp-json\/wp\/v2\/comments?post=8004"}],"wp:featuredmedia":[{"embeddable":true,"href":"https:\/\/educaredigital.online\/loja\/wp-json\/wp\/v2\/media\/8003"}],"wp:attachment":[{"href":"https:\/\/educaredigital.online\/loja\/wp-json\/wp\/v2\/media?parent=8004"}],"wp:term":[{"taxonomy":"product_brand","embeddable":true,"href":"https:\/\/educaredigital.online\/loja\/wp-json\/wp\/v2\/product_brand?post=8004"},{"taxonomy":"product_cat","embeddable":true,"href":"https:\/\/educaredigital.online\/loja\/wp-json\/wp\/v2\/product_cat?post=8004"},{"taxonomy":"product_tag","embeddable":true,"href":"https:\/\/educaredigital.online\/loja\/wp-json\/wp\/v2\/product_tag?post=8004"}],"curies":[{"name":"wp","href":"https:\/\/api.w.org\/{rel}","templated":true}]}}