{"id":8002,"date":"2026-04-10T19:28:59","date_gmt":"2026-04-10T19:28:59","guid":{"rendered":"https:\/\/educaredigital.online\/loja\/produto\/box-diario-de-um-banana-10-volumes\/"},"modified":"2026-04-14T17:29:53","modified_gmt":"2026-04-14T17:29:53","slug":"box-diario-de-um-banana-10-volumes","status":"publish","type":"product","link":"https:\/\/educaredigital.online\/loja\/produto\/box-diario-de-um-banana-10-volumes\/","title":{"rendered":"Box Di\u00e1rio De Um Banana &#8211; 10 volumes"},"content":{"rendered":"<p><strong>O Box Di\u00e1rio de um Banana \u2013 10 volumes<\/strong> re\u00fane os primeiros livros da s\u00e9rie de maior sucesso de Jeff Kinney, seguindo as atrapalhadas aventuras de Greg Heffley no ensino fundamental. Com linguagem acess\u00edvel e ilustra\u00e7\u00f5es divertidas, a cole\u00e7\u00e3o \u00e9 ideal para crian\u00e7as a partir de 10 anos, totalizando 2.240 p\u00e1ginas.<\/p>\n<p>A edi\u00e7\u00e3o de colecionador vem em uma caixa especial e inclui um p\u00f4ster exclusivo, sendo publicada no Brasil pela Vergara &amp; Riba\/VR Editora. Perfeita para presentear e estimular o h\u00e1bito da leitura nos pequenos.<\/p>\n<div class=\"details-table-wrapper\">\n<table class=\"product-details-table\">\n<tbody>\n<tr>\n<td>Autor<\/td>\n<td>Jeff Kinney<\/td>\n<\/tr>\n<tr>\n<td>Tradutor<\/td>\n<td>Alexandre Boide e Antonio de Macedo Soares<\/td>\n<\/tr>\n<tr>\n<td>ISBN<\/td>\n<td>7898383591078<\/td>\n<\/tr>\n<tr>\n<td>Editora<\/td>\n<td>VR Editora<\/td>\n<\/tr>\n<\/tbody>\n<\/table>\n<\/div>\n","protected":false},"excerpt":{"rendered":"<p>O Box Di\u00e1rio de um Banana \u2013 10 volumes re\u00fane os primeiros livros da s\u00e9rie de maior sucesso de Jeff Kinney, seguindo as atrapalhadas aventuras de Greg Heffley no ensino fundamental. Com linguagem acess\u00edvel e ilustra\u00e7\u00f5es divertidas, a cole\u00e7\u00e3o \u00e9<\/p>\n","protected":false},"featured_media":8001,"comment_status":"open","ping_status":"closed","template":"","meta":[],"product_brand":[],"product_cat":[205],"product_tag":[],"class_list":{"0":"post-8002","1":"product","2":"type-product","3":"status-publish","6":"product_cat-fundamental-4-ao-5","8":"first","9":"instock","10":"shipping-taxable","11":"purchasable","12":"product-type-simple"},"_links":{"self":[{"href":"https:\/\/educaredigital.online\/loja\/wp-json\/wp\/v2\/product\/8002","targetHints":{"allow":["GET"]}}],"collection":[{"href":"https:\/\/educaredigital.online\/loja\/wp-json\/wp\/v2\/product"}],"about":[{"href":"https:\/\/educaredigital.online\/loja\/wp-json\/wp\/v2\/types\/product"}],"replies":[{"embeddable":true,"href":"https:\/\/educaredigital.online\/loja\/wp-json\/wp\/v2\/comments?post=8002"}],"wp:featuredmedia":[{"embeddable":true,"href":"https:\/\/educaredigital.online\/loja\/wp-json\/wp\/v2\/media\/8001"}],"wp:attachment":[{"href":"https:\/\/educaredigital.online\/loja\/wp-json\/wp\/v2\/media?parent=8002"}],"wp:term":[{"taxonomy":"product_brand","embeddable":true,"href":"https:\/\/educaredigital.online\/loja\/wp-json\/wp\/v2\/product_brand?post=8002"},{"taxonomy":"product_cat","embeddable":true,"href":"https:\/\/educaredigital.online\/loja\/wp-json\/wp\/v2\/product_cat?post=8002"},{"taxonomy":"product_tag","embeddable":true,"href":"https:\/\/educaredigital.online\/loja\/wp-json\/wp\/v2\/product_tag?post=8002"}],"curies":[{"name":"wp","href":"https:\/\/api.w.org\/{rel}","templated":true}]}}